{"id":4121,"date":"2024-03-18T12:47:08","date_gmt":"2024-03-18T11:47:08","guid":{"rendered":"https:\/\/esla.crealogica.eu\/?post_type=product&#038;p=4121"},"modified":"2024-04-30T11:12:39","modified_gmt":"2024-04-30T09:12:39","slug":"a1606-sistema-transporte-abatible-ancho-600-rueda-150-200-series-10100-y-10105","status":"publish","type":"product","link":"https:\/\/www.esla.eu\/es\/productos\/accesorios\/sistema-transporte\/a1606-sistema-transporte-abatible-ancho-600-rueda-150-200-series-10100-y-10105\/","title":{"rendered":"A1606 Sistema transporte abatible ancho 600 rueda 150\/200 &#8211; Series 10100 y 10105"},"content":{"rendered":"<p>Sistema de transporte plegable para series 10100 y 10105<\/p>\n<p>Equipada con manijas que al bajar elevan la plataforma dej\u00e1ndola suspendida sobre ruedas para desplazarla. Cuando te detienes y los sueltas, la plataforma vuelve a la posici\u00f3n inicial apoyada en sus pies.<\/p>\n<p>Hay 2 c\u00f3digos seg\u00fan el modelo de plataforma.<\/p>\n","protected":false},"excerpt":{"rendered":"<p>Sistema de transporte plegable para series 10100 y 10105 Equipada con manijas que al bajar elevan la plataforma dej\u00e1ndola suspendida sobre ruedas para desplazarla. Cuando te detienes y los sueltas, la plataforma vuelve a la posici\u00f3n inicial apoyada en sus pies. Hay 2 c\u00f3digos seg\u00fan el modelo de plataforma.<\/p>\n","protected":false},"featured_media":4122,"template":"","meta":{"inline_featured_image":false},"product_brand":[],"product_cat":[148],"product_tag":[],"class_list":{"0":"post-4121","1":"product","2":"type-product","3":"status-publish","4":"has-post-thumbnail","6":"product_cat-sistema-transporte","8":"first","9":"instock","10":"shipping-taxable","11":"product-type-simple"},"_links":{"self":[{"href":"https:\/\/www.esla.eu\/es\/wp-json\/wp\/v2\/product\/4121","targetHints":{"allow":["GET"]}}],"collection":[{"href":"https:\/\/www.esla.eu\/es\/wp-json\/wp\/v2\/product"}],"about":[{"href":"https:\/\/www.esla.eu\/es\/wp-json\/wp\/v2\/types\/product"}],"wp:featuredmedia":[{"embeddable":true,"href":"https:\/\/www.esla.eu\/es\/wp-json\/wp\/v2\/media\/4122"}],"wp:attachment":[{"href":"https:\/\/www.esla.eu\/es\/wp-json\/wp\/v2\/media?parent=4121"}],"wp:term":[{"taxonomy":"product_brand","embeddable":true,"href":"https:\/\/www.esla.eu\/es\/wp-json\/wp\/v2\/product_brand?post=4121"},{"taxonomy":"product_cat","embeddable":true,"href":"https:\/\/www.esla.eu\/es\/wp-json\/wp\/v2\/product_cat?post=4121"},{"taxonomy":"product_tag","embeddable":true,"href":"https:\/\/www.esla.eu\/es\/wp-json\/wp\/v2\/product_tag?post=4121"}],"curies":[{"name":"wp","href":"https:\/\/api.w.org\/{rel}","templated":true}]}}