{"id":4140,"date":"2024-03-18T12:53:50","date_gmt":"2024-03-18T11:53:50","guid":{"rendered":"https:\/\/esla.crealogica.eu\/?post_type=product&#038;p=4140"},"modified":"2024-03-18T12:53:51","modified_gmt":"2024-03-18T11:53:51","slug":"51528-juego-sujecion-escalera-en-canalones-utilizable-en-todos-los-modelos-de-escaleras-portatiles-de-aluminio-apoyables-y-extensibles","status":"publish","type":"product","link":"https:\/\/www.esla.eu\/es\/productos\/accesorios\/sujecion-ganchos\/51528-juego-sujecion-escalera-en-canalones-utilizable-en-todos-los-modelos-de-escaleras-portatiles-de-aluminio-apoyables-y-extensibles\/","title":{"rendered":"51528 &#8211; Juego sujeci\u00f3n escalera en canalones &#8211; Utilizable en todos los modelos de escaleras port\u00e1tiles de aluminio apoyables y extensibles"},"content":{"rendered":"<p>Juego sujeci\u00f3n escalera en canalones conforme la norma DIN 18461<\/p>\n<p>Utilizable en todos los modelos de escaleras port\u00e1tiles de aluminio apoyables y extensibles<\/p>\n<p>La funda de las pinzas es en PVC y protege los canalones de posibles golpes<\/p>\n","protected":false},"excerpt":{"rendered":"<p>Juego sujeci\u00f3n escalera en canalones conforme la norma DIN 18461 Utilizable en todos los modelos de escaleras port\u00e1tiles de aluminio apoyables y extensibles La funda de las pinzas es en PVC y protege los canalones de posibles golpes<\/p>\n","protected":false},"featured_media":4141,"template":"","meta":{"inline_featured_image":false},"product_brand":[],"product_cat":[149],"product_tag":[],"class_list":{"0":"post-4140","1":"product","2":"type-product","3":"status-publish","4":"has-post-thumbnail","6":"product_cat-sujecion-ganchos","8":"first","9":"instock","10":"shipping-taxable","11":"product-type-simple"},"_links":{"self":[{"href":"https:\/\/www.esla.eu\/es\/wp-json\/wp\/v2\/product\/4140","targetHints":{"allow":["GET"]}}],"collection":[{"href":"https:\/\/www.esla.eu\/es\/wp-json\/wp\/v2\/product"}],"about":[{"href":"https:\/\/www.esla.eu\/es\/wp-json\/wp\/v2\/types\/product"}],"wp:featuredmedia":[{"embeddable":true,"href":"https:\/\/www.esla.eu\/es\/wp-json\/wp\/v2\/media\/4141"}],"wp:attachment":[{"href":"https:\/\/www.esla.eu\/es\/wp-json\/wp\/v2\/media?parent=4140"}],"wp:term":[{"taxonomy":"product_brand","embeddable":true,"href":"https:\/\/www.esla.eu\/es\/wp-json\/wp\/v2\/product_brand?post=4140"},{"taxonomy":"product_cat","embeddable":true,"href":"https:\/\/www.esla.eu\/es\/wp-json\/wp\/v2\/product_cat?post=4140"},{"taxonomy":"product_tag","embeddable":true,"href":"https:\/\/www.esla.eu\/es\/wp-json\/wp\/v2\/product_tag?post=4140"}],"curies":[{"name":"wp","href":"https:\/\/api.w.org\/{rel}","templated":true}]}}