{"id":4146,"date":"2024-03-18T12:55:23","date_gmt":"2024-03-18T11:55:23","guid":{"rendered":"https:\/\/esla.crealogica.eu\/?post_type=product&#038;p=4146"},"modified":"2024-03-18T12:55:24","modified_gmt":"2024-03-18T11:55:24","slug":"54008-gancho-para-cubos-utilizable-en-todos-los-modelos-de-escaleras-portatiles-con-escalon-de-30-mm","status":"publish","type":"product","link":"https:\/\/www.esla.eu\/es\/productos\/accesorios\/sujecion-ganchos\/54008-gancho-para-cubos-utilizable-en-todos-los-modelos-de-escaleras-portatiles-con-escalon-de-30-mm\/","title":{"rendered":"54008 &#8211; Gancho para cubos &#8211; Utilizable en todos los modelos de escaleras port\u00e1tiles con escal\u00f3n de 30 mm."},"content":{"rendered":"<p>Gancho para cubos<\/p>\n<p>Utilizable en todos los modelos de escaleras port\u00e1tiles con pelda\u00f1o de 30 mm.<\/p>\n<p>Carga m\u00e1xima 25 kilos<\/p>\n","protected":false},"excerpt":{"rendered":"<p>Gancho para cubos Utilizable en todos los modelos de escaleras port\u00e1tiles con pelda\u00f1o de 30 mm. Carga m\u00e1xima 25 kilos<\/p>\n","protected":false},"featured_media":4147,"template":"","meta":{"inline_featured_image":false},"product_brand":[],"product_cat":[149],"product_tag":[],"class_list":{"0":"post-4146","1":"product","2":"type-product","3":"status-publish","4":"has-post-thumbnail","6":"product_cat-sujecion-ganchos","8":"first","9":"instock","10":"shipping-taxable","11":"product-type-simple"},"_links":{"self":[{"href":"https:\/\/www.esla.eu\/es\/wp-json\/wp\/v2\/product\/4146","targetHints":{"allow":["GET"]}}],"collection":[{"href":"https:\/\/www.esla.eu\/es\/wp-json\/wp\/v2\/product"}],"about":[{"href":"https:\/\/www.esla.eu\/es\/wp-json\/wp\/v2\/types\/product"}],"wp:featuredmedia":[{"embeddable":true,"href":"https:\/\/www.esla.eu\/es\/wp-json\/wp\/v2\/media\/4147"}],"wp:attachment":[{"href":"https:\/\/www.esla.eu\/es\/wp-json\/wp\/v2\/media?parent=4146"}],"wp:term":[{"taxonomy":"product_brand","embeddable":true,"href":"https:\/\/www.esla.eu\/es\/wp-json\/wp\/v2\/product_brand?post=4146"},{"taxonomy":"product_cat","embeddable":true,"href":"https:\/\/www.esla.eu\/es\/wp-json\/wp\/v2\/product_cat?post=4146"},{"taxonomy":"product_tag","embeddable":true,"href":"https:\/\/www.esla.eu\/es\/wp-json\/wp\/v2\/product_tag?post=4146"}],"curies":[{"name":"wp","href":"https:\/\/api.w.org\/{rel}","templated":true}]}}