{"id":5060,"date":"2024-04-02T08:37:53","date_gmt":"2024-04-02T06:37:53","guid":{"rendered":"https:\/\/esla.crealogica.eu\/?post_type=product&#038;p=5060"},"modified":"2024-04-02T08:37:54","modified_gmt":"2024-04-02T06:37:54","slug":"a03020000-cadena-proteccion-dorsal-series-10100-10103-10105-10200-10205","status":"publish","type":"product","link":"https:\/\/www.esla.eu\/es\/productos\/accesorios\/complementos\/a03020000-cadena-proteccion-dorsal-series-10100-10103-10105-10200-10205\/","title":{"rendered":"A03020000 &#8211; Cadena protecci\u00f3n dorsal &#8211; Series 10100 10103 10105 10200 10205"},"content":{"rendered":"<p>Juego protecci\u00f3n cadena dorsal.<\/p>\n<p>Accesorio \u00fatil para proteger la zona de trabajo en la plataforma y evitar el riesgo de ca\u00edda.<\/p>\n<p>Series 10100-10103-10105-10200-10205<\/p>\n","protected":false},"excerpt":{"rendered":"<p>Juego protecci\u00f3n cadena dorsal. Accesorio \u00fatil para proteger la zona de trabajo en la plataforma y evitar el riesgo de ca\u00edda. Series 10100-10103-10105-10200-10205<\/p>\n","protected":false},"featured_media":0,"template":"","meta":{"inline_featured_image":false},"product_brand":[],"product_cat":[150],"product_tag":[],"class_list":{"0":"post-5060","1":"product","2":"type-product","3":"status-publish","5":"product_cat-complementos","7":"first","8":"instock","9":"shipping-taxable","10":"product-type-simple"},"_links":{"self":[{"href":"https:\/\/www.esla.eu\/es\/wp-json\/wp\/v2\/product\/5060","targetHints":{"allow":["GET"]}}],"collection":[{"href":"https:\/\/www.esla.eu\/es\/wp-json\/wp\/v2\/product"}],"about":[{"href":"https:\/\/www.esla.eu\/es\/wp-json\/wp\/v2\/types\/product"}],"wp:attachment":[{"href":"https:\/\/www.esla.eu\/es\/wp-json\/wp\/v2\/media?parent=5060"}],"wp:term":[{"taxonomy":"product_brand","embeddable":true,"href":"https:\/\/www.esla.eu\/es\/wp-json\/wp\/v2\/product_brand?post=5060"},{"taxonomy":"product_cat","embeddable":true,"href":"https:\/\/www.esla.eu\/es\/wp-json\/wp\/v2\/product_cat?post=5060"},{"taxonomy":"product_tag","embeddable":true,"href":"https:\/\/www.esla.eu\/es\/wp-json\/wp\/v2\/product_tag?post=5060"}],"curies":[{"name":"wp","href":"https:\/\/api.w.org\/{rel}","templated":true}]}}