{"id":5080,"date":"2024-04-02T08:47:01","date_gmt":"2024-04-02T06:47:01","guid":{"rendered":"https:\/\/esla.crealogica.eu\/?post_type=product&#038;p=5080"},"modified":"2024-04-02T08:47:02","modified_gmt":"2024-04-02T06:47:02","slug":"54835-juego-suspension-apto-para-ganchos-de-suspension-30-60-100-mm","status":"publish","type":"product","link":"https:\/\/www.esla.eu\/es\/productos\/accesorios\/complementos\/54835-juego-suspension-apto-para-ganchos-de-suspension-30-60-100-mm\/","title":{"rendered":"54835 &#8211; Juego suspensi\u00f3n &#8211; Apto para ganchos de suspensi\u00f3n 30-60-100 mm"},"content":{"rendered":"<p>Juego suspensi\u00f3n<\/p>\n<p>Apto para ganchos de suspensi\u00f3n 30-60-100 mm<\/p>\n<p>Placa de fijaci\u00f3n 93 mm<\/p>\n","protected":false},"excerpt":{"rendered":"<p>Juego suspensi\u00f3n Apto para ganchos de suspensi\u00f3n 30-60-100 mm Placa de fijaci\u00f3n 93 mm<\/p>\n","protected":false},"featured_media":5081,"template":"","meta":{"inline_featured_image":false},"product_brand":[],"product_cat":[150],"product_tag":[],"class_list":{"0":"post-5080","1":"product","2":"type-product","3":"status-publish","4":"has-post-thumbnail","6":"product_cat-complementos","8":"first","9":"instock","10":"shipping-taxable","11":"product-type-simple"},"_links":{"self":[{"href":"https:\/\/www.esla.eu\/es\/wp-json\/wp\/v2\/product\/5080","targetHints":{"allow":["GET"]}}],"collection":[{"href":"https:\/\/www.esla.eu\/es\/wp-json\/wp\/v2\/product"}],"about":[{"href":"https:\/\/www.esla.eu\/es\/wp-json\/wp\/v2\/types\/product"}],"wp:featuredmedia":[{"embeddable":true,"href":"https:\/\/www.esla.eu\/es\/wp-json\/wp\/v2\/media\/5081"}],"wp:attachment":[{"href":"https:\/\/www.esla.eu\/es\/wp-json\/wp\/v2\/media?parent=5080"}],"wp:term":[{"taxonomy":"product_brand","embeddable":true,"href":"https:\/\/www.esla.eu\/es\/wp-json\/wp\/v2\/product_brand?post=5080"},{"taxonomy":"product_cat","embeddable":true,"href":"https:\/\/www.esla.eu\/es\/wp-json\/wp\/v2\/product_cat?post=5080"},{"taxonomy":"product_tag","embeddable":true,"href":"https:\/\/www.esla.eu\/es\/wp-json\/wp\/v2\/product_tag?post=5080"}],"curies":[{"name":"wp","href":"https:\/\/api.w.org\/{rel}","templated":true}]}}