{"id":5121,"date":"2024-04-02T08:55:47","date_gmt":"2024-04-02T06:55:47","guid":{"rendered":"https:\/\/esla.crealogica.eu\/?post_type=product&#038;p=5121"},"modified":"2024-04-02T08:55:48","modified_gmt":"2024-04-02T06:55:48","slug":"54030-bolsa-herramientas-series-escaleras-portatiles-aluminio-con-peldanos-30-x-30-mm","status":"publish","type":"product","link":"https:\/\/www.esla.eu\/es\/productos\/accesorios\/complementos\/54030-bolsa-herramientas-series-escaleras-portatiles-aluminio-con-peldanos-30-x-30-mm\/","title":{"rendered":"54030 &#8211; Bolsa herramientas &#8211; Series escaleras port\u00e1tiles aluminio con pelda\u00f1os 30 x 30 mm"},"content":{"rendered":"<p>Bolsa herramientas para escaleras port\u00e1tiles aluminio con pelda\u00f1os 30 x 30 mm<\/p>\n<p>Algod\u00f3n de alta calidad<\/p>\n<p>Estuche cerrado por los lados<\/p>\n<p>Auto montaje con velcro<\/p>\n","protected":false},"excerpt":{"rendered":"<p>Bolsa herramientas para escaleras port\u00e1tiles aluminio con pelda\u00f1os 30 x 30 mm Algod\u00f3n de alta calidad Estuche cerrado por los lados Auto montaje con velcro<\/p>\n","protected":false},"featured_media":5075,"template":"","meta":{"inline_featured_image":false},"product_brand":[],"product_cat":[150],"product_tag":[],"class_list":{"0":"post-5121","1":"product","2":"type-product","3":"status-publish","4":"has-post-thumbnail","6":"product_cat-complementos","8":"first","9":"instock","10":"shipping-taxable","11":"product-type-simple"},"_links":{"self":[{"href":"https:\/\/www.esla.eu\/es\/wp-json\/wp\/v2\/product\/5121","targetHints":{"allow":["GET"]}}],"collection":[{"href":"https:\/\/www.esla.eu\/es\/wp-json\/wp\/v2\/product"}],"about":[{"href":"https:\/\/www.esla.eu\/es\/wp-json\/wp\/v2\/types\/product"}],"wp:featuredmedia":[{"embeddable":true,"href":"https:\/\/www.esla.eu\/es\/wp-json\/wp\/v2\/media\/5075"}],"wp:attachment":[{"href":"https:\/\/www.esla.eu\/es\/wp-json\/wp\/v2\/media?parent=5121"}],"wp:term":[{"taxonomy":"product_brand","embeddable":true,"href":"https:\/\/www.esla.eu\/es\/wp-json\/wp\/v2\/product_brand?post=5121"},{"taxonomy":"product_cat","embeddable":true,"href":"https:\/\/www.esla.eu\/es\/wp-json\/wp\/v2\/product_cat?post=5121"},{"taxonomy":"product_tag","embeddable":true,"href":"https:\/\/www.esla.eu\/es\/wp-json\/wp\/v2\/product_tag?post=5121"}],"curies":[{"name":"wp","href":"https:\/\/api.w.org\/{rel}","templated":true}]}}