{"id":5174,"date":"2024-04-02T09:11:05","date_gmt":"2024-04-02T07:11:05","guid":{"rendered":"https:\/\/esla.crealogica.eu\/?post_type=product&#038;p=5174"},"modified":"2024-04-02T09:11:06","modified_gmt":"2024-04-02T07:11:06","slug":"a02010000-juego-ruedas-delanteras-freno-palanca-60-serie-10100","status":"publish","type":"product","link":"https:\/\/www.esla.eu\/es\/productos\/accesorios\/ruedas\/a02010000-juego-ruedas-delanteras-freno-palanca-60-serie-10100\/","title":{"rendered":"A02010000 &#8211; Juego Ruedas delanteras freno palanca 60 \u00b0 &#8211; Serie 10100"},"content":{"rendered":"<p>Conjunto 2 ruedas delanteras con freno de palanca<\/p>\n<p>Con su incorporaci\u00f3n la plataforma disfrutar\u00e1 de 4 ruedas.<\/p>\n<p>Las 2 de detr\u00e1s son guiadas para facilitar el desplazamiento, y estas son sin guiar permitiendo una mejor movilidad en todos los sentidos.<\/p>\n<p>Serie 10100<\/p>\n","protected":false},"excerpt":{"rendered":"<p>Conjunto 2 ruedas delanteras con freno de palanca Con su incorporaci\u00f3n la plataforma disfrutar\u00e1 de 4 ruedas. Las 2 de detr\u00e1s son guiadas para facilitar el desplazamiento, y estas son sin guiar permitiendo una mejor movilidad en todos los sentidos. Serie 10100<\/p>\n","protected":false},"featured_media":5175,"template":"","meta":{"inline_featured_image":false},"product_brand":[],"product_cat":[153],"product_tag":[],"class_list":{"0":"post-5174","1":"product","2":"type-product","3":"status-publish","4":"has-post-thumbnail","6":"product_cat-ruedas","8":"first","9":"instock","10":"shipping-taxable","11":"product-type-simple"},"_links":{"self":[{"href":"https:\/\/www.esla.eu\/es\/wp-json\/wp\/v2\/product\/5174","targetHints":{"allow":["GET"]}}],"collection":[{"href":"https:\/\/www.esla.eu\/es\/wp-json\/wp\/v2\/product"}],"about":[{"href":"https:\/\/www.esla.eu\/es\/wp-json\/wp\/v2\/types\/product"}],"wp:featuredmedia":[{"embeddable":true,"href":"https:\/\/www.esla.eu\/es\/wp-json\/wp\/v2\/media\/5175"}],"wp:attachment":[{"href":"https:\/\/www.esla.eu\/es\/wp-json\/wp\/v2\/media?parent=5174"}],"wp:term":[{"taxonomy":"product_brand","embeddable":true,"href":"https:\/\/www.esla.eu\/es\/wp-json\/wp\/v2\/product_brand?post=5174"},{"taxonomy":"product_cat","embeddable":true,"href":"https:\/\/www.esla.eu\/es\/wp-json\/wp\/v2\/product_cat?post=5174"},{"taxonomy":"product_tag","embeddable":true,"href":"https:\/\/www.esla.eu\/es\/wp-json\/wp\/v2\/product_tag?post=5174"}],"curies":[{"name":"wp","href":"https:\/\/api.w.org\/{rel}","templated":true}]}}