{"id":5499,"date":"2024-04-02T11:43:39","date_gmt":"2024-04-02T09:43:39","guid":{"rendered":"https:\/\/esla.crealogica.eu\/?post_type=product&#038;p=5499"},"modified":"2024-04-02T11:43:39","modified_gmt":"2024-04-02T09:43:39","slug":"a19000500-cadena-proteccion-salida-frontal-series-10100-10105-10103-10200-10205","status":"publish","type":"product","link":"https:\/\/www.esla.eu\/es\/productos\/accesorios\/puertas-salidas\/a19000500-cadena-proteccion-salida-frontal-series-10100-10105-10103-10200-10205\/","title":{"rendered":"A19000500 &#8211; Cadena protecci\u00f3n salida frontal &#8211; Series 10100 10105 10103 10200 10205"},"content":{"rendered":"<p>Cadena protecci\u00f3n salida frontal.<\/p>\n<p>Cuando se utiliza la plataforma para acceder a alg\u00fan lugar es necesario sustituir la barandilla frontal por un elemento que se\u00f1alice el riesgo de ca\u00edda. Las cadenas de protecci\u00f3n son un accesorio sencillo y eficiente.<\/p>\n<p>Series 10100-10103-10105-10200-10205<\/p>\n","protected":false},"excerpt":{"rendered":"<p>Cadena protecci\u00f3n salida frontal. Cuando se utiliza la plataforma para acceder a alg\u00fan lugar es necesario sustituir la barandilla frontal por un elemento que se\u00f1alice el riesgo de ca\u00edda. Las cadenas de protecci\u00f3n son un accesorio sencillo y eficiente. Series 10100-10103-10105-10200-10205<\/p>\n","protected":false},"featured_media":5500,"template":"","meta":{"inline_featured_image":false},"product_brand":[],"product_cat":[156],"product_tag":[],"class_list":{"0":"post-5499","1":"product","2":"type-product","3":"status-publish","4":"has-post-thumbnail","6":"product_cat-puertas-salidas","8":"first","9":"instock","10":"shipping-taxable","11":"product-type-simple"},"_links":{"self":[{"href":"https:\/\/www.esla.eu\/es\/wp-json\/wp\/v2\/product\/5499","targetHints":{"allow":["GET"]}}],"collection":[{"href":"https:\/\/www.esla.eu\/es\/wp-json\/wp\/v2\/product"}],"about":[{"href":"https:\/\/www.esla.eu\/es\/wp-json\/wp\/v2\/types\/product"}],"wp:featuredmedia":[{"embeddable":true,"href":"https:\/\/www.esla.eu\/es\/wp-json\/wp\/v2\/media\/5500"}],"wp:attachment":[{"href":"https:\/\/www.esla.eu\/es\/wp-json\/wp\/v2\/media?parent=5499"}],"wp:term":[{"taxonomy":"product_brand","embeddable":true,"href":"https:\/\/www.esla.eu\/es\/wp-json\/wp\/v2\/product_brand?post=5499"},{"taxonomy":"product_cat","embeddable":true,"href":"https:\/\/www.esla.eu\/es\/wp-json\/wp\/v2\/product_cat?post=5499"},{"taxonomy":"product_tag","embeddable":true,"href":"https:\/\/www.esla.eu\/es\/wp-json\/wp\/v2\/product_tag?post=5499"}],"curies":[{"name":"wp","href":"https:\/\/api.w.org\/{rel}","templated":true}]}}