{"id":8371,"date":"2024-02-28T08:54:18","date_gmt":"2024-02-28T07:54:18","guid":{"rendered":"https:\/\/esla.crealogica.eu\/politique-de-qualite\/"},"modified":"2024-05-28T19:31:09","modified_gmt":"2024-05-28T17:31:09","slug":"politique-de-qualite","status":"publish","type":"page","link":"https:\/\/www.esla.eu\/fr\/politique-de-qualite\/","title":{"rendered":"Politique de qualit\u00e9"},"content":{"rendered":"\n<p>La Politique Qualit\u00e9 d&#8217;ESLA comprend toutes les actions int\u00e9gr\u00e9es dans son Syst\u00e8me de Management de la Qualit\u00e9 et est d\u00e9finie comme suit :<\/p>\n\n<p><em>EUROPEAN SPECIAL LADDERS S.A. est une entreprise d\u00e9di\u00e9e au d\u00e9veloppement, \u00e0 la fabrication, \u00e0 l&#8217;installation et \u00e0 la vente d&#8217;\u00e9quipements d&#8217;acc\u00e8s, sp\u00e9cialis\u00e9e dans les produits sur mesure.<\/em><\/p>\n\n<p>Nous voulons que nos produits et services satisfassent nos clients et qu&#8217;ils trouvent en nous leur entreprise de confiance pour la conception et la fabrication, en aluminium et autres mat\u00e9riaux, d&#8217;escaliers, de plates-formes de travail, d&#8217;\u00e9chafaudages mobiles et de tout ce qui fait r\u00e9f\u00e9rence aux syst\u00e8mes de travail en hauteur. .<\/p>\n\n<p><em>Para ello, EUROPEAN SPECIAL LADDERS S.A engage \u00e0:<\/em><\/p>\n\n<ul class=\"wp-block-list\">\n<li>offrir des produits et services innovants, apporter des r\u00e9ponses agiles et des solutions personnalis\u00e9es au client, selon les besoins et les attentes de nos clients et d&#8217;autres groupes d&#8217;int\u00e9r\u00eat\u00a0;<\/li>\n\n\n\n<li>travailler toujours selon des crit\u00e8res d\u2019efficacit\u00e9 et d\u2019efficience \u00e9lev\u00e9s, et en mettant l\u2019accent sur l\u2019am\u00e9lioration continue.<\/li>\n\n\n\n<li>se conformer aux exigences l\u00e9gales et r\u00e9glementaires, ainsi qu&#8217;aux autres exigences ou engagements acquis<\/li>\n<\/ul>\n\n<p><em>EUROPEAN SPECIAL LADDERS S.A. d\u00e9finit cette politique de qualit\u00e9 comme un cadre pour \u00e9tablir des objectifs concrets et quantifiables, s&#8217;engageant \u00e0 se conformer, diffuser et assurer le respect par tous les travailleurs de l&#8217;organisation.<\/em><\/p>\n\n<p>ESLA Management d\u00e9finit sa Politique Qualit\u00e9 comme partie int\u00e9grante des lignes strat\u00e9giques de l&#8217;entreprise.<\/p>\n\n<p>Afin d&#8217;exprimer son engagement envers la qualit\u00e9, le syst\u00e8me de gestion de la qualit\u00e9 d&#8217;ESLA s&#8217;appuie sur la norme ISO 9001\u00a0:\u00a02015 \u00ab\u00a0Syst\u00e8mes de gestion de la qualit\u00e9 \u2013 Exigences\u00a0\u00bb. Pour confirmer que les exigences de cette norme sont respect\u00e9es, ESLA soumet volontairement son syst\u00e8me de gestion de la qualit\u00e9 au programme de certification d&#8217;une entit\u00e9 de certification accr\u00e9dit\u00e9e.<\/p>\n\n<div data-wp-interactive=\"core\/file\" class=\"wp-block-file\"><object data-wp-bind--hidden=\"!state.hasPdfPreview\" hidden class=\"wp-block-file__embed\" data=\"https:\/\/esla.crealogica.eu\/wp-content\/uploads\/2024\/02\/EN_ISO_90012015_ENG.pdf\" type=\"application\/pdf\" style=\"width:100%;height:600px\" aria-label=\"Contenu embarqu\u00e9 EN_ISO_90012015_ENG.\"><\/object><a id=\"wp-block-file--media-7c640688-963b-44c9-8ddd-3554ba934499\" href=\"https:\/\/esla.crealogica.eu\/wp-content\/uploads\/2024\/02\/EN_ISO_90012015_ENG.pdf\" rel=\"nofollow noopener\" target=\"_blank\">EN_ISO_90012015_ENG<\/a><a href=\"https:\/\/esla.crealogica.eu\/wp-content\/uploads\/2024\/02\/EN_ISO_90012015_ENG.pdf\" class=\"wp-block-file__button wp-element-button\" download=\"\" aria-describedby=\"wp-block-file--media-7c640688-963b-44c9-8ddd-3554ba934499\" rel=\"nofollow noopener\" target=\"_blank\">T\u00e9l\u00e9charger<\/a><\/div>\n\n<div style=\"height:100px\" aria-hidden=\"true\" class=\"wp-block-spacer\"><\/div>\n","protected":false},"excerpt":{"rendered":"<p>La Politique Qualit\u00e9 d&#8217;ESLA comprend toutes les actions int\u00e9gr\u00e9es dans son Syst\u00e8me de Management de la Qualit\u00e9 et est d\u00e9finie comme suit : EUROPEAN SPECIAL LADDERS S.A. est une entreprise d\u00e9di\u00e9e au d\u00e9veloppement, \u00e0 la fabrication, \u00e0 l&#8217;installation et \u00e0 la vente d&#8217;\u00e9quipements d&#8217;acc\u00e8s, sp\u00e9cialis\u00e9e dans les produits sur mesure. Nous voulons que nos produits [&hellip;]<\/p>\n","protected":false},"author":1,"featured_media":0,"parent":0,"menu_order":0,"comment_status":"closed","ping_status":"closed","template":"","meta":{"inline_featured_image":false,"footnotes":""},"class_list":["post-8371","page","type-page","status-publish","hentry"],"rttpg_featured_image_url":null,"rttpg_author":{"display_name":"crealogica","author_link":"https:\/\/www.esla.eu\/fr\/author\/crealogica\/"},"rttpg_comment":0,"rttpg_category":" <a href=\"https:\/\/www.esla.eu\/fr\/?taxonomy=translation_priority&#038;term=facultatif\" rel=\"tag\">Facultatif<\/a>","rttpg_excerpt":"La Politique Qualit\u00e9 d&#8217;ESLA comprend toutes les actions int\u00e9gr\u00e9es dans son Syst\u00e8me de Management de la Qualit\u00e9 et est d\u00e9finie comme suit : EUROPEAN SPECIAL LADDERS S.A. est une entreprise d\u00e9di\u00e9e au d\u00e9veloppement, \u00e0 la fabrication, \u00e0 l&#8217;installation et \u00e0 la vente d&#8217;\u00e9quipements d&#8217;acc\u00e8s, sp\u00e9cialis\u00e9e dans les produits sur mesure. Nous voulons que nos produits\u2026","_links":{"self":[{"href":"https:\/\/www.esla.eu\/fr\/wp-json\/wp\/v2\/pages\/8371","targetHints":{"allow":["GET"]}}],"collection":[{"href":"https:\/\/www.esla.eu\/fr\/wp-json\/wp\/v2\/pages"}],"about":[{"href":"https:\/\/www.esla.eu\/fr\/wp-json\/wp\/v2\/types\/page"}],"author":[{"embeddable":true,"href":"https:\/\/www.esla.eu\/fr\/wp-json\/wp\/v2\/users\/1"}],"replies":[{"embeddable":true,"href":"https:\/\/www.esla.eu\/fr\/wp-json\/wp\/v2\/comments?post=8371"}],"version-history":[{"count":1,"href":"https:\/\/www.esla.eu\/fr\/wp-json\/wp\/v2\/pages\/8371\/revisions"}],"predecessor-version":[{"id":8372,"href":"https:\/\/www.esla.eu\/fr\/wp-json\/wp\/v2\/pages\/8371\/revisions\/8372"}],"wp:attachment":[{"href":"https:\/\/www.esla.eu\/fr\/wp-json\/wp\/v2\/media?parent=8371"}],"curies":[{"name":"wp","href":"https:\/\/api.w.org\/{rel}","templated":true}]}}