{"id":8377,"date":"2024-02-28T08:52:41","date_gmt":"2024-02-28T07:52:41","guid":{"rendered":"https:\/\/esla.crealogica.eu\/politique-et-confidentialite\/"},"modified":"2024-05-28T19:30:41","modified_gmt":"2024-05-28T17:30:41","slug":"politique-et-confidentialite","status":"publish","type":"page","link":"https:\/\/www.esla.eu\/fr\/politique-et-confidentialite\/","title":{"rendered":"Politique et confidentialit\u00e9"},"content":{"rendered":"\n<h3 class=\"wp-block-heading\">Quelles informations collectons-nous?<\/h3>\n\n<p>Nous collectons des informations lorsque vous vous inscrivez sur notre site Web, passez une commande, vous abonnez \u00e0 notre newsletter ou remplissez un formulaire.<\/p>\n\n<p>Lors de votre commande ou de votre inscription sur notre site, selon le cas, il pourra vous \u00eatre demand\u00e9 de saisir votre nom, votre adresse email ou votre adresse postale. Cependant, vous pouvez visiter notre site Web de mani\u00e8re anonyme.<\/p>\n\n<h3 class=\"wp-block-heading\">Pourquoi utilisons-nous vos informations ?<\/h3>\n\n<p>Toute information que nous collectons peut \u00eatre utilis\u00e9e de l\u2019une des mani\u00e8res suivantes\u00a0:<\/p>\n\n<ul class=\"wp-block-list\">\n<li>Pour personnaliser votre exp\u00e9rience (vos informations nous aident \u00e0 mieux r\u00e9pondre \u00e0 vos besoins individuels)<\/li>\n\n\n\n<li>Am\u00e9liorer notre site Web (nous nous effor\u00e7ons continuellement d&#8217;am\u00e9liorer nos offres de sites Web en fonction des informations et des commentaires que nous recevons)<\/li>\n\n\n\n<li>Am\u00e9liorer le service client (vos informations nous aident \u00e0 r\u00e9pondre plus efficacement \u00e0 vos demandes de service client et \u00e0 vos besoins d&#8217;assistance)<\/li>\n\n\n\n<li>Pour traiter les transactions<\/li>\n<\/ul>\n\n<p>o Vos informations, qu&#8217;elles soient publiques ou priv\u00e9es, ne seront pas vendues, transmises, transf\u00e9r\u00e9es ou donn\u00e9es \u00e0 toute autre soci\u00e9t\u00e9 pour quelque raison que ce soit, sans votre consentement, autre que dans le but expr\u00e8s de livrer le produit ou le service uniquement \u00b7licit\u00e9.<\/p>\n\n<ul class=\"wp-block-list\">\n<li>Pour administrer un concours, une promotion, une enqu\u00eate ou toute autre fonctionnalit\u00e9 du site<\/li>\n\n\n\n<li>Pour envoyer des e-mails p\u00e9riodiques<\/li>\n<\/ul>\n\n<p>o L&#8217;adresse e-mail que vous fournissez pour le traitement de la commande peut \u00eatre utilis\u00e9e pour vous envoyer des informations et des mises \u00e0 jour relatives \u00e0 votre commande, en plus de recevoir occasionnellement des nouvelles de l&#8217;entreprise, des mises \u00e0 jour, des informations relatives aux produits ou services, etc.<\/p>\n\n<p>Remarque : A tout moment, vous pouvez vous d\u00e9sinscrire de ces communications directement, facilement et gratuitement.<\/p>\n\n<h3 class=\"wp-block-heading\">Comment prot\u00e9geons-nous vos informations?<\/h3>\n\n<p>Nous mettons en \u0153uvre diverses mesures de s\u00e9curit\u00e9 pour maintenir la s\u00e9curit\u00e9 de vos informations personnelles lorsque vous passez une commande ou saisissez, soumettez ou acc\u00e9dez \u00e0 vos informations personnelles.<\/p>\n\n<p>Nous proposons l&#8217;utilisation d&#8217;un serveur s\u00e9curis\u00e9. Toutes les informations confidentielles fournies sont transmises via la technologie Secure Socket Layer (SSL) et sont ensuite crypt\u00e9es dans les syst\u00e8mes des prestataires de services de paiement afin qu&#8217;elles ne soient accessibles que par les personnes autoris\u00e9es disposant de droits d&#8217;acc\u00e8s sp\u00e9ciaux \u00e0 ces syst\u00e8mes et sont toujours tenues de garder les informations confidentielles. .<\/p>\n\n<h3 class=\"wp-block-heading\">\u00bfUtilizamos cookies?<\/h3>\n\n<p>Oui (les cookies sont de petits fichiers qu&#8217;un site Web ou son fournisseur de services transf\u00e8re sur le disque dur de votre ordinateur via votre navigateur Web &#8211; si votre navigateur le permet &#8211; qui permettent aux sites ou aux fournisseurs de services de reconna\u00eetre le navigateur et de capturer et m\u00e9moriser certaines informations).<\/p>\n\n<p>Nous utilisons des cookies pour nous aider \u00e0 m\u00e9moriser et traiter les \u00e9l\u00e9ments de votre panier, \u00e0 comprendre et \u00e0 enregistrer vos pr\u00e9f\u00e9rences pour de futures visites et \u00e0 suivre les publicit\u00e9s.<\/p>\n\n<h3 class=\"wp-block-heading\">Devons-nous divulguer des informations \u00e0 des tiers ?<\/h3>\n\n<p>Nous ne vendons pas, n\u2019\u00e9changeons pas et ne transmettons pas vos informations personnelles \u00e0 des tiers. Cela n&#8217;inclut pas les tiers de confiance qui nous aident \u00e0 exploiter notre site Web, \u00e0 mener nos activit\u00e9s ou \u00e0 ex\u00e9cuter des commandes, \u00e0 condition que ces parties acceptent de garder ces informations confidentielles. Nous sommes \u00e9galement tenus de fournir vos informations si l&#8217;administration de la justice ou d&#8217;autres administrations gouvernementales l&#8217;exigent, ainsi que si nous sommes tenus de respecter nos politiques, la protection de nos droits ou des droits de tiers, de leur propri\u00e9t\u00e9 ou de leur s\u00e9curit\u00e9. Cependant, des informations non identifiantes sur les visiteurs peuvent \u00eatre fournies \u00e0 des tiers \u00e0 des fins de marketing, de publicit\u00e9 ou \u00e0 d&#8217;autres fins.<\/p>\n\n<h3 class=\"wp-block-heading\">Liens tiers<\/h3>\n\n<p>De temps \u00e0 autre, \u00e0 notre discr\u00e9tion, nous pouvons inclure ou proposer des produits ou services tiers sur notre site Web. Ces sites tiers ont des politiques de confidentialit\u00e9 distinctes et ind\u00e9pendantes. Par cons\u00e9quent, nous n\u2019avons aucune responsabilit\u00e9 quant au contenu et aux activit\u00e9s de ces sites Web li\u00e9s. Cependant, nous cherchons \u00e0 prot\u00e9ger l&#8217;int\u00e9grit\u00e9 de notre site et appr\u00e9cions tout commentaire concernant ces sites.<\/p>\n\n<h3 class=\"wp-block-heading\">Politique de confidentialit\u00e9 en ligne uniquement<\/h3>\n\n<p>Cette politique de confidentialit\u00e9 en ligne s&#8217;applique uniquement aux informations collect\u00e9es via notre site Web et non aux informations collect\u00e9es par d&#8217;autres moyens.<\/p>\n\n<h3 class=\"wp-block-heading\">Votre consentement<\/h3>\n\n<p>En utilisant notre site, vous acceptez notre politique de confidentialit\u00e9.<\/p>\n\n<h3 class=\"wp-block-heading\">Modifications de notre politique de confidentialit\u00e9<\/h3>\n\n<p>Si nous d\u00e9cidons de modifier notre politique de confidentialit\u00e9, nous publierons ces modifications sur cette page et\/ou mettrons \u00e0 jour la date de modification de la politique de confidentialit\u00e9 ci-dessous.<\/p>\n\n<p>Cette politique a \u00e9t\u00e9 modifi\u00e9e pour la derni\u00e8re fois le 27\/12\/2018<\/p>\n\n<h2 class=\"wp-block-heading\">Pol\u00edtica de Privacidad &#8211; Aspectos relativos al Reglamento General de Protecci\u00f3n de Datos (RGPD)<\/h2>\n\n<h3 class=\"wp-block-heading\">En tant que client<\/h3>\n\n<p>Responsable Identidad: European Special Ladders SA &#8211; A62220801, con domicilio en Cam\u00ed del Cementiri 23, Pol\u00edgon Industrial Can Ribot, 08319 Dosrius. Tel\u00e9fono 937533357 y direcci\u00f3n correo electr\u00f3nico info@esla.eu<\/p>\n\n<p>Pour le compte de la soci\u00e9t\u00e9 European Special Ladders SA, nous traitons les informations que vous nous fournissez afin de rendre notre prestation efficace\/remplir notre relation commerciale, et de la facturer. Les donn\u00e9es fournies seront conserv\u00e9es aussi longtemps que la relation commerciale sera maintenue ou pendant les ann\u00e9es n\u00e9cessaires au respect des obligations l\u00e9gales. Les donn\u00e9es ne seront pas c\u00e9d\u00e9es \u00e0 des tiers sauf dans les cas o\u00f9 il existe une obligation l\u00e9gale. Vous avez le droit d&#8217;obtenir la confirmation si chez European Special Ladders SA nous traitons vos donn\u00e9es personnelles, vous avez donc le droit d&#8217;acc\u00e9der \u00e0 vos donn\u00e9es personnelles, de rectifier des donn\u00e9es inexactes ou de demander leur suppression lorsque les donn\u00e9es ne sont plus n\u00e9cessaires.<\/p>\n\n<p>De m\u00eame, en vous inscrivant en tant que client, vous nous autorisez \u00e0 vous proposer des produits et des actualit\u00e9s susceptibles de vous int\u00e9resser par email et\/ou SMS.&#13;\n&#13;\n\u00a0<\/p>\n\n<h3 class=\"wp-block-heading\">Clause de base du courrier<\/h3>\n\n<p>Les \u00e9ventuelles informations personnelles que peut contenir cet email sont d\u00fbment prot\u00e9g\u00e9es par la r\u00e9glementation sur la protection des donn\u00e9es qui vous engage \u00e0 ne pas les utiliser \u00e0 des fins autres que celles pour lesquelles elles ont \u00e9t\u00e9 envoy\u00e9es \u00e0 son destinataire, tout en les soumettant \u00e0 une obligation de confidentialit\u00e9. Par cons\u00e9quent, il est \u00e0 l&#8217;usage exclusif de son destinataire et il est interdit \u00e0 toute autre personne de divulguer, copier, distribuer ou exercer toute action relative \u00e0 son contenu. Si vous recevez cet e-mail de mani\u00e8re incorrecte ou incompl\u00e8te, veuillez nous le renvoyer.<\/p>\n\n<figure class=\"wp-block-table\"><table><tbody><tr><td><strong>Informations de base sur la protection des donn\u00e9es<\/strong><\/td><\/tr><tr><td><strong>Finalit\u00e9<\/strong>\u00a0: Gestion de l\u2019ex\u00e9cution de la relation commerciale et de sa facturation<\/td><\/tr><tr><td><strong>L\u00e9gitimation<\/strong>\u00a0: Ex\u00e9cution d&#8217;un contrat<\/td><\/tr><tr><td><strong>Dur\u00e9e de conservation<\/strong>\u00a0: Les donn\u00e9es fournies seront conserv\u00e9es aussi longtemps que la relation commerciale sera maintenue ou pendant les ann\u00e9es n\u00e9cessaires au respect des obligations l\u00e9gales.<\/td><\/tr><tr><td><strong>Communications commerciales<\/strong>\u00a0: un consentement explicite est requis pour pouvoir envoyer des communications commerciales et promotionnelles sur l&#8217;actualit\u00e9 de nos produits et services. Vous pouvez r\u00e9voquer le consentement accord\u00e9 \u00e0 tout moment en \u00e9crivant \u00e0 info@esla.eu<\/td><\/tr><tr><td><strong>Destinataires<\/strong>\u00a0: Aucune donn\u00e9e ne sera transf\u00e9r\u00e9e \u00e0 des tiers, sauf si la loi l&#8217;exige.<\/td><\/tr><tr><td><strong>Droits<\/strong>\u00a0: Acc\u00e9der, rectifier et supprimer les donn\u00e9es, ainsi que le reste des droits applicables selon le RGPD<\/td><\/tr><\/tbody><\/table><\/figure>\n\n<h3 class=\"wp-block-heading\">Clause Mail Comercial<\/h3>\n\n<p>Responsable Identidad: European Special Ladders SA &#8211; A62220801, con domicilio en Cam\u00ed del Cementiri 23, Pol\u00edgon Industrial Can Ribot, 08319 Dosrius. Tel\u00e9fono 937533357 y direcci\u00f3n correo electr\u00f3nico info@esla.eu<\/p>\n\n<p>Pour le compte de la soci\u00e9t\u00e9 European Special Ladders SA, nous traitons les informations que vous nous fournissez afin de rendre notre prestation efficace\/remplir notre relation commerciale, et de la facturer. Les donn\u00e9es fournies seront conserv\u00e9es aussi longtemps que la relation commerciale sera maintenue ou pendant les ann\u00e9es n\u00e9cessaires au respect des obligations l\u00e9gales. Les donn\u00e9es ne seront pas c\u00e9d\u00e9es \u00e0 des tiers sauf dans les cas o\u00f9 il existe une obligation l\u00e9gale. Vous avez le droit d&#8217;obtenir la confirmation si chez European Special Ladders SA nous traitons vos donn\u00e9es personnelles, vous avez donc le droit d&#8217;acc\u00e9der \u00e0 vos donn\u00e9es personnelles, de rectifier des donn\u00e9es inexactes ou de demander leur suppression lorsque les donn\u00e9es ne sont plus n\u00e9cessaires.<\/p>\n\n<p>Si vous ne souhaitez pas recevoir d&#8217;informations commerciales, il vous suffit de nous envoyer un email \u00e0 l&#8217;adresse indiqu\u00e9e ci-dessus, en vous identifiant correctement et en exprimant votre souhait de vous d\u00e9sinscrire de notre syst\u00e8me d&#8217;exp\u00e9dition.<\/p>\n\n<figure class=\"wp-block-table\"><table><tbody><tr><td><strong>Informations de base sur la protection des donn\u00e9es<\/strong><\/td><\/tr><tr><td><strong>Finalit\u00e9<\/strong>\u00a0: Gestion de l\u2019ex\u00e9cution de la relation commerciale et de sa facturation<\/td><\/tr><tr><td><strong>L\u00e9gitimation<\/strong>\u00a0: Ex\u00e9cution d&#8217;un contrat<\/td><\/tr><tr><td><strong>Dur\u00e9e de conservation<\/strong>\u00a0: Les donn\u00e9es fournies seront conserv\u00e9es aussi longtemps que la relation commerciale sera maintenue ou pendant les ann\u00e9es n\u00e9cessaires au respect des obligations l\u00e9gales.<\/td><\/tr><tr><td><strong>Communications commerciales<\/strong>\u00a0: un consentement explicite est requis pour pouvoir envoyer des communications commerciales et promotionnelles sur l&#8217;actualit\u00e9 de nos produits et services. Vous pouvez r\u00e9voquer le consentement accord\u00e9 \u00e0 tout moment en \u00e9crivant \u00e0 info@esla.eu<\/td><\/tr><tr><td><strong>Destinataires<\/strong>\u00a0: Aucune donn\u00e9e ne sera transf\u00e9r\u00e9e \u00e0 des tiers, sauf si la loi l&#8217;exige.<\/td><\/tr><tr><td><strong>Droits<\/strong>\u00a0: Acc\u00e9der, rectifier et supprimer les donn\u00e9es, ainsi que le reste des droits applicables selon le RGPD<\/td><\/tr><\/tbody><\/table><\/figure>\n\n<div style=\"height:100px\" aria-hidden=\"true\" class=\"wp-block-spacer\"><\/div>\n","protected":false},"excerpt":{"rendered":"<p>Quelles informations collectons-nous? Nous collectons des informations lorsque vous vous inscrivez sur notre site Web, passez une commande, vous abonnez \u00e0 notre newsletter ou remplissez un formulaire. Lors de votre commande ou de votre inscription sur notre site, selon le cas, il pourra vous \u00eatre demand\u00e9 de saisir votre nom, votre adresse email ou votre [&hellip;]<\/p>\n","protected":false},"author":1,"featured_media":0,"parent":0,"menu_order":0,"comment_status":"closed","ping_status":"closed","template":"","meta":{"inline_featured_image":false,"footnotes":""},"class_list":["post-8377","page","type-page","status-publish","hentry"],"rttpg_featured_image_url":null,"rttpg_author":{"display_name":"crealogica","author_link":"https:\/\/www.esla.eu\/fr\/author\/crealogica\/"},"rttpg_comment":0,"rttpg_category":" <a href=\"https:\/\/www.esla.eu\/fr\/?taxonomy=translation_priority&#038;term=facultatif\" rel=\"tag\">Facultatif<\/a>","rttpg_excerpt":"Quelles informations collectons-nous? Nous collectons des informations lorsque vous vous inscrivez sur notre site Web, passez une commande, vous abonnez \u00e0 notre newsletter ou remplissez un formulaire. Lors de votre commande ou de votre inscription sur notre site, selon le cas, il pourra vous \u00eatre demand\u00e9 de saisir votre nom, votre adresse email ou votre\u2026","_links":{"self":[{"href":"https:\/\/www.esla.eu\/fr\/wp-json\/wp\/v2\/pages\/8377","targetHints":{"allow":["GET"]}}],"collection":[{"href":"https:\/\/www.esla.eu\/fr\/wp-json\/wp\/v2\/pages"}],"about":[{"href":"https:\/\/www.esla.eu\/fr\/wp-json\/wp\/v2\/types\/page"}],"author":[{"embeddable":true,"href":"https:\/\/www.esla.eu\/fr\/wp-json\/wp\/v2\/users\/1"}],"replies":[{"embeddable":true,"href":"https:\/\/www.esla.eu\/fr\/wp-json\/wp\/v2\/comments?post=8377"}],"version-history":[{"count":1,"href":"https:\/\/www.esla.eu\/fr\/wp-json\/wp\/v2\/pages\/8377\/revisions"}],"predecessor-version":[{"id":8378,"href":"https:\/\/www.esla.eu\/fr\/wp-json\/wp\/v2\/pages\/8377\/revisions\/8378"}],"wp:attachment":[{"href":"https:\/\/www.esla.eu\/fr\/wp-json\/wp\/v2\/media?parent=8377"}],"curies":[{"name":"wp","href":"https:\/\/api.w.org\/{rel}","templated":true}]}}