{"id":8395,"date":"2024-02-29T11:43:20","date_gmt":"2024-02-29T10:43:20","guid":{"rendered":"https:\/\/esla.crealogica.eu\/services\/"},"modified":"2026-02-06T16:04:03","modified_gmt":"2026-02-06T15:04:03","slug":"services","status":"publish","type":"page","link":"https:\/\/www.esla.eu\/fr\/services\/","title":{"rendered":"Services"},"content":{"rendered":"\t\t<div data-elementor-type=\"wp-page\" data-elementor-id=\"8395\" class=\"elementor elementor-8395 elementor-323\" data-elementor-post-type=\"page\">\n\t\t\t\t\t\t<section class=\"elementor-section elementor-top-section elementor-element elementor-element-24421dec elementor-section-full_width elementor-section-height-min-height elementor-section-stretched elementor-section-content-middle elementor-section-items-top elementor-section-height-default elementor-invisible\" data-id=\"24421dec\" data-element_type=\"section\" data-e-type=\"section\" data-settings=\"{&quot;stretch_section&quot;:&quot;section-stretched&quot;,&quot;background_background&quot;:&quot;classic&quot;,&quot;animation&quot;:&quot;fadeIn&quot;,&quot;animation_mobile&quot;:&quot;none&quot;}\">\n\t\t\t\t\t\t\t<div class=\"elementor-background-overlay\"><\/div>\n\t\t\t\t\t\t\t<div class=\"elementor-container elementor-column-gap-no\">\n\t\t\t\t\t<div class=\"elementor-column elementor-col-100 elementor-top-column elementor-element elementor-element-4dd8a554\" data-id=\"4dd8a554\" data-element_type=\"column\" data-e-type=\"column\">\n\t\t\t<div class=\"elementor-widget-wrap elementor-element-populated\">\n\t\t\t\t\t\t<section class=\"elementor-section elementor-inner-section elementor-element elementor-element-5de9d847 elementor-section-content-middle elementor-section-boxed elementor-section-height-default elementor-section-height-default\" data-id=\"5de9d847\" data-element_type=\"section\" data-e-type=\"section\">\n\t\t\t\t\t\t<div class=\"elementor-container elementor-column-gap-default\">\n\t\t\t\t\t<div class=\"elementor-column elementor-col-100 elementor-inner-column elementor-element elementor-element-562112e3\" data-id=\"562112e3\" data-element_type=\"column\" data-e-type=\"column\">\n\t\t\t<div class=\"elementor-widget-wrap elementor-element-populated\">\n\t\t\t\t\t\t<div class=\"elementor-element elementor-element-78a6bde1 elementor-widget elementor-widget-shortcode\" data-id=\"78a6bde1\" data-element_type=\"widget\" data-e-type=\"widget\" data-widget_type=\"shortcode.default\">\n\t\t\t\t<div class=\"elementor-widget-container\">\n\t\t\t\t\t\t\t<div class=\"elementor-shortcode\"><nav aria-label=\"breadcrumbs\">\n            <div class=\"breadcrumb-container theme1\">\n                <ol>\n                                    <\/ol>\n            <\/div>\n        <\/nav>    <script type=\"application\/ld+json\">\n        {\n            \"@context\": \"http:\/\/schema.org\",\n            \"@type\": \"BreadcrumbList\",\n            \"itemListElement\": [\n                            ]\n        }\n    <\/script>\n   \n    <script>\n            <\/script>\n<\/div>\n\t\t\t\t\t\t<\/div>\n\t\t\t\t<\/div>\n\t\t\t\t\t<\/div>\n\t\t<\/div>\n\t\t\t\t\t<\/div>\n\t\t<\/section>\n\t\t\t\t<section class=\"elementor-section elementor-inner-section elementor-element elementor-element-26591c4b elementor-section-content-middle elementor-section-boxed elementor-section-height-default elementor-section-height-default\" data-id=\"26591c4b\" data-element_type=\"section\" data-e-type=\"section\">\n\t\t\t\t\t\t<div class=\"elementor-container elementor-column-gap-default\">\n\t\t\t\t\t<div class=\"elementor-column elementor-col-66 elementor-inner-column elementor-element elementor-element-3b34dd9e\" data-id=\"3b34dd9e\" data-element_type=\"column\" data-e-type=\"column\">\n\t\t\t<div class=\"elementor-widget-wrap elementor-element-populated\">\n\t\t\t\t\t\t<div class=\"elementor-element elementor-element-79097b07 elementor-widget elementor-widget-heading\" data-id=\"79097b07\" data-element_type=\"widget\" data-e-type=\"widget\" data-widget_type=\"heading.default\">\n\t\t\t\t<div class=\"elementor-widget-container\">\n\t\t\t\t\t<h1 class=\"elementor-heading-title elementor-size-default\">Services pour \u00e9chelles et plateformes industrielles<\/h1>\t\t\t\t<\/div>\n\t\t\t\t<\/div>\n\t\t\t\t<div class=\"elementor-element elementor-element-18b230be elementor-widget elementor-widget-heading\" data-id=\"18b230be\" data-element_type=\"widget\" data-e-type=\"widget\" data-widget_type=\"heading.default\">\n\t\t\t\t<div class=\"elementor-widget-container\">\n\t\t\t\t\t<p class=\"elementor-heading-title elementor-size-default\"><span style=\"font-style: inherit;font-weight: inherit;letter-spacing: 0.01em\">ESLA fournit des <\/span><strong data-start=\"186\" data-end=\"202\" style=\"font-style: inherit;letter-spacing: 0.01em\">\u00e9chafaudages<\/strong><span style=\"font-style: inherit;font-weight: inherit;letter-spacing: 0.01em\">, <\/span><strong data-start=\"204\" data-end=\"229\" style=\"font-style: inherit;letter-spacing: 0.01em\">escaliers industriels<\/strong><span style=\"font-style: inherit;font-weight: inherit;letter-spacing: 0.01em\">, <\/span><strong data-start=\"231\" data-end=\"255\" style=\"font-style: inherit;letter-spacing: 0.01em\">\u00e9chelles \u00e0 crinoline<\/strong><span style=\"font-style: inherit;font-weight: inherit;letter-spacing: 0.01em\"> et <\/span><strong data-start=\"259\" data-end=\"286\" style=\"font-style: inherit;letter-spacing: 0.01em\">plateformes \u00e9l\u00e9vatrices<\/strong><span style=\"font-style: inherit;font-weight: inherit;letter-spacing: 0.01em\"> conformes aux <\/span><strong data-start=\"301\" data-end=\"323\" style=\"font-style: inherit;letter-spacing: 0.01em\">normes de s\u00e9curit\u00e9<\/strong><span style=\"font-style: inherit;font-weight: inherit;letter-spacing: 0.01em\">, avec <\/span><strong data-start=\"330\" data-end=\"353\" style=\"font-style: inherit;letter-spacing: 0.01em\">assemblage sur site<\/strong><span style=\"font-style: inherit;font-weight: inherit;letter-spacing: 0.01em\">, <\/span><strong data-start=\"355\" data-end=\"373\" data-is-only-node=\"\" style=\"font-style: inherit;letter-spacing: 0.01em\">inspection ITE<\/strong><span style=\"font-style: inherit;font-weight: inherit;letter-spacing: 0.01em\"> et <\/span><strong data-start=\"377\" data-end=\"405\" style=\"font-style: inherit;letter-spacing: 0.01em\">maintenance a\u00e9ronautique<\/strong><span style=\"font-style: inherit;font-weight: inherit;letter-spacing: 0.01em\">.<\/span><\/p>\t\t\t\t<\/div>\n\t\t\t\t<\/div>\n\t\t\t\t\t<\/div>\n\t\t<\/div>\n\t\t\t\t<div class=\"elementor-column elementor-col-33 elementor-inner-column elementor-element elementor-element-69f6264c\" data-id=\"69f6264c\" data-element_type=\"column\" data-e-type=\"column\">\n\t\t\t<div class=\"elementor-widget-wrap\">\n\t\t\t\t\t\t\t<\/div>\n\t\t<\/div>\n\t\t\t\t\t<\/div>\n\t\t<\/section>\n\t\t\t\t\t<\/div>\n\t\t<\/div>\n\t\t\t\t\t<\/div>\n\t\t<\/section>\n\t\t\t\t<section class=\"elementor-section elementor-top-section elementor-element elementor-element-1e8f977c elementor-section-boxed elementor-section-height-default elementor-section-height-default elementor-invisible\" data-id=\"1e8f977c\" data-element_type=\"section\" data-e-type=\"section\" data-settings=\"{&quot;animation&quot;:&quot;fadeIn&quot;,&quot;animation_mobile&quot;:&quot;none&quot;}\">\n\t\t\t\t\t\t<div class=\"elementor-container elementor-column-gap-no\">\n\t\t\t\t\t<div class=\"elementor-column elementor-col-100 elementor-top-column elementor-element elementor-element-31c99dc\" data-id=\"31c99dc\" data-element_type=\"column\" data-e-type=\"column\">\n\t\t\t<div class=\"elementor-widget-wrap elementor-element-populated\">\n\t\t\t\t\t\t<section class=\"elementor-section elementor-inner-section elementor-element elementor-element-253d7b24 elementor-reverse-mobile elementor-reverse-tablet elementor-hidden-desktop elementor-hidden-tablet elementor-hidden-mobile elementor-section-boxed elementor-section-height-default elementor-section-height-default\" data-id=\"253d7b24\" data-element_type=\"section\" data-e-type=\"section\">\n\t\t\t\t\t\t<div class=\"elementor-container elementor-column-gap-default\">\n\t\t\t\t\t<div class=\"elementor-column elementor-col-100 elementor-inner-column elementor-element elementor-element-300a6d9a elementor-invisible\" data-id=\"300a6d9a\" data-element_type=\"column\" data-e-type=\"column\" data-settings=\"{&quot;animation&quot;:&quot;fadeInRight&quot;,&quot;animation_mobile&quot;:&quot;none&quot;}\">\n\t\t\t<div class=\"elementor-widget-wrap elementor-element-populated\">\n\t\t\t\t\t\t<div class=\"elementor-element elementor-element-5e235329 elementor-widget elementor-widget-heading\" data-id=\"5e235329\" data-element_type=\"widget\" data-e-type=\"widget\" data-widget_type=\"heading.default\">\n\t\t\t\t<div class=\"elementor-widget-container\">\n\t\t\t\t\t<h3 class=\"elementor-heading-title elementor-size-default\">ESLA est n\u00e9e en 2000 avec un objectif pr\u00e9cis : des escaliers et des plateformes sur mesure.<\/h3>\t\t\t\t<\/div>\n\t\t\t\t<\/div>\n\t\t\t\t\t<\/div>\n\t\t<\/div>\n\t\t\t\t\t<\/div>\n\t\t<\/section>\n\t\t\t\t<section class=\"elementor-section elementor-inner-section elementor-element elementor-element-1f7355f3 elementor-reverse-mobile elementor-reverse-tablet elementor-hidden-desktop elementor-hidden-tablet elementor-hidden-mobile elementor-section-boxed elementor-section-height-default elementor-section-height-default\" data-id=\"1f7355f3\" data-element_type=\"section\" data-e-type=\"section\">\n\t\t\t\t\t\t<div class=\"elementor-container elementor-column-gap-default\">\n\t\t\t\t\t<div class=\"elementor-column elementor-col-100 elementor-inner-column elementor-element elementor-element-ed10e2d elementor-invisible\" data-id=\"ed10e2d\" data-element_type=\"column\" data-e-type=\"column\" data-settings=\"{&quot;animation&quot;:&quot;fadeInUp&quot;,&quot;animation_mobile&quot;:&quot;none&quot;}\">\n\t\t\t<div class=\"elementor-widget-wrap elementor-element-populated\">\n\t\t\t\t\t\t<div class=\"elementor-element elementor-element-63d04bc0 elementor-invisible elementor-widget elementor-widget-text-editor\" data-id=\"63d04bc0\" data-element_type=\"widget\" data-e-type=\"widget\" data-settings=\"{&quot;_animation&quot;:&quot;fadeInUp&quot;,&quot;_animation_mobile&quot;:&quot;none&quot;}\" data-widget_type=\"text-editor.default\">\n\t\t\t\t<div class=\"elementor-widget-container\">\n\t\t\t\t\t\t\t\t\tUn d\u00e9partement de\r\nl&#8217;ing\u00e9nierie est charg\u00e9e de g\u00e9rer les demandes\r\nre\u00e7u, et dans environ 7 jours ouvrables, nous livrons une proposition \u00e9conomique avec un plan montrant le\r\nconception r\u00e9alis\u00e9e. Dans le d\u00e9veloppement, nous ne nous contentons pas de concevoir,\r\nmais nous standardisons \u00e9galement le produit selon\r\ntoutes les r\u00e9glementations qui lui sont applicables, puisqu&#8217;avec le\r\nfabrication du produit, un certificat de\r\nconformit\u00e9.\t\t\t\t\t\t\t\t<\/div>\n\t\t\t\t<\/div>\n\t\t\t\t\t<\/div>\n\t\t<\/div>\n\t\t\t\t\t<\/div>\n\t\t<\/section>\n\t\t\t\t\t<\/div>\n\t\t<\/div>\n\t\t\t\t\t<\/div>\n\t\t<\/section>\n\t\t\t\t<section class=\"elementor-section elementor-top-section elementor-element elementor-element-1f34c37c elementor-section-boxed elementor-section-height-default elementor-section-height-default\" data-id=\"1f34c37c\" data-element_type=\"section\" data-e-type=\"section\">\n\t\t\t\t\t\t<div class=\"elementor-container elementor-column-gap-default\">\n\t\t\t\t\t<div class=\"elementor-column elementor-col-100 elementor-top-column elementor-element elementor-element-825476\" data-id=\"825476\" data-element_type=\"column\" data-e-type=\"column\">\n\t\t\t<div class=\"elementor-widget-wrap elementor-element-populated\">\n\t\t\t\t\t\t<div class=\"elementor-element elementor-element-65c10e28 title_hover_border_enable title-two-line img_hover_animation_img_zoom_in title-alignment-center title_position_default grid-hover-overlay-type-always tpg-el-box-border-enable tpg-border-bottom-disable elementor-widget elementor-widget-tpg-grid-layout\" data-id=\"65c10e28\" data-element_type=\"widget\" data-e-type=\"widget\" data-widget_type=\"tpg-grid-layout.default\">\n\t\t\t\t<div class=\"elementor-widget-container\">\n\t\t\t\t\t\t\t<div class=\"rt-container-fluid rt-tpg-container tpg-el-main-wrapper clearfix grid-layout1-main \"\n\t\t\t id=\"rt-tpg-container-2194912056\"\n\t\t\t data-layout=\"grid-layout1\"\n\t\t\t data-grid-style=\"tpg-full-height\"\n\t\t\t data-sc-id=\"elementor\"\n\t\t\t data-el-settings=''\n\t\t\t data-el-query=''\n\t\t\t data-el-path=''\n\t\t>\n\t\t\t\t\t\t\t<div id=\"bottom-script-loader\" class=\"bottom-script-loader\">\n\t\t\t\t\t<div class=\"rt-ball-clip-rotate\">\n\t\t\t\t\t\t<div><\/div>\n\t\t\t\t\t<\/div>\n\t\t\t\t<\/div>\n\t\t\t\t\t\t\t<div class='tpg-header-wrapper '>\n\t\t\t\t\t\t\t<\/div>\n\n\t\t\t<div data-title=\"Loading ...\" class=\"rt-row rt-content-loader grid-layout1 grid-behaviour tpg-full-height grid_layout_wrapper\">\n\t\t\t\t<div class=\"rt-col-md-6 rt-col-sm-6 rt-col-xs-12 img_zoom_in rt-grid-item post-8397 page type-page status-publish has-post-thumbnail hentry\"        data-id=\"8397\">\n    <div class=\"rt-holder tpg-post-holder \">\n        <div class=\"rt-detail rt-el-content-wrapper\">\n\t\t\t                <div class=\"rt-img-holder tpg-el-image-wrap has-thumbnail\">\n\t\t\t\t\t<a data-id=\"8397\" href=\"https:\/\/www.esla.eu\/fr\/services\/configurateur\/\" class=\"tpg-post-link\" target=\"_self\">                        <img fetchpriority=\"high\" decoding=\"async\" src=\"https:\/\/www.esla.eu\/wp-content\/uploads\/2025\/02\/configurator.jpg\"\n                             class=\"rt-img-responsive\"\n                             width=\"2388\"\n                             height=\"1668\"\n                             alt=\"configurator\">\n\t\t\t\t\t\t\n\t\t\t\t\t\t\t\n\t\t<\/a>\n\t\t        <div class=\"overlay grid-hover-content\"><\/div>\n\t\t                <\/div>\n\t\t\t\n\t\t\t<div class=\"entry-title-wrapper\"><h3 class=\"entry-title\"><a data-id=\"8397\" href=\"https:\/\/www.esla.eu\/fr\/services\/configurateur\/\" class=\"tpg-post-link\" target=\"_self\">Configurateur<\/a><\/h3><\/div>\n\t\t\t\n\n\t\t\t\n\t\t\t        <\/div>\n    <\/div>\n<\/div>\n<div class=\"rt-col-md-6 rt-col-sm-6 rt-col-xs-12 img_zoom_in rt-grid-item post-8401 page type-page status-publish has-post-thumbnail hentry\"        data-id=\"8401\">\n    <div class=\"rt-holder tpg-post-holder \">\n        <div class=\"rt-detail rt-el-content-wrapper\">\n\t\t\t                <div class=\"rt-img-holder tpg-el-image-wrap has-thumbnail\">\n\t\t\t\t\t<a data-id=\"8401\" href=\"https:\/\/www.esla.eu\/fr\/services\/assemblee-de-la-maison-du-client\/\" class=\"tpg-post-link\" target=\"_self\">                        <img decoding=\"async\" src=\"https:\/\/www.esla.eu\/wp-content\/uploads\/2025\/02\/ite.jpg\"\n                             class=\"rt-img-responsive\"\n                             width=\"2388\"\n                             height=\"1668\"\n                             alt=\"ite\">\n\t\t\t\t\t\t\n\t\t\t\t\t\t\t\n\t\t<\/a>\n\t\t        <div class=\"overlay grid-hover-content\"><\/div>\n\t\t                <\/div>\n\t\t\t\n\t\t\t<div class=\"entry-title-wrapper\"><h3 class=\"entry-title\"><a data-id=\"8401\" href=\"https:\/\/www.esla.eu\/fr\/services\/assemblee-de-la-maison-du-client\/\" class=\"tpg-post-link\" target=\"_self\">Assembl\u00e9e de la maison du client<\/a><\/h3><\/div>\n\t\t\t\n\n\t\t\t\n\t\t\t        <\/div>\n    <\/div>\n<\/div>\n<div class=\"rt-col-md-6 rt-col-sm-6 rt-col-xs-12 img_zoom_in rt-grid-item post-12306 page type-page status-publish has-post-thumbnail hentry\"        data-id=\"12306\">\n    <div class=\"rt-holder tpg-post-holder \">\n        <div class=\"rt-detail rt-el-content-wrapper\">\n\t\t\t                <div class=\"rt-img-holder tpg-el-image-wrap has-thumbnail\">\n\t\t\t\t\t<a data-id=\"12306\" href=\"https:\/\/www.esla.eu\/fr\/services\/normes-et-reglementations\/\" class=\"tpg-post-link\" target=\"_self\">                        <img decoding=\"async\" src=\"https:\/\/www.esla.eu\/wp-content\/uploads\/2025\/02\/EN-131-1-e1739534084696.png\"\n                             class=\"rt-img-responsive\"\n                             width=\"1920\"\n                             height=\"1080\"\n                             alt=\"Normes et r\u00e9glementations\">\n\t\t\t\t\t\t\n\t\t\t\t\t\t\t\n\t\t<\/a>\n\t\t        <div class=\"overlay grid-hover-content\"><\/div>\n\t\t                <\/div>\n\t\t\t\n\t\t\t<div class=\"entry-title-wrapper\"><h3 class=\"entry-title\"><a data-id=\"12306\" href=\"https:\/\/www.esla.eu\/fr\/services\/normes-et-reglementations\/\" class=\"tpg-post-link\" target=\"_self\">Normes et r\u00e9glementations<\/a><\/h3><\/div>\n\t\t\t\n\n\t\t\t\n\t\t\t        <\/div>\n    <\/div>\n<\/div>\n<div class=\"rt-col-md-6 rt-col-sm-6 rt-col-xs-12 img_zoom_in rt-grid-item post-8399 page type-page status-publish has-post-thumbnail hentry\"        data-id=\"8399\">\n    <div class=\"rt-holder tpg-post-holder \">\n        <div class=\"rt-detail rt-el-content-wrapper\">\n\t\t\t                <div class=\"rt-img-holder tpg-el-image-wrap has-thumbnail\">\n\t\t\t\t\t<a data-id=\"8399\" href=\"https:\/\/www.esla.eu\/fr\/services\/ite-inspections-techniques-esla\/\" class=\"tpg-post-link\" target=\"_self\">                        <img loading=\"lazy\" decoding=\"async\" src=\"https:\/\/www.esla.eu\/wp-content\/uploads\/2025\/02\/IMG_0329.png\"\n                             class=\"rt-img-responsive\"\n                             width=\"2388\"\n                             height=\"1668\"\n                             alt=\"ITE (Inspecciones T\u00e9cnicas ESLA)\">\n\t\t\t\t\t\t\n\t\t\t\t\t\t\t\n\t\t<\/a>\n\t\t        <div class=\"overlay grid-hover-content\"><\/div>\n\t\t                <\/div>\n\t\t\t\n\t\t\t<div class=\"entry-title-wrapper\"><h3 class=\"entry-title\"><a data-id=\"8399\" href=\"https:\/\/www.esla.eu\/fr\/services\/ite-inspections-techniques-esla\/\" class=\"tpg-post-link\" target=\"_self\">ITE (Inspections Techniques ESLA)<\/a><\/h3><\/div>\n\t\t\t\n\n\t\t\t\n\t\t\t        <\/div>\n    <\/div>\n<\/div>\n\t\t\t<\/div>\n\t\t\t\n\t\t<\/div>\n\t\t\t\t\t\t<\/div>\n\t\t\t\t<\/div>\n\t\t\t\t\t<\/div>\n\t\t<\/div>\n\t\t\t\t\t<\/div>\n\t\t<\/section>\n\t\t\t\t<\/div>\n\t\t","protected":false},"excerpt":{"rendered":"<p>Services pour \u00e9chelles et plateformes industrielles ESLA fournit des \u00e9chafaudages, escaliers industriels, \u00e9chelles \u00e0 crinoline et plateformes \u00e9l\u00e9vatrices conformes aux normes de s\u00e9curit\u00e9, avec assemblage sur site, inspection ITE et maintenance a\u00e9ronautique. ESLA est n\u00e9e en 2000 avec un objectif pr\u00e9cis : des escaliers et des plateformes sur mesure. Un d\u00e9partement de l&#8217;ing\u00e9nierie est charg\u00e9e [&hellip;]<\/p>\n","protected":false},"author":1,"featured_media":0,"parent":0,"menu_order":0,"comment_status":"closed","ping_status":"closed","template":"page-templates\/pagebuilder.php","meta":{"inline_featured_image":false,"footnotes":""},"class_list":["post-8395","page","type-page","status-publish","hentry"],"rttpg_featured_image_url":null,"rttpg_author":{"display_name":"crealogica","author_link":"https:\/\/www.esla.eu\/fr\/author\/crealogica\/"},"rttpg_comment":0,"rttpg_category":" <a href=\"https:\/\/www.esla.eu\/fr\/?taxonomy=translation_priority&#038;term=facultatif\" rel=\"tag\">Facultatif<\/a>","rttpg_excerpt":"Services pour \u00e9chelles et plateformes industrielles ESLA fournit des \u00e9chafaudages, escaliers industriels, \u00e9chelles \u00e0 crinoline et plateformes \u00e9l\u00e9vatrices conformes aux normes de s\u00e9curit\u00e9, avec assemblage sur site, inspection ITE et maintenance a\u00e9ronautique. ESLA est n\u00e9e en 2000 avec un objectif pr\u00e9cis : des escaliers et des plateformes sur mesure. Un d\u00e9partement de l&#8217;ing\u00e9nierie est charg\u00e9e\u2026","_links":{"self":[{"href":"https:\/\/www.esla.eu\/fr\/wp-json\/wp\/v2\/pages\/8395","targetHints":{"allow":["GET"]}}],"collection":[{"href":"https:\/\/www.esla.eu\/fr\/wp-json\/wp\/v2\/pages"}],"about":[{"href":"https:\/\/www.esla.eu\/fr\/wp-json\/wp\/v2\/types\/page"}],"author":[{"embeddable":true,"href":"https:\/\/www.esla.eu\/fr\/wp-json\/wp\/v2\/users\/1"}],"replies":[{"embeddable":true,"href":"https:\/\/www.esla.eu\/fr\/wp-json\/wp\/v2\/comments?post=8395"}],"version-history":[{"count":32,"href":"https:\/\/www.esla.eu\/fr\/wp-json\/wp\/v2\/pages\/8395\/revisions"}],"predecessor-version":[{"id":14940,"href":"https:\/\/www.esla.eu\/fr\/wp-json\/wp\/v2\/pages\/8395\/revisions\/14940"}],"wp:attachment":[{"href":"https:\/\/www.esla.eu\/fr\/wp-json\/wp\/v2\/media?parent=8395"}],"curies":[{"name":"wp","href":"https:\/\/api.w.org\/{rel}","templated":true}]}}