{"id":8399,"date":"2021-04-04T08:45:47","date_gmt":"2021-04-04T06:45:47","guid":{"rendered":"https:\/\/esla.crealogica.eu\/services\/ite-inspections-techniques-esla\/"},"modified":"2024-05-07T16:53:50","modified_gmt":"2024-05-07T14:53:50","slug":"ite-inspections-techniques-esla","status":"publish","type":"page","link":"https:\/\/www.esla.eu\/fr\/services\/ite-inspections-techniques-esla\/","title":{"rendered":"ITE (Inspections Techniques ESLA)"},"content":{"rendered":"\t\t<div data-elementor-type=\"wp-page\" data-elementor-id=\"8399\" class=\"elementor elementor-8399 elementor-5616\" data-elementor-post-type=\"page\">\n\t\t\t\t\t\t<section class=\"elementor-section elementor-top-section elementor-element elementor-element-1a8b3558 elementor-section-stretched elementor-section-full_width elementor-section-content-top elementor-section-height-default elementor-section-height-default elementor-invisible\" data-id=\"1a8b3558\" data-element_type=\"section\" data-e-type=\"section\" data-settings=\"{&quot;animation&quot;:&quot;fadeIn&quot;,&quot;animation_mobile&quot;:&quot;none&quot;,&quot;stretch_section&quot;:&quot;section-stretched&quot;,&quot;background_background&quot;:&quot;classic&quot;}\">\n\t\t\t\t\t\t<div class=\"elementor-container elementor-column-gap-default\">\n\t\t\t\t\t<div class=\"elementor-column elementor-col-100 elementor-top-column elementor-element elementor-element-1c676e33\" data-id=\"1c676e33\" data-element_type=\"column\" data-e-type=\"column\">\n\t\t\t<div class=\"elementor-widget-wrap elementor-element-populated\">\n\t\t\t\t\t\t<section class=\"elementor-section elementor-inner-section elementor-element elementor-element-2fa805d9 elementor-reverse-mobile elementor-reverse-tablet elementor-section-boxed elementor-section-height-default elementor-section-height-default\" data-id=\"2fa805d9\" data-element_type=\"section\" data-e-type=\"section\">\n\t\t\t\t\t\t<div class=\"elementor-container elementor-column-gap-no\">\n\t\t\t\t\t<div class=\"elementor-column elementor-col-100 elementor-inner-column elementor-element elementor-element-6c491686 elementor-invisible\" data-id=\"6c491686\" data-element_type=\"column\" data-e-type=\"column\" data-settings=\"{&quot;animation&quot;:&quot;fadeIn&quot;,&quot;animation_mobile&quot;:&quot;none&quot;}\">\n\t\t\t<div class=\"elementor-widget-wrap elementor-element-populated\">\n\t\t\t\t\t\t<section class=\"elementor-section elementor-inner-section elementor-element elementor-element-ca9dc4b elementor-section-content-middle elementor-section-boxed elementor-section-height-default elementor-section-height-default\" data-id=\"ca9dc4b\" data-element_type=\"section\" data-e-type=\"section\">\n\t\t\t\t\t\t<div class=\"elementor-container elementor-column-gap-default\">\n\t\t\t\t\t<div class=\"elementor-column elementor-col-100 elementor-inner-column elementor-element elementor-element-62fcf292\" data-id=\"62fcf292\" data-element_type=\"column\" data-e-type=\"column\">\n\t\t\t<div class=\"elementor-widget-wrap elementor-element-populated\">\n\t\t\t\t\t\t<div class=\"elementor-element elementor-element-6f568358 elementor-widget elementor-widget-shortcode\" data-id=\"6f568358\" data-element_type=\"widget\" data-e-type=\"widget\" data-widget_type=\"shortcode.default\">\n\t\t\t\t<div class=\"elementor-widget-container\">\n\t\t\t\t\t\t\t<div class=\"elementor-shortcode\"><nav aria-label=\"breadcrumbs\">\n            <div class=\"breadcrumb-container theme1\">\n                <ol>\n                                    <\/ol>\n            <\/div>\n        <\/nav>    <script type=\"application\/ld+json\">\n        {\n            \"@context\": \"http:\/\/schema.org\",\n            \"@type\": \"BreadcrumbList\",\n            \"itemListElement\": [\n                            ]\n        }\n    <\/script>\n   \n    <script>\n            <\/script>\n<\/div>\n\t\t\t\t\t\t<\/div>\n\t\t\t\t<\/div>\n\t\t\t\t\t<\/div>\n\t\t<\/div>\n\t\t\t\t\t<\/div>\n\t\t<\/section>\n\t\t\t\t<div class=\"elementor-element elementor-element-5acae076 elementor-widget elementor-widget-heading\" data-id=\"5acae076\" data-element_type=\"widget\" data-e-type=\"widget\" data-widget_type=\"heading.default\">\n\t\t\t\t<div class=\"elementor-widget-container\">\n\t\t\t\t\t<h1 class=\"elementor-heading-title elementor-size-default\">Inspections Techniques ESLA<\/h1>\t\t\t\t<\/div>\n\t\t\t\t<\/div>\n\t\t\t\t<div class=\"elementor-element elementor-element-553da060 elementor-widget elementor-widget-text-editor\" data-id=\"553da060\" data-element_type=\"widget\" data-e-type=\"widget\" data-widget_type=\"text-editor.default\">\n\t\t\t\t<div class=\"elementor-widget-container\">\n\t\t\t\t\t\t\t\t\t<p>Chez ESLA, nous comprenons l&#8217;importance de maintenir la s\u00e9curit\u00e9 et l&#8217;efficacit\u00e9 de vos installations. Pour cette raison, nous sommes ravis d&#8217;offrir notre service sp\u00e9cialis\u00e9 d&#8217;inspections techniques ESLA.<\/p>\n\t\t\t\t\t\t\t\t<\/div>\n\t\t\t\t<\/div>\n\t\t\t\t\t<\/div>\n\t\t<\/div>\n\t\t\t\t\t<\/div>\n\t\t<\/section>\n\t\t\t\t\t<\/div>\n\t\t<\/div>\n\t\t\t\t\t<\/div>\n\t\t<\/section>\n\t\t\t\t<section class=\"elementor-section elementor-top-section elementor-element elementor-element-1ca43ce4 elementor-section-stretched elementor-section-boxed elementor-section-height-default elementor-section-height-default\" data-id=\"1ca43ce4\" data-element_type=\"section\" data-e-type=\"section\" data-settings=\"{&quot;animation&quot;:&quot;none&quot;,&quot;animation_mobile&quot;:&quot;none&quot;,&quot;stretch_section&quot;:&quot;section-stretched&quot;}\">\n\t\t\t\t\t\t<div class=\"elementor-container elementor-column-gap-no\">\n\t\t\t\t\t<div class=\"elementor-column elementor-col-100 elementor-top-column elementor-element elementor-element-64209da3\" data-id=\"64209da3\" data-element_type=\"column\" data-e-type=\"column\">\n\t\t\t<div class=\"elementor-widget-wrap elementor-element-populated\">\n\t\t\t\t\t\t<section class=\"elementor-section elementor-inner-section elementor-element elementor-element-61e9fa2e elementor-reverse-mobile elementor-reverse-tablet elementor-section-boxed elementor-section-height-default elementor-section-height-default\" data-id=\"61e9fa2e\" data-element_type=\"section\" data-e-type=\"section\">\n\t\t\t\t\t\t<div class=\"elementor-container elementor-column-gap-default\">\n\t\t\t\t\t<div class=\"elementor-column elementor-col-33 elementor-inner-column elementor-element elementor-element-6f07a0e8 elementor-invisible\" data-id=\"6f07a0e8\" data-element_type=\"column\" data-e-type=\"column\" data-settings=\"{&quot;animation&quot;:&quot;fadeIn&quot;,&quot;animation_mobile&quot;:&quot;none&quot;}\">\n\t\t\t<div class=\"elementor-widget-wrap elementor-element-populated\">\n\t\t\t\t\t\t<div class=\"elementor-element elementor-element-4f441ae0 elementor-widget elementor-widget-heading\" data-id=\"4f441ae0\" data-element_type=\"widget\" data-e-type=\"widget\" data-widget_type=\"heading.default\">\n\t\t\t\t<div class=\"elementor-widget-container\">\n\t\t\t\t\t<h2 class=\"elementor-heading-title elementor-size-default\">Quoi cela?<\/h2>\t\t\t\t<\/div>\n\t\t\t\t<\/div>\n\t\t\t\t<div class=\"elementor-element elementor-element-1ecef799 elementor-widget elementor-widget-text-editor\" data-id=\"1ecef799\" data-element_type=\"widget\" data-e-type=\"widget\" data-widget_type=\"text-editor.default\">\n\t\t\t\t<div class=\"elementor-widget-container\">\n\t\t\t\t\t\t\t\t\t<p>Notre \u00e9quipe hautement qualifi\u00e9e se rendra dans vos installations pour effectuer une inspection approfondie de tous vos escaliers et plates-formes ESLA. Au cours de cette \u00e9valuation, nous examinerons chaque composant et structure pour identifier tout signe d&#8217;usure, de dommage ou de dysfonctionnement.<\/p>\n\t\t\t\t\t\t\t\t<\/div>\n\t\t\t\t<\/div>\n\t\t\t\t\t<\/div>\n\t\t<\/div>\n\t\t\t\t<div class=\"elementor-column elementor-col-33 elementor-inner-column elementor-element elementor-element-97955d5 animated-slow elementor-invisible\" data-id=\"97955d5\" data-element_type=\"column\" data-e-type=\"column\" data-settings=\"{&quot;animation&quot;:&quot;fadeIn&quot;,&quot;animation_mobile&quot;:&quot;none&quot;}\">\n\t\t\t<div class=\"elementor-widget-wrap elementor-element-populated\">\n\t\t\t\t\t\t<div class=\"elementor-element elementor-element-d98ea84 elementor-widget elementor-widget-heading\" data-id=\"d98ea84\" data-element_type=\"widget\" data-e-type=\"widget\" data-widget_type=\"heading.default\">\n\t\t\t\t<div class=\"elementor-widget-container\">\n\t\t\t\t\t<h2 class=\"elementor-heading-title elementor-size-default\">Avantages de notre service ITE\u00a0:<\/h2>\t\t\t\t<\/div>\n\t\t\t\t<\/div>\n\t\t\t\t<div class=\"elementor-element elementor-element-c80b1b0 elementor-widget elementor-widget-text-editor\" data-id=\"c80b1b0\" data-element_type=\"widget\" data-e-type=\"widget\" data-widget_type=\"text-editor.default\">\n\t\t\t\t<div class=\"elementor-widget-container\">\n\t\t\t\t\t\t\t\t\t<ul>\n<li><strong>Priorit\u00e9 s\u00e9curit\u00e9\u00a0:<\/strong> La s\u00e9curit\u00e9 de votre \u00e9quipement et de vos op\u00e9rations est notre priorit\u00e9 absolue. Notre inspection approfondie garantit que tous vos escaliers sont dans un \u00e9tat optimal et r\u00e9pondent aux normes de s\u00e9curit\u00e9 les plus \u00e9lev\u00e9es. <\/li>\n<li><strong>Maintenance pr\u00e9ventive\u00a0:<\/strong> Nous identifions et r\u00e9solvons tout probl\u00e8me potentiel avant qu&#8217;il ne devienne un risque r\u00e9el, contribuant ainsi \u00e0 \u00e9viter les accidents et les temps d&#8217;arr\u00eat co\u00fbteux. <\/li>\n<li><strong>Optimisation des performances\u00a0:<\/strong> En veillant \u00e0 ce que vos escaliers soient en bon \u00e9tat et fonctionnent correctement, nous contribuons \u00e0 maximiser leur efficacit\u00e9 et leur durabilit\u00e9 \u00e0 long terme <\/li>\n<\/ul>\n<p>.<\/p>\n\t\t\t\t\t\t\t\t<\/div>\n\t\t\t\t<\/div>\n\t\t\t\t\t<\/div>\n\t\t<\/div>\n\t\t\t\t<div class=\"elementor-column elementor-col-33 elementor-inner-column elementor-element elementor-element-55f58363 animated-fast elementor-invisible\" data-id=\"55f58363\" data-element_type=\"column\" data-e-type=\"column\" data-settings=\"{&quot;animation&quot;:&quot;fadeIn&quot;,&quot;animation_mobile&quot;:&quot;none&quot;}\">\n\t\t\t<div class=\"elementor-widget-wrap elementor-element-populated\">\n\t\t\t\t\t\t<div class=\"elementor-element elementor-element-1e4a28e7 elementor-widget elementor-widget-heading\" data-id=\"1e4a28e7\" data-element_type=\"widget\" data-e-type=\"widget\" data-widget_type=\"heading.default\">\n\t\t\t\t<div class=\"elementor-widget-container\">\n\t\t\t\t\t<h3 class=\"elementor-heading-title elementor-size-default\">Pourquoi ESLA ?<\/h3>\t\t\t\t<\/div>\n\t\t\t\t<\/div>\n\t\t\t\t<div class=\"elementor-element elementor-element-69f7d2b6 elementor-widget elementor-widget-text-editor\" data-id=\"69f7d2b6\" data-element_type=\"widget\" data-e-type=\"widget\" data-widget_type=\"text-editor.default\">\n\t\t\t\t<div class=\"elementor-widget-container\">\n\t\t\t\t\t\t\t\t\t<ul>\n<li><strong>Exp\u00e9rience et professionnalisme<\/strong>\u00a0: Forte de plusieurs ann\u00e9es d&#8217;exp\u00e9rience dans l&#8217;industrie, notre \u00e9quipe poss\u00e8de les connaissances et l&#8217;exp\u00e9rience n\u00e9cessaires pour effectuer des inspections approfondies <br \/>de la plus haute qualit\u00e9. <\/li>\n<li><strong>Personnalisation\u00a0:<\/strong> Nous adaptons nos services pour r\u00e9pondre \u00e0 vos besoins sp\u00e9cifiques et garantir des r\u00e9sultats pr\u00e9cis et complets. <\/li>\n<li><strong>Commodit\u00e9\u00a0:<\/strong> Nous nous adaptons \u00e0 votre emploi du temps et minimisons toute perturbation de vos <br \/>op\u00e9rations pendant l&#8217;inspection.<\/li>\n<\/ul>\n\t\t\t\t\t\t\t\t<\/div>\n\t\t\t\t<\/div>\n\t\t\t\t\t<\/div>\n\t\t<\/div>\n\t\t\t\t\t<\/div>\n\t\t<\/section>\n\t\t\t\t<section class=\"elementor-section elementor-inner-section elementor-element elementor-element-9532539 elementor-reverse-mobile elementor-reverse-tablet elementor-section-boxed elementor-section-height-default elementor-section-height-default\" data-id=\"9532539\" data-element_type=\"section\" data-e-type=\"section\">\n\t\t\t\t\t\t<div class=\"elementor-container elementor-column-gap-default\">\n\t\t\t\t\t<div class=\"elementor-column elementor-col-100 elementor-inner-column elementor-element elementor-element-7cf1bf2 elementor-invisible\" data-id=\"7cf1bf2\" data-element_type=\"column\" data-e-type=\"column\" data-settings=\"{&quot;animation&quot;:&quot;fadeIn&quot;,&quot;animation_mobile&quot;:&quot;none&quot;}\">\n\t\t\t<div class=\"elementor-widget-wrap elementor-element-populated\">\n\t\t\t\t\t\t<div class=\"elementor-element elementor-element-969edef elementor-invisible elementor-widget elementor-widget-heading\" data-id=\"969edef\" data-element_type=\"widget\" data-e-type=\"widget\" data-settings=\"{&quot;_animation&quot;:&quot;fadeIn&quot;}\" data-widget_type=\"heading.default\">\n\t\t\t\t<div class=\"elementor-widget-container\">\n\t\t\t\t\t<h3 class=\"elementor-heading-title elementor-size-default\">Gardez vos installations s\u00fbres et efficaces avec ESLA!<\/h3>\t\t\t\t<\/div>\n\t\t\t\t<\/div>\n\t\t\t\t\t<\/div>\n\t\t<\/div>\n\t\t\t\t\t<\/div>\n\t\t<\/section>\n\t\t\t\t\t<\/div>\n\t\t<\/div>\n\t\t\t\t\t<\/div>\n\t\t<\/section>\n\t\t\t\t<\/div>\n\t\t","protected":false},"excerpt":{"rendered":"<p>Inspections Techniques ESLA Chez ESLA, nous comprenons l&#8217;importance de maintenir la s\u00e9curit\u00e9 et l&#8217;efficacit\u00e9 de vos installations. Pour cette raison, nous sommes ravis d&#8217;offrir notre service sp\u00e9cialis\u00e9 d&#8217;inspections techniques ESLA. Quoi cela? Notre \u00e9quipe hautement qualifi\u00e9e se rendra dans vos installations pour effectuer une inspection approfondie de tous vos escaliers et plates-formes ESLA. Au cours [&hellip;]<\/p>\n","protected":false},"author":1,"featured_media":12365,"parent":8395,"menu_order":0,"comment_status":"closed","ping_status":"closed","template":"page-templates\/pagebuilder.php","meta":{"inline_featured_image":false,"footnotes":""},"class_list":["post-8399","page","type-page","status-publish","has-post-thumbnail","hentry"],"rttpg_featured_image_url":{"full":["https:\/\/www.esla.eu\/wp-content\/uploads\/2025\/02\/IMG_0329.png",2388,1668,false],"landscape":["https:\/\/www.esla.eu\/wp-content\/uploads\/2025\/02\/IMG_0329.png",2388,1668,false],"portraits":["https:\/\/www.esla.eu\/wp-content\/uploads\/2025\/02\/IMG_0329.png",2388,1668,false],"thumbnail":["https:\/\/www.esla.eu\/wp-content\/uploads\/2025\/02\/IMG_0329-150x150.png",150,150,true],"medium":["https:\/\/www.esla.eu\/wp-content\/uploads\/2025\/02\/IMG_0329-300x210.png",300,210,true],"large":["https:\/\/www.esla.eu\/wp-content\/uploads\/2025\/02\/IMG_0329-1024x715.png",812,567,true],"1536x1536":["https:\/\/www.esla.eu\/wp-content\/uploads\/2025\/02\/IMG_0329-1536x1073.png",1536,1073,true],"2048x2048":["https:\/\/www.esla.eu\/wp-content\/uploads\/2025\/02\/IMG_0329-2048x1431.png",2048,1431,true],"woocommerce_thumbnail":["https:\/\/www.esla.eu\/wp-content\/uploads\/2025\/02\/IMG_0329-300x210.png",300,210,true],"woocommerce_single":["https:\/\/www.esla.eu\/wp-content\/uploads\/2025\/02\/IMG_0329-600x419.png",600,419,true],"woocommerce_gallery_thumbnail":["https:\/\/www.esla.eu\/wp-content\/uploads\/2025\/02\/IMG_0329-100x70.png",100,70,true]},"rttpg_author":{"display_name":"crealogica","author_link":"https:\/\/www.esla.eu\/fr\/author\/crealogica\/"},"rttpg_comment":0,"rttpg_category":" <a href=\"https:\/\/www.esla.eu\/fr\/?taxonomy=translation_priority&#038;term=facultatif\" rel=\"tag\">Facultatif<\/a>","rttpg_excerpt":"Inspections Techniques ESLA Chez ESLA, nous comprenons l&#8217;importance de maintenir la s\u00e9curit\u00e9 et l&#8217;efficacit\u00e9 de vos installations. Pour cette raison, nous sommes ravis d&#8217;offrir notre service sp\u00e9cialis\u00e9 d&#8217;inspections techniques ESLA. Quoi cela? Notre \u00e9quipe hautement qualifi\u00e9e se rendra dans vos installations pour effectuer une inspection approfondie de tous vos escaliers et plates-formes ESLA. Au cours\u2026","_links":{"self":[{"href":"https:\/\/www.esla.eu\/fr\/wp-json\/wp\/v2\/pages\/8399","targetHints":{"allow":["GET"]}}],"collection":[{"href":"https:\/\/www.esla.eu\/fr\/wp-json\/wp\/v2\/pages"}],"about":[{"href":"https:\/\/www.esla.eu\/fr\/wp-json\/wp\/v2\/types\/page"}],"author":[{"embeddable":true,"href":"https:\/\/www.esla.eu\/fr\/wp-json\/wp\/v2\/users\/1"}],"replies":[{"embeddable":true,"href":"https:\/\/www.esla.eu\/fr\/wp-json\/wp\/v2\/comments?post=8399"}],"version-history":[{"count":7,"href":"https:\/\/www.esla.eu\/fr\/wp-json\/wp\/v2\/pages\/8399\/revisions"}],"predecessor-version":[{"id":8426,"href":"https:\/\/www.esla.eu\/fr\/wp-json\/wp\/v2\/pages\/8399\/revisions\/8426"}],"up":[{"embeddable":true,"href":"https:\/\/www.esla.eu\/fr\/wp-json\/wp\/v2\/pages\/8395"}],"wp:featuredmedia":[{"embeddable":true,"href":"https:\/\/www.esla.eu\/fr\/wp-json\/wp\/v2\/media\/12365"}],"wp:attachment":[{"href":"https:\/\/www.esla.eu\/fr\/wp-json\/wp\/v2\/media?parent=8399"}],"curies":[{"name":"wp","href":"https:\/\/api.w.org\/{rel}","templated":true}]}}