{"id":8403,"date":"2024-02-28T08:50:23","date_gmt":"2024-02-28T07:50:23","guid":{"rendered":"https:\/\/esla.crealogica.eu\/avis-juridique\/"},"modified":"2024-09-09T11:54:04","modified_gmt":"2024-09-09T09:54:04","slug":"avis-juridique","status":"publish","type":"page","link":"https:\/\/www.esla.eu\/fr\/avis-juridique\/","title":{"rendered":"Avis juridique"},"content":{"rendered":"\n<p>1.Le site web situ\u00e9 \u00e0 l&#8217;URL www.esla.eu (ci-apr\u00e8s, le Web) est la propri\u00e9t\u00e9 de European Special<br>Ladders SA qui d\u00e9tient tous les droits, en tant que titulaire ou licenci\u00e9e, sur le contenu, la conception<br>et le code source de celui-ci.<\/p>\n\n\n\n<p>2. L&#8217;utilisation du site Internet est gratuite et s&#8217;effectue sous la responsabilit\u00e9 exclusive de l&#8217;utilisateur, avec European Special Ladders S.A. le droit de modifier sans pr\u00e9avis la pr\u00e9sentation, la configuration et le contenu du Site ainsi que les conditions d&#8217;acc\u00e8s \u00e0 celui-ci. Les internautes ne feront rien qui puisse nuire \u00e0 l&#8217;image ou aux droits de son auteur.<\/p>\n\n\n\n<p>3. Donn\u00e9es du propri\u00e9taire du site Web<\/p>\n\n\n\n<ul class=\"wp-block-list\">\n<li><strong>European Special Ladders S.A.<\/strong><\/li>\n\n\n\n<li>Camino del Cementerio 23, Pol\u00edgon Industrial Can Ribot<\/li>\n\n\n\n<li>08319 Dosrius<\/li>\n\n\n\n<li>NIF: A62220801<\/li>\n\n\n\n<li>Contact:<a href=\"mailto:info@esla.eu\">info@esla.eu<\/a><\/li>\n\n\n\n<li>Tel\u00e9fono:<a href=\"tel:+34937533357\">+34.937.533.357<\/a><\/li>\n\n\n\n<li>Soci\u00e9t\u00e9 inscrite au Registre du commerce de cette province le 26 f\u00e9vrier 1998, au volume 30439, livre 142, num\u00e9ro de page B-176,750.<\/li>\n<\/ul>\n\n\n\n<p>Propri\u00e9t\u00e9 Intellectuelle<br>Tous les contenus du Portail, y compris mais sans s&#8217;y limiter, les textes, photographies, graphiques,<br>images, ic\u00f4nes, technologie, logiciels, liens et autres contenus, ainsi que leur conception graphique<br>et codes source, sont la propri\u00e9t\u00e9 intellectuelle de notre soci\u00e9t\u00e9 et de tiers, sans qu&#8217;aucun des droits<br>d&#8217;exploitation sur ceux-ci ne soit transf\u00e9r\u00e9 \u00e0 l&#8217;Utilisateur au-del\u00e0 de ce qui est strictement n\u00e9cessaire<br>pour l&#8217;utilisation correcte du Portail.<br>Ces droits sont enregistr\u00e9s au Registre de la Propri\u00e9t\u00e9 Intellectuelle.<br>Tous droits r\u00e9serv\u00e9s.<br>Autres<\/p>\n\n\n\n<p>ESLA n&#8217;est pas responsable des sites web tiers accessibles via des liens menant vers ou provenant<br>des Sites Web.<br>En ce qui concerne les liens ou hyperliens, nous d\u00e9clinons toute responsabilit\u00e9 pour ceux qui<br>renvoient \u00e0 notre site web et, dans le cas de ceux qui apparaissent sur notre page, la connexion se<br>fera \u00e0 titre informatif et doit avoir notre autorisation.<\/p>\n\n\n\n<p>4. European Special Ladders S.A. adopte des mesures de s\u00e9curit\u00e9 raisonnablement appropri\u00e9es, conform\u00e9ment \u00e0 ses possibilit\u00e9s et \u00e0 l&#8217;\u00e9tat de la technologie, pour garantir le fonctionnement du Site et la s\u00e9curit\u00e9 des utilisateurs. Cependant, les mesures de s\u00e9curit\u00e9 sur Internet ne sont pas totalement fiables et donc l&#8217;absence de virus ou d&#8217;autres \u00e9l\u00e9ments alt\u00e9rant les syst\u00e8mes informatiques (logiciels et mat\u00e9riels) ou les documents de l&#8217;utilisateur n&#8217;est pas garantie.<\/p>\n\n\n\n<p>6. Le contenu du site Web est purement informatif et informatif. European Special Ladders S.A. . ne garantit pas l\u2019utilit\u00e9, la v\u00e9racit\u00e9 ou l\u2019actualit\u00e9 du contenu du Site.<\/p>\n\n\n\n<p>7. La visite du site Web n&#8217;implique pas l&#8217;enregistrement de donn\u00e9es personnelles.<\/p>\n\n\n\n<p>8. L&#8217;acc\u00e8s et la navigation sur le site Web sont publics, sauf dans les zones \u00e0 acc\u00e8s restreint, accessibles uniquement \u00e0 l&#8217;aide du mot de passe fourni par European Special Ladders S.A. Le mot de passe est personnel et intransmissible, et l&#8217;utilisateur est tenu de l&#8217;utiliser avec diligence et confidentialit\u00e9 et de ne pas permettre son utilisation \u00e0 des tiers non autoris\u00e9s par European Special Ladders S.A. L\u2019utilisateur doit imm\u00e9diatement informer European Special Ladders S.A. tout fait qui permet l&#8217;utilisation inappropri\u00e9e du mot de passe pour acc\u00e9der aux zones r\u00e9glement\u00e9es, dans le but que European Special Ladders S.A. peut proc\u00e9der \u00e0 son annulation.<\/p>\n\n\n\n<p>9. L&#8217;\u00e9tablissement de tout lien depuis le Web vers d&#8217;autres sites Web de tiers et\/ou depuis d&#8217;autres sites Web sur le Web n&#8217;implique pas l&#8217;existence d&#8217;un quelconque type de relation entre European Special Ladders S.A. et la personne responsable de l&#8217;autre site Web, et ce lien ne doit pas non plus \u00eatre interpr\u00e9t\u00e9 comme une approbation de European Special Ladders S.A. du contenu et de l&#8217;activit\u00e9 du site Web d&#8217;autrui.<\/p>\n\n\n\n<p>10. Le site Web est r\u00e9gi par la loi espagnole et toute divergence qui en r\u00e9sulterait sera r\u00e9gl\u00e9e par les tribunaux de la ville de Barcelone.<\/p>\n\n\n\n<div style=\"height:100px\" aria-hidden=\"true\" class=\"wp-block-spacer\"><\/div>\n","protected":false},"excerpt":{"rendered":"<p>1.Le site web situ\u00e9 \u00e0 l&#8217;URL www.esla.eu (ci-apr\u00e8s, le Web) est la propri\u00e9t\u00e9 de European SpecialLadders SA qui d\u00e9tient tous les droits, en tant que titulaire ou licenci\u00e9e, sur le contenu, la conceptionet le code source de celui-ci. 2. L&#8217;utilisation du site Internet est gratuite et s&#8217;effectue sous la responsabilit\u00e9 exclusive de l&#8217;utilisateur, avec European [&hellip;]<\/p>\n","protected":false},"author":1,"featured_media":0,"parent":0,"menu_order":0,"comment_status":"closed","ping_status":"closed","template":"","meta":{"inline_featured_image":false,"footnotes":""},"class_list":["post-8403","page","type-page","status-publish","hentry"],"rttpg_featured_image_url":null,"rttpg_author":{"display_name":"crealogica","author_link":"https:\/\/www.esla.eu\/fr\/author\/crealogica\/"},"rttpg_comment":0,"rttpg_category":" <a href=\"https:\/\/www.esla.eu\/fr\/?taxonomy=translation_priority&#038;term=facultatif\" rel=\"tag\">Facultatif<\/a>","rttpg_excerpt":"1.Le site web situ\u00e9 \u00e0 l&#8217;URL www.esla.eu (ci-apr\u00e8s, le Web) est la propri\u00e9t\u00e9 de European SpecialLadders SA qui d\u00e9tient tous les droits, en tant que titulaire ou licenci\u00e9e, sur le contenu, la conceptionet le code source de celui-ci. 2. L&#8217;utilisation du site Internet est gratuite et s&#8217;effectue sous la responsabilit\u00e9 exclusive de l&#8217;utilisateur, avec European\u2026","_links":{"self":[{"href":"https:\/\/www.esla.eu\/fr\/wp-json\/wp\/v2\/pages\/8403","targetHints":{"allow":["GET"]}}],"collection":[{"href":"https:\/\/www.esla.eu\/fr\/wp-json\/wp\/v2\/pages"}],"about":[{"href":"https:\/\/www.esla.eu\/fr\/wp-json\/wp\/v2\/types\/page"}],"author":[{"embeddable":true,"href":"https:\/\/www.esla.eu\/fr\/wp-json\/wp\/v2\/users\/1"}],"replies":[{"embeddable":true,"href":"https:\/\/www.esla.eu\/fr\/wp-json\/wp\/v2\/comments?post=8403"}],"version-history":[{"count":3,"href":"https:\/\/www.esla.eu\/fr\/wp-json\/wp\/v2\/pages\/8403\/revisions"}],"predecessor-version":[{"id":11581,"href":"https:\/\/www.esla.eu\/fr\/wp-json\/wp\/v2\/pages\/8403\/revisions\/11581"}],"wp:attachment":[{"href":"https:\/\/www.esla.eu\/fr\/wp-json\/wp\/v2\/media?parent=8403"}],"curies":[{"name":"wp","href":"https:\/\/api.w.org\/{rel}","templated":true}]}}