{"id":10602,"date":"2024-06-19T09:59:13","date_gmt":"2024-06-19T07:59:13","guid":{"rendered":"https:\/\/www.esla.eu\/?post_type=product&#038;p=10602"},"modified":"2025-05-29T16:05:42","modified_gmt":"2025-05-29T14:05:42","slug":"pc-800-2400-quais-roulant-dechargement-camions","status":"publish","type":"product","link":"https:\/\/www.esla.eu\/fr\/produits\/escaliers-a-plateforme\/pc-800-2400-quais-roulant-dechargement-camions\/","title":{"rendered":"PC-800-2400 &#8211; Quais roulant dechargement camions"},"content":{"rendered":"<ul>\n<li><span class=\"ui-provider eb baf avv bag bah bai baj bak bal bam ban bao bap baq bar bas bat bau bav baw bax bay baz bba bbb bbc bbd bbe bbf bbg bbh bbi bbj bbk bbl\" dir=\"ltr\">Acc\u00e8s en structure aluminium 100 x 25 m\u00e9cano-viss\u00e9 &#8211; Hauteur 1200 mm et 1400 mm<\/span><\/li>\n<li><span class=\"ui-provider eb baf avv bag bah bai baj bak bal bam ban bao bap baq bar bas bat bau bav baw bax bay baz bba bbb bbc bbd bbe bbf bbg bbh bbi bbj bbk bbl\" dir=\"ltr\">Marches prof 230 mm avec inclinaison escalier 45\u00b0 pour un confort maximum<\/span><\/li>\n<li><span class=\"ui-provider eb baf avv bag bah bai baj bak bal bam ban bao bap baq bar bas bat bau bav baw bax bay baz bba bbb bbc bbd bbe bbf bbg bbh bbi bbj bbk bbl\" dir=\"ltr\">Garde-corps hauteur 1100 mm + plinthes<\/span><\/li>\n<li><span class=\"ui-provider eb baf avv bag bah bai baj bak bal bam ban bao bap baq bar bas bat bau bav baw bax bay baz bba bbb bbc bbd bbe bbf bbg bbh bbi bbj bbk bbl\" dir=\"ltr\">Longueur de 2400 mm = mise en s\u00e9curit\u00e9 des personnes sur la largeur du camion<\/span><\/li>\n<li><span class=\"ui-provider eb baf avv bag bah bai baj bak bal bam ban bao bap baq bar bas bat bau bav baw bax bay baz bba bbb bbc bbd bbe bbf bbg bbh bbi bbj bbk bbl\" dir=\"ltr\">2 roues fixe \u00d8 150 mm + frein \u00e0 l&#8217;arri\u00e8re et 4 roues pivotantes \u00d8 150 mm + frein \u00e0 l&#8217;avant<\/span><\/li>\n<li><span class=\"ui-provider eb baf avv bag bah bai baj bak bal bam ban bao bap baq bar bas bat bau bav baw bax bay baz bba bbb bbc bbd bbe bbf bbg bbh bbi bbj bbk bbl\" dir=\"ltr\">Freins centralis\u00e9s par une poign\u00e9e en option (4\u00d74)<\/span><\/li>\n<\/ul>\n<p>&nbsp;<\/p>\n<p><span class=\"ui-provider eb baf avv bag bah bai baj bak bal bam ban bao bap baq bar bas bat bau bav baw bax bay baz bba bbb bbc bbd bbe bbf bbg bbh bbi bbj bbk bbl\" dir=\"ltr\">** Freins 4&#215;4: Blocage de toutes les roues par action de la poign\u00e9es<\/span><\/p>\n","protected":false},"excerpt":{"rendered":"<p>Acc\u00e8s en structure aluminium 100 x 25 m\u00e9cano-viss\u00e9 &#8211; Hauteur 1200 mm et 1400 mm Marches prof 230 mm avec inclinaison escalier 45\u00b0 pour un confort maximum Garde-corps hauteur 1100 mm + plinthes Longueur de 2400 mm = mise en s\u00e9curit\u00e9 des personnes sur la largeur du camion 2 roues fixe \u00d8 150 mm + [&hellip;]<\/p>\n","protected":false},"featured_media":10603,"template":"","meta":{"inline_featured_image":false},"product_brand":[],"product_cat":[104,106],"product_tag":[],"class_list":{"0":"post-10602","1":"product","2":"type-product","3":"status-publish","4":"has-post-thumbnail","6":"product_cat-escaliers-a-plateforme","7":"product_cat-plateformes-de-travail","9":"first","10":"instock","11":"shipping-taxable","12":"product-type-simple"},"_links":{"self":[{"href":"https:\/\/www.esla.eu\/fr\/wp-json\/wp\/v2\/product\/10602","targetHints":{"allow":["GET"]}}],"collection":[{"href":"https:\/\/www.esla.eu\/fr\/wp-json\/wp\/v2\/product"}],"about":[{"href":"https:\/\/www.esla.eu\/fr\/wp-json\/wp\/v2\/types\/product"}],"wp:featuredmedia":[{"embeddable":true,"href":"https:\/\/www.esla.eu\/fr\/wp-json\/wp\/v2\/media\/10603"}],"wp:attachment":[{"href":"https:\/\/www.esla.eu\/fr\/wp-json\/wp\/v2\/media?parent=10602"}],"wp:term":[{"taxonomy":"product_brand","embeddable":true,"href":"https:\/\/www.esla.eu\/fr\/wp-json\/wp\/v2\/product_brand?post=10602"},{"taxonomy":"product_cat","embeddable":true,"href":"https:\/\/www.esla.eu\/fr\/wp-json\/wp\/v2\/product_cat?post=10602"},{"taxonomy":"product_tag","embeddable":true,"href":"https:\/\/www.esla.eu\/fr\/wp-json\/wp\/v2\/product_tag?post=10602"}],"curies":[{"name":"wp","href":"https:\/\/api.w.org\/{rel}","templated":true}]}}