{"id":10654,"date":"2024-06-18T10:53:39","date_gmt":"2024-06-18T08:53:39","guid":{"rendered":"https:\/\/www.esla.eu\/?post_type=product&#038;p=10654"},"modified":"2025-05-29T16:05:42","modified_gmt":"2025-05-29T14:05:42","slug":"pd-800-plateforme-dechets-45o","status":"publish","type":"product","link":"https:\/\/www.esla.eu\/fr\/produits\/escaliers-a-plateforme\/pd-800-plateforme-dechets-45o\/","title":{"rendered":"PD-800 &#8211; Plateforme d\u00e9chets 45\u00ba"},"content":{"rendered":"<ul>\n<li><span class=\"ui-provider eb baf avv bag bah bai baj bak bal bam ban bao bap baq bar bas bat bau bav baw bax bay baz bba bbb bbc bbd bbe bbf bbg bbh bbi bbj bbk bbl\" dir=\"ltr\">Acc\u00e8s en structure aluminium 100 x 25 m\u00e9cano-viss\u00e9<\/span><\/li>\n<li><span class=\"ui-provider eb baf avv bag bah bai baj bak bal bam ban bao bap baq bar bas bat bau bav baw bax bay baz bba bbb bbc bbd bbe bbf bbg bbh bbi bbj bbk bbl\" dir=\"ltr\">Marches stri\u00e9es prof 230 mm avec inclinaison escalier 45\u00b0 pour un confort maximum<\/span><\/li>\n<li><span class=\"ui-provider eb baf avv bag bah bai baj bak bal bam ban bao bap baq bar bas bat bau bav baw bax bay baz bba bbb bbc bbd bbe bbf bbg bbh bbi bbj bbk bbl\" dir=\"ltr\">Equip\u00e9 de garde-corps et rampes des 2 cot\u00e9s + plinthes<\/span><\/li>\n<li><span class=\"ui-provider eb baf avv bag bah bai baj bak bal bam ban bao bap baq bar bas bat bau bav baw bax bay baz bba bbb bbc bbd bbe bbf bbg bbh bbi bbj bbk bbl\" dir=\"ltr\">Portillon en option<\/span><\/li>\n<li><span class=\"ui-provider eb baf avv bag bah bai baj bak bal bam ban bao bap baq bar bas bat bau bav baw bax bay baz bba bbb bbc bbd bbe bbf bbg bbh bbi bbj bbk bbl\" dir=\"ltr\">2 roues fixe \u00d8 150 mm \u00e0 l&#8217;arri\u00e8re et 2\/4 roues pivotantes \u00d8 150 mm + frein \u00e0 l&#8217;avant<\/span><\/li>\n<\/ul>\n","protected":false},"excerpt":{"rendered":"<p>Acc\u00e8s en structure aluminium 100 x 25 m\u00e9cano-viss\u00e9 Marches stri\u00e9es prof 230 mm avec inclinaison escalier 45\u00b0 pour un confort maximum Equip\u00e9 de garde-corps et rampes des 2 cot\u00e9s + plinthes Portillon en option 2 roues fixe \u00d8 150 mm \u00e0 l&#8217;arri\u00e8re et 2\/4 roues pivotantes \u00d8 150 mm + frein \u00e0 l&#8217;avant<\/p>\n","protected":false},"featured_media":10624,"template":"","meta":{"inline_featured_image":false},"product_brand":[],"product_cat":[104,106],"product_tag":[],"class_list":{"0":"post-10654","1":"product","2":"type-product","3":"status-publish","4":"has-post-thumbnail","6":"product_cat-escaliers-a-plateforme","7":"product_cat-plateformes-de-travail","9":"first","10":"instock","11":"shipping-taxable","12":"product-type-simple"},"_links":{"self":[{"href":"https:\/\/www.esla.eu\/fr\/wp-json\/wp\/v2\/product\/10654","targetHints":{"allow":["GET"]}}],"collection":[{"href":"https:\/\/www.esla.eu\/fr\/wp-json\/wp\/v2\/product"}],"about":[{"href":"https:\/\/www.esla.eu\/fr\/wp-json\/wp\/v2\/types\/product"}],"wp:featuredmedia":[{"embeddable":true,"href":"https:\/\/www.esla.eu\/fr\/wp-json\/wp\/v2\/media\/10624"}],"wp:attachment":[{"href":"https:\/\/www.esla.eu\/fr\/wp-json\/wp\/v2\/media?parent=10654"}],"wp:term":[{"taxonomy":"product_brand","embeddable":true,"href":"https:\/\/www.esla.eu\/fr\/wp-json\/wp\/v2\/product_brand?post=10654"},{"taxonomy":"product_cat","embeddable":true,"href":"https:\/\/www.esla.eu\/fr\/wp-json\/wp\/v2\/product_cat?post=10654"},{"taxonomy":"product_tag","embeddable":true,"href":"https:\/\/www.esla.eu\/fr\/wp-json\/wp\/v2\/product_tag?post=10654"}],"curies":[{"name":"wp","href":"https:\/\/api.w.org\/{rel}","templated":true}]}}