{"id":12198,"date":"2025-02-14T11:20:00","date_gmt":"2025-02-14T10:20:00","guid":{"rendered":"https:\/\/www.esla.eu\/?post_type=product&#038;p=12198"},"modified":"2025-02-14T11:39:12","modified_gmt":"2025-02-14T10:39:12","slug":"plateforme-mobile-reglable-en-hauteur","status":"publish","type":"product","link":"https:\/\/www.esla.eu\/fr\/produits\/solutions-speciales\/plateformes-reglables-et-remorquables\/plateforme-mobile-reglable-en-hauteur\/","title":{"rendered":"2001579 &#8211; Plateforme mobile r\u00e9glable en hauteur"},"content":{"rendered":"<div class=\"elementor-column elementor-col-50 elementor-inner-column elementor-element elementor-element-d2cda06 animated fadeInLeft\" data-id=\"d2cda06\" data-element_type=\"column\" data-settings=\"{&quot;animation&quot;:&quot;fadeInLeft&quot;,&quot;animation_mobile&quot;:&quot;none&quot;}\">\n<div class=\"elementor-widget-wrap elementor-element-populated\">\n<div class=\"elementor-element elementor-element-a6d3ac0 elementor-widget elementor-widget-text-editor\" data-id=\"a6d3ac0\" data-element_type=\"widget\" data-widget_type=\"text-editor.default\">\n<div class=\"elementor-widget-container\">\n<p>Plate-forme est con\u00e7ue pour travailler autour du camion, offrant une solution polyvalente et s\u00fbre pour une vari\u00e9t\u00e9 de t\u00e2ches de maintenance et d\u2019entretien. Gr\u00e2ce \u00e0 sa conception ergonomique et \u00e0 son<br \/>\nrobuste, notre plateforme offre un acc\u00e8s pratique aux diff\u00e9rentes zones du camion, ce qui facilite l\u2019inspection, la r\u00e9paration et le nettoyage.<\/p>\n<p>\u00c9quip\u00e9s de dispositifs de s\u00e9curit\u00e9 complets, nous garantissons un environnement de travail prot\u00e9g\u00e9 pour les op\u00e9rateurs.<\/p>\n<\/div>\n<\/div>\n<\/div>\n<\/div>\n<div class=\"elementor-column elementor-col-50 elementor-inner-column elementor-element elementor-element-e2ede26 animated fadeInRight\" data-id=\"e2ede26\" data-element_type=\"column\" data-settings=\"{&quot;animation&quot;:&quot;fadeInRight&quot;,&quot;animation_mobile&quot;:&quot;none&quot;}\">\n<div class=\"elementor-widget-wrap elementor-element-populated\">\n<div class=\"elementor-element elementor-element-f44fd01 elementor-widget elementor-widget-text-editor\" data-id=\"f44fd01\" data-element_type=\"widget\" data-widget_type=\"text-editor.default\">\n<div class=\"elementor-widget-container\">\n<ul>\n<li>Couvre une plage de 1800 \u00e0 2200 mm. Il est actionn\u00e9 manuellement au moyen d\u2019une manivelle et d\u2019une cr\u00e9maill\u00e8re.<\/li>\n<li>L\u2019\u00e9chelle d\u2019acc\u00e8s \u00e0 la plate-forme est un parall\u00e9logramme dont l\u2019inclinaison s\u2019adapte \u00e0 la hauteur r\u00e9glable.<\/li>\n<li>Syst\u00e8me de freinage avec levier qui bloque les roues en m\u00eame temps.<\/li>\n<li>La plate-forme est \u00e9quip\u00e9e d\u2019un profil\u00e9 en caoutchouc pour \u00e9viter tout contact, et pr\u00e9sente un petit surplomb d\u2019environ 200 mm pour se rapprocher du v\u00e9hicule.<\/li>\n<li>\u00c9quip\u00e9 de mains courantes et d\u2019une porte automatique pour assurer la s\u00e9curit\u00e9 des travailleurs.<\/li>\n<li>Pr\u00eat \u00e0 travailler avec deux personnes en m\u00eame temps.<\/li>\n<\/ul>\n<\/div>\n<\/div>\n<\/div>\n<\/div>\n","protected":false},"excerpt":{"rendered":"<p>Plate-forme est con\u00e7ue pour travailler autour du camion, offrant une solution polyvalente et s\u00fbre pour une vari\u00e9t\u00e9 de t\u00e2ches de maintenance et d\u2019entretien. Gr\u00e2ce \u00e0 sa conception ergonomique et \u00e0 son robuste, notre plateforme offre un acc\u00e8s pratique aux diff\u00e9rentes zones du camion, ce qui facilite l\u2019inspection, la r\u00e9paration et le nettoyage. \u00c9quip\u00e9s de dispositifs [&hellip;]<\/p>\n","protected":false},"featured_media":12203,"template":"","meta":{"inline_featured_image":false},"product_brand":[],"product_cat":[110,114],"product_tag":[],"class_list":{"0":"post-12198","1":"product","2":"type-product","3":"status-publish","4":"has-post-thumbnail","6":"product_cat-plateformes-elevatrices","7":"product_cat-plateformes-reglables-et-remorquables","9":"first","10":"instock","11":"shipping-taxable","12":"product-type-simple"},"_links":{"self":[{"href":"https:\/\/www.esla.eu\/fr\/wp-json\/wp\/v2\/product\/12198","targetHints":{"allow":["GET"]}}],"collection":[{"href":"https:\/\/www.esla.eu\/fr\/wp-json\/wp\/v2\/product"}],"about":[{"href":"https:\/\/www.esla.eu\/fr\/wp-json\/wp\/v2\/types\/product"}],"wp:featuredmedia":[{"embeddable":true,"href":"https:\/\/www.esla.eu\/fr\/wp-json\/wp\/v2\/media\/12203"}],"wp:attachment":[{"href":"https:\/\/www.esla.eu\/fr\/wp-json\/wp\/v2\/media?parent=12198"}],"wp:term":[{"taxonomy":"product_brand","embeddable":true,"href":"https:\/\/www.esla.eu\/fr\/wp-json\/wp\/v2\/product_brand?post=12198"},{"taxonomy":"product_cat","embeddable":true,"href":"https:\/\/www.esla.eu\/fr\/wp-json\/wp\/v2\/product_cat?post=12198"},{"taxonomy":"product_tag","embeddable":true,"href":"https:\/\/www.esla.eu\/fr\/wp-json\/wp\/v2\/product_tag?post=12198"}],"curies":[{"name":"wp","href":"https:\/\/api.w.org\/{rel}","templated":true}]}}