{"id":7476,"date":"2024-03-05T11:03:39","date_gmt":"2024-03-05T10:03:39","guid":{"rendered":"https:\/\/esla.crealogica.eu\/productos\/non%20class\u00e9\/10200-echelle-fixe-dacces-et-de-travail-60-en-131-1-2\/"},"modified":"2025-05-29T16:06:02","modified_gmt":"2025-05-29T14:06:02","slug":"10200-echelle-fixe-dacces-et-de-travail-60-en-131-1-2","status":"publish","type":"product","link":"https:\/\/www.esla.eu\/fr\/produits\/escaliers-a-plateforme\/escalier-fixe-acces-et-travaux-grenier\/10200-echelle-fixe-dacces-et-de-travail-60-en-131-1-2\/","title":{"rendered":"10200 &#8211; Echelle fixe d&#8217;acc\u00e8s et de travail 60\u00b0 EN 131-1 \/ EN 131-2"},"content":{"rendered":"<p><strong>Fonctionnalit\u00e9s \u00e0 souligner<\/strong><\/p>\n<p>Hauteur de travail maximale approximative (mts)\u00a0:\u00a05<\/p>\n<p>Inclinaison \u00b0\u00a0: 60<\/p>\n<p>\u00c9chelon (mm)\u00a0: 200<\/p>\n<p>S\u00e9paration des marches (mm)\u00a0: 250<\/p>\n<p><strong>Autres d\u00e9tails<\/strong><\/p>\n<p>L&#8217;inclinaison de 60\u00b0 vous oblige \u00e0 descendre sur le dos.<\/p>\n<p>Profil\u00e9s extrud\u00e9s.<\/p>\n<p>Plateforme 600 x 600.<\/p>\n<p>Il est fourni avec des ancrages inf\u00e9rieurs et sup\u00e9rieurs \u00e0 installer.<\/p>\n<p>Deuxi\u00e8me garde-corps en option.<\/p>\n","protected":false},"excerpt":{"rendered":"<h2>Escaliers en aluminium \u00e0 r\u00e9parer. Utile pour acc\u00e9der \u00e0 un loft ou similaire, ou pour travailler depuis la plateforme.<\/h2>\n","protected":false},"featured_media":532,"template":"","meta":{"inline_featured_image":false},"product_brand":[],"product_cat":[105],"product_tag":[],"class_list":{"0":"post-7476","1":"product","2":"type-product","3":"status-publish","4":"has-post-thumbnail","6":"product_cat-escalier-fixe-acces-et-travaux-grenier","8":"first","9":"instock","10":"shipping-taxable","11":"purchasable","12":"product-type-variable"},"_links":{"self":[{"href":"https:\/\/www.esla.eu\/fr\/wp-json\/wp\/v2\/product\/7476","targetHints":{"allow":["GET"]}}],"collection":[{"href":"https:\/\/www.esla.eu\/fr\/wp-json\/wp\/v2\/product"}],"about":[{"href":"https:\/\/www.esla.eu\/fr\/wp-json\/wp\/v2\/types\/product"}],"wp:featuredmedia":[{"embeddable":true,"href":"https:\/\/www.esla.eu\/fr\/wp-json\/wp\/v2\/media\/532"}],"wp:attachment":[{"href":"https:\/\/www.esla.eu\/fr\/wp-json\/wp\/v2\/media?parent=7476"}],"wp:term":[{"taxonomy":"product_brand","embeddable":true,"href":"https:\/\/www.esla.eu\/fr\/wp-json\/wp\/v2\/product_brand?post=7476"},{"taxonomy":"product_cat","embeddable":true,"href":"https:\/\/www.esla.eu\/fr\/wp-json\/wp\/v2\/product_cat?post=7476"},{"taxonomy":"product_tag","embeddable":true,"href":"https:\/\/www.esla.eu\/fr\/wp-json\/wp\/v2\/product_tag?post=7476"}],"curies":[{"name":"wp","href":"https:\/\/api.w.org\/{rel}","templated":true}]}}