{"id":7486,"date":"2024-03-13T07:48:35","date_gmt":"2024-03-13T06:48:35","guid":{"rendered":"https:\/\/esla.crealogica.eu\/productos\/non%20class\u00e9\/10103-10105-10100-plateforme-de-travail-mobile-35-45-60-en131-7\/"},"modified":"2025-05-29T16:05:59","modified_gmt":"2025-05-29T14:05:59","slug":"10103-10105-10100-plateforme-de-travail-mobile-35-45-60-en131-7","status":"publish","type":"product","link":"https:\/\/www.esla.eu\/fr\/produits\/escaliers-a-plateforme\/plateformes-de-travail\/10103-10105-10100-plateforme-de-travail-mobile-35-45-60-en131-7\/","title":{"rendered":"10103\/10105\/10100 &#8211; Plateforme de travail mobile 35\u00b0\/45\u00b0\/60\u00b0 EN131-7"},"content":{"rendered":"<p style=\"font-weight: 400;\"><b><strong>Fonctionnalit\u00e9s \u00e0 souligner<\/strong><\/b><\/p>\n<p style=\"font-weight: 400;\">LES STABILISATEURS PEUVENT \u00caTRE COUP\u00c9S EN PLACEMENT DES CONTREPOIDS. Demander un devis<\/p>\n<p style=\"font-weight: 400;\">LES PLATEFORMES SONT CON\u00c7UES POUR UN USAGE INT\u00c9RIEUR, EN CAS D&#8217;UTILISATION EXT\u00c9RIEURE, CONSULTER<\/p>\n<p style=\"font-weight: 400;\"><b><strong>Autres d\u00e9tails<\/strong><\/b><\/p>\n<p style=\"font-weight: 400;\">Profils extrud\u00e9s.<\/p>\n<p style=\"font-weight: 400;\">Fix\u00e9 avec des roues.<\/p>\n<p style=\"font-weight: 400;\">R\u00e9sistance horizontale au renversement de 30 kilos.<\/p>\n<p style=\"font-weight: 400;\">Roues arri\u00e8re 150 mm (\u00e0 partir de 7 marches 200 mm) avec frein \u00e0 levier.<\/p>\n<p style=\"font-weight: 400;\">Poign\u00e9es avant pour tenir.<\/p>\n<p style=\"font-weight: 400;\">La plateforme dispose de 2 garde-corps int\u00e9gr\u00e9s.<\/p>\n","protected":false},"excerpt":{"rendered":"<p>Fonctionnalit\u00e9s \u00e0 souligner LES STABILISATEURS PEUVENT \u00caTRE COUP\u00c9S EN PLACEMENT DES CONTREPOIDS. Demander un devis LES PLATEFORMES SONT CON\u00c7UES POUR UN USAGE INT\u00c9RIEUR, EN CAS D&#8217;UTILISATION EXT\u00c9RIEURE, CONSULTER Autres d\u00e9tails Profils extrud\u00e9s. Fix\u00e9 avec des roues. R\u00e9sistance horizontale au renversement de 30 kilos. Roues arri\u00e8re 150 mm (\u00e0 partir de 7 marches 200 mm) avec [&hellip;]<\/p>\n","protected":false},"featured_media":4483,"template":"","meta":{"inline_featured_image":false},"product_brand":[],"product_cat":[106],"product_tag":[],"class_list":{"0":"post-7486","1":"product","2":"type-product","3":"status-publish","4":"has-post-thumbnail","6":"product_cat-plateformes-de-travail","8":"first","9":"instock","10":"shipping-taxable","11":"purchasable","12":"product-type-variable"},"_links":{"self":[{"href":"https:\/\/www.esla.eu\/fr\/wp-json\/wp\/v2\/product\/7486","targetHints":{"allow":["GET"]}}],"collection":[{"href":"https:\/\/www.esla.eu\/fr\/wp-json\/wp\/v2\/product"}],"about":[{"href":"https:\/\/www.esla.eu\/fr\/wp-json\/wp\/v2\/types\/product"}],"wp:featuredmedia":[{"embeddable":true,"href":"https:\/\/www.esla.eu\/fr\/wp-json\/wp\/v2\/media\/4483"}],"wp:attachment":[{"href":"https:\/\/www.esla.eu\/fr\/wp-json\/wp\/v2\/media?parent=7486"}],"wp:term":[{"taxonomy":"product_brand","embeddable":true,"href":"https:\/\/www.esla.eu\/fr\/wp-json\/wp\/v2\/product_brand?post=7486"},{"taxonomy":"product_cat","embeddable":true,"href":"https:\/\/www.esla.eu\/fr\/wp-json\/wp\/v2\/product_cat?post=7486"},{"taxonomy":"product_tag","embeddable":true,"href":"https:\/\/www.esla.eu\/fr\/wp-json\/wp\/v2\/product_tag?post=7486"}],"curies":[{"name":"wp","href":"https:\/\/api.w.org\/{rel}","templated":true}]}}