{"id":7527,"date":"2024-03-14T12:03:50","date_gmt":"2024-03-14T11:03:50","guid":{"rendered":"https:\/\/esla.crealogica.eu\/productos\/non%20class\u00e9\/10102-plateforme-de-travail-mobile-rabattable-a-60-en131-7\/"},"modified":"2025-05-29T16:05:51","modified_gmt":"2025-05-29T14:05:51","slug":"10102-plateforme-de-travail-mobile-rabattable-a-60-en131-7","status":"publish","type":"product","link":"https:\/\/www.esla.eu\/fr\/produits\/escaliers-a-plateforme\/plateformes-de-travail\/10102-plateforme-de-travail-mobile-rabattable-a-60-en131-7\/","title":{"rendered":"10102 &#8211; Plateforme de travail mobile rabattable \u00e0 60\u00b0 EN131-7"},"content":{"rendered":"<p style=\"font-weight: 400;\"><b><strong>Fonctionnalit\u00e9s \u00e0 souligner<\/strong><\/b><\/p>\n<p style=\"font-weight: 400;\">LES PLATEFORMES SONT CON\u00c7UES POUR UN USAGE INT\u00c9RIEUR, EN CAS D&#8217;UTILISATION EXT\u00c9RIEURE, CONSULTER<\/p>\n<p style=\"font-weight: 400;\">Hauteur de travail maximale approximative (mts) : 5<\/p>\n<p style=\"font-weight: 400;\">Inclinaison \u00b0\u00a0: 60<\/p>\n<p style=\"font-weight: 400;\">\u00c9chelon (mm)\u00a0: 200<\/p>\n<p style=\"font-weight: 400;\">Espacement des \u00e9chelons (mm)\u00a0: 250<\/p>\n<p style=\"font-weight: 400;\"><b><strong>Autres d\u00e9tails<\/strong><\/b><\/p>\n<p style=\"font-weight: 400;\">Profils extrud\u00e9s.<\/p>\n<p style=\"font-weight: 400;\">Pliable avec roulettes.<\/p>\n<p style=\"font-weight: 400;\">Plateforme 600 x 600.<\/p>\n<p style=\"font-weight: 400;\">R\u00e9sistance horizontale au renversement de 30 kilos.<\/p>\n<p style=\"font-weight: 400;\">Roues arri\u00e8re 150 mm avec frein \u00e0 levier.<\/p>\n<p style=\"font-weight: 400;\">Poign\u00e9es avant pour tenir.<\/p>\n","protected":false},"excerpt":{"rendered":"<p>Fonctionnalit\u00e9s \u00e0 souligner LES PLATEFORMES SONT CON\u00c7UES POUR UN USAGE INT\u00c9RIEUR, EN CAS D&#8217;UTILISATION EXT\u00c9RIEURE, CONSULTER Hauteur de travail maximale approximative (mts) : 5 Inclinaison \u00b0\u00a0: 60 \u00c9chelon (mm)\u00a0: 200 Espacement des \u00e9chelons (mm)\u00a0: 250 Autres d\u00e9tails Profils extrud\u00e9s. Pliable avec roulettes. Plateforme 600 x 600. R\u00e9sistance horizontale au renversement de 30 kilos. Roues arri\u00e8re [&hellip;]<\/p>\n","protected":false},"featured_media":2549,"template":"","meta":{"inline_featured_image":false},"product_brand":[],"product_cat":[106],"product_tag":[],"class_list":{"0":"post-7527","1":"product","2":"type-product","3":"status-publish","4":"has-post-thumbnail","6":"product_cat-plateformes-de-travail","8":"first","9":"instock","10":"shipping-taxable","11":"product-type-simple"},"_links":{"self":[{"href":"https:\/\/www.esla.eu\/fr\/wp-json\/wp\/v2\/product\/7527","targetHints":{"allow":["GET"]}}],"collection":[{"href":"https:\/\/www.esla.eu\/fr\/wp-json\/wp\/v2\/product"}],"about":[{"href":"https:\/\/www.esla.eu\/fr\/wp-json\/wp\/v2\/types\/product"}],"wp:featuredmedia":[{"embeddable":true,"href":"https:\/\/www.esla.eu\/fr\/wp-json\/wp\/v2\/media\/2549"}],"wp:attachment":[{"href":"https:\/\/www.esla.eu\/fr\/wp-json\/wp\/v2\/media?parent=7527"}],"wp:term":[{"taxonomy":"product_brand","embeddable":true,"href":"https:\/\/www.esla.eu\/fr\/wp-json\/wp\/v2\/product_brand?post=7527"},{"taxonomy":"product_cat","embeddable":true,"href":"https:\/\/www.esla.eu\/fr\/wp-json\/wp\/v2\/product_cat?post=7527"},{"taxonomy":"product_tag","embeddable":true,"href":"https:\/\/www.esla.eu\/fr\/wp-json\/wp\/v2\/product_tag?post=7527"}],"curies":[{"name":"wp","href":"https:\/\/api.w.org\/{rel}","templated":true}]}}