{"id":7552,"date":"2024-03-15T10:15:21","date_gmt":"2024-03-15T09:15:21","guid":{"rendered":"https:\/\/esla.crealogica.eu\/productos\/non%20class\u00e9\/10403-10405-10400-tabouret-de-travail-avec-grande-plateforme-35-45-60-en14183\/"},"modified":"2025-05-29T16:05:50","modified_gmt":"2025-05-29T14:05:50","slug":"10403-10405-10400-tabouret-de-travail-avec-grande-plateforme-35-45-60-en14183","status":"publish","type":"product","link":"https:\/\/www.esla.eu\/fr\/produits\/escaliers-a-plateforme\/tabouret-de-travail-a-grande-plateforme\/10403-10405-10400-tabouret-de-travail-avec-grande-plateforme-35-45-60-en14183\/","title":{"rendered":"10403\/10405\/10400 &#8211; Tabouret de travail avec grande plateforme 35\u00b0\/45\u00b0\/60\u00b0 EN14183"},"content":{"rendered":"<p><strong>D\u00e9tails<\/strong><\/p>\n<p>Profil\u00e9s extrud\u00e9s.<\/p>\n<p>Fix\u00e9 avec des roues.<\/p>\n<p>Plateforme 800 x 800.<\/p>\n<p>Roues arri\u00e8re tangentielles pour se d\u00e9placer.<\/p>\n<p>Poign\u00e9es avant pour tenir.<\/p>\n","protected":false},"excerpt":{"rendered":"<p>D\u00e9tails Profil\u00e9s extrud\u00e9s. Fix\u00e9 avec des roues. Plateforme 800 x 800. Roues arri\u00e8re tangentielles pour se d\u00e9placer. Poign\u00e9es avant pour tenir.<\/p>\n","protected":false},"featured_media":2657,"template":"","meta":{"inline_featured_image":false},"product_brand":[],"product_cat":[108],"product_tag":[],"class_list":{"0":"post-7552","1":"product","2":"type-product","3":"status-publish","4":"has-post-thumbnail","6":"product_cat-tabouret-de-travail-a-grande-plateforme","8":"first","9":"instock","10":"shipping-taxable","11":"purchasable","12":"product-type-variable"},"_links":{"self":[{"href":"https:\/\/www.esla.eu\/fr\/wp-json\/wp\/v2\/product\/7552","targetHints":{"allow":["GET"]}}],"collection":[{"href":"https:\/\/www.esla.eu\/fr\/wp-json\/wp\/v2\/product"}],"about":[{"href":"https:\/\/www.esla.eu\/fr\/wp-json\/wp\/v2\/types\/product"}],"wp:featuredmedia":[{"embeddable":true,"href":"https:\/\/www.esla.eu\/fr\/wp-json\/wp\/v2\/media\/2657"}],"wp:attachment":[{"href":"https:\/\/www.esla.eu\/fr\/wp-json\/wp\/v2\/media?parent=7552"}],"wp:term":[{"taxonomy":"product_brand","embeddable":true,"href":"https:\/\/www.esla.eu\/fr\/wp-json\/wp\/v2\/product_brand?post=7552"},{"taxonomy":"product_cat","embeddable":true,"href":"https:\/\/www.esla.eu\/fr\/wp-json\/wp\/v2\/product_cat?post=7552"},{"taxonomy":"product_tag","embeddable":true,"href":"https:\/\/www.esla.eu\/fr\/wp-json\/wp\/v2\/product_tag?post=7552"}],"curies":[{"name":"wp","href":"https:\/\/api.w.org\/{rel}","templated":true}]}}