{"id":7565,"date":"2024-03-18T07:42:27","date_gmt":"2024-03-18T06:42:27","guid":{"rendered":"https:\/\/esla.crealogica.eu\/productos\/non%20class\u00e9\/11002-tabouret-leger-en-aluminium-51-en14183\/"},"modified":"2025-05-29T16:05:49","modified_gmt":"2025-05-29T14:05:49","slug":"11002-tabouret-leger-en-aluminium-51-en14183","status":"publish","type":"product","link":"https:\/\/www.esla.eu\/fr\/produits\/escaliers-a-plateforme\/tabourets-legers\/11002-tabouret-leger-en-aluminium-51-en14183\/","title":{"rendered":"11002 &#8211; Tabouret l\u00e9ger en aluminium 51\u00b0 EN14183"},"content":{"rendered":"<p><strong>Fonctionnalit\u00e9s \u00e0 souligner<\/strong><\/p>\n<p>Hauteur de travail maximale approximative (mts)\u00a0: 3<\/p>\n<p>Inclinaison \u00b0\u00a0: 51<\/p>\n<p>\u00c9chelon (mm)\u00a0: 200 \/ 300 derniers<\/p>\n<p>Espacement des \u00e9chelons (mm)\u00a0: 250<\/p>\n<p><strong>Autres d\u00e9tails<\/strong><\/p>\n<p>Profil\u00e9s extrud\u00e9s.<\/p>\n<p>Montants lat\u00e9raux rectangulaires.<\/p>\n<p>Enti\u00e8rement soud\u00e9.<\/p>\n<p>La structure lat\u00e9rale est renforc\u00e9e individuellement sur chacune des marches.<\/p>\n<p>Cette s\u00e9rie cherche \u00e0 occuper le moins d&#8217;espace possible.<\/p>\n","protected":false},"excerpt":{"rendered":"<p>Fonctionnalit\u00e9s \u00e0 souligner Hauteur de travail maximale approximative (mts)\u00a0: 3 Inclinaison \u00b0\u00a0: 51 \u00c9chelon (mm)\u00a0: 200 \/ 300 derniers Espacement des \u00e9chelons (mm)\u00a0: 250 Autres d\u00e9tails Profil\u00e9s extrud\u00e9s. Montants lat\u00e9raux rectangulaires. Enti\u00e8rement soud\u00e9. La structure lat\u00e9rale est renforc\u00e9e individuellement sur chacune des marches. Cette s\u00e9rie cherche \u00e0 occuper le moins d&#8217;espace possible.<\/p>\n","protected":false},"featured_media":2760,"template":"","meta":{"inline_featured_image":false},"product_brand":[],"product_cat":[109],"product_tag":[],"class_list":{"0":"post-7565","1":"product","2":"type-product","3":"status-publish","4":"has-post-thumbnail","6":"product_cat-tabourets-legers","8":"first","9":"instock","10":"shipping-taxable","11":"product-type-simple"},"_links":{"self":[{"href":"https:\/\/www.esla.eu\/fr\/wp-json\/wp\/v2\/product\/7565","targetHints":{"allow":["GET"]}}],"collection":[{"href":"https:\/\/www.esla.eu\/fr\/wp-json\/wp\/v2\/product"}],"about":[{"href":"https:\/\/www.esla.eu\/fr\/wp-json\/wp\/v2\/types\/product"}],"wp:featuredmedia":[{"embeddable":true,"href":"https:\/\/www.esla.eu\/fr\/wp-json\/wp\/v2\/media\/2760"}],"wp:attachment":[{"href":"https:\/\/www.esla.eu\/fr\/wp-json\/wp\/v2\/media?parent=7565"}],"wp:term":[{"taxonomy":"product_brand","embeddable":true,"href":"https:\/\/www.esla.eu\/fr\/wp-json\/wp\/v2\/product_brand?post=7565"},{"taxonomy":"product_cat","embeddable":true,"href":"https:\/\/www.esla.eu\/fr\/wp-json\/wp\/v2\/product_cat?post=7565"},{"taxonomy":"product_tag","embeddable":true,"href":"https:\/\/www.esla.eu\/fr\/wp-json\/wp\/v2\/product_tag?post=7565"}],"curies":[{"name":"wp","href":"https:\/\/api.w.org\/{rel}","templated":true}]}}