{"id":7567,"date":"2024-03-13T16:51:47","date_gmt":"2024-03-13T15:51:47","guid":{"rendered":"https:\/\/esla.crealogica.eu\/productos\/non%20class\u00e9\/8013-echelle-telescopique-portative-1-plan-en131-1-2\/"},"modified":"2025-05-29T16:05:53","modified_gmt":"2025-05-29T14:05:53","slug":"8013-echelle-telescopique-portative-1-plan-en131-1-2","status":"publish","type":"product","link":"https:\/\/www.esla.eu\/fr\/produits\/echelles-portatives\/8013-echelle-telescopique-portative-1-plan-en131-1-2\/","title":{"rendered":"8013 &#8211; \u00c9chelle t\u00e9lescopique portative 1 plan EN131.1-2"},"content":{"rendered":"<p><strong>Fonctionnalit\u00e9s \u00e0 souligner<\/strong><\/p>\n<p>Hauteur de travail maximale approximative (mts)\u00a0: 4,36<\/p>\n<p>Inclinaison \u00b0\u00a0: 75<\/p>\n<p>\u00c9chelon (mm)\u00a0: 65<\/p>\n<p>Largeur (mm)\u00a0: 445<\/p>\n<p>Espacement des \u00e9chelons (mm)\u00a0: 280<\/p>\n<p><strong>Autres d\u00e9tails<\/strong><\/p>\n<p>\u00c9chelle r\u00e9glable en hauteur par intervalles de 280\u00a0mm.<\/p>\n<p>L&#8217;\u00e9chelle peut \u00eatre d\u00e9verrouill\u00e9e et d\u00e9ploy\u00e9e tr\u00e8s facilement.<\/p>\n<p>Gr\u00e2ce \u00e0 un syst\u00e8me d&#8217;amortissement, l&#8217;\u00e9chelle peut se d\u00e9ployer progressivement. De cette fa\u00e7on, vos doigts sont prot\u00e9g\u00e9s.<\/p>\n<p>Travail confortable gr\u00e2ce \u00e0 une entretoise murale int\u00e9gr\u00e9e.<\/p>\n<p>Sac \u00e0 outils inclus.<\/p>\n<p>Il prend tr\u00e8s peu de place lors du stockage et du transport.<\/p>\n<p>Traverse stable donc grande stabilit\u00e9.<\/p>\n","protected":false},"excerpt":{"rendered":"<p>Fonctionnalit\u00e9s \u00e0 souligner Hauteur de travail maximale approximative (mts)\u00a0: 4,36 Inclinaison \u00b0\u00a0: 75 \u00c9chelon (mm)\u00a0: 65 Largeur (mm)\u00a0: 445 Espacement des \u00e9chelons (mm)\u00a0: 280 Autres d\u00e9tails \u00c9chelle r\u00e9glable en hauteur par intervalles de 280\u00a0mm. L&#8217;\u00e9chelle peut \u00eatre d\u00e9verrouill\u00e9e et d\u00e9ploy\u00e9e tr\u00e8s facilement. Gr\u00e2ce \u00e0 un syst\u00e8me d&#8217;amortissement, l&#8217;\u00e9chelle peut se d\u00e9ployer progressivement. De cette fa\u00e7on, [&hellip;]<\/p>\n","protected":false},"featured_media":2422,"template":"","meta":{"inline_featured_image":false},"product_brand":[],"product_cat":[100],"product_tag":[],"class_list":{"0":"post-7567","1":"product","2":"type-product","3":"status-publish","4":"has-post-thumbnail","6":"product_cat-echelles-portatives","8":"first","9":"instock","10":"shipping-taxable","11":"purchasable","12":"product-type-simple"},"_links":{"self":[{"href":"https:\/\/www.esla.eu\/fr\/wp-json\/wp\/v2\/product\/7567","targetHints":{"allow":["GET"]}}],"collection":[{"href":"https:\/\/www.esla.eu\/fr\/wp-json\/wp\/v2\/product"}],"about":[{"href":"https:\/\/www.esla.eu\/fr\/wp-json\/wp\/v2\/types\/product"}],"wp:featuredmedia":[{"embeddable":true,"href":"https:\/\/www.esla.eu\/fr\/wp-json\/wp\/v2\/media\/2422"}],"wp:attachment":[{"href":"https:\/\/www.esla.eu\/fr\/wp-json\/wp\/v2\/media?parent=7567"}],"wp:term":[{"taxonomy":"product_brand","embeddable":true,"href":"https:\/\/www.esla.eu\/fr\/wp-json\/wp\/v2\/product_brand?post=7567"},{"taxonomy":"product_cat","embeddable":true,"href":"https:\/\/www.esla.eu\/fr\/wp-json\/wp\/v2\/product_cat?post=7567"},{"taxonomy":"product_tag","embeddable":true,"href":"https:\/\/www.esla.eu\/fr\/wp-json\/wp\/v2\/product_tag?post=7567"}],"curies":[{"name":"wp","href":"https:\/\/api.w.org\/{rel}","templated":true}]}}