{"id":7569,"date":"2024-03-13T10:00:35","date_gmt":"2024-03-13T09:00:35","guid":{"rendered":"https:\/\/esla.crealogica.eu\/productos\/non%20class\u00e9\/6012-escalier-pour-supporter-1-section-en131-1-2\/"},"modified":"2025-05-29T16:05:58","modified_gmt":"2025-05-29T14:05:58","slug":"6012-escalier-pour-supporter-1-section-en131-1-2","status":"publish","type":"product","link":"https:\/\/www.esla.eu\/fr\/produits\/echelles-portatives\/6012-escalier-pour-supporter-1-section-en131-1-2\/","title":{"rendered":"6012 &#8211; Escalier pour supporter 1 section EN131.1-2"},"content":{"rendered":"<p><strong>Fonctionnalit\u00e9s \u00e0 souligner<\/strong><\/p>\n<p>Hauteur de travail maximale approximative (mts)\u00a0: 3,34<\/p>\n<p>Inclinaison \u00b0\u00a0: 68<\/p>\n<p>\u00c9chelon (mm)\u00a0: 80<\/p>\n<p>Largeur (mm)\u00a0: 425<\/p>\n<p>Espacement des \u00e9chelons (mm)\u00a0: 250<\/p>\n<p><strong>Autres d\u00e9tails<\/strong><\/p>\n<p>Le concept des longerons en D procure un sentiment de s\u00e9curit\u00e9 bien plus \u00e9lev\u00e9 lors des travaux sur l&#8217;\u00e9chelle, ainsi qu&#8217;une r\u00e9sistance des longerons \u00e0 la torsion 4 fois sup\u00e9rieure.<\/p>\n<p>Per\u00e7ages n\u00e9cessaires pour monter les crochets de suspension ou la planche support d\u00e9j\u00e0 pr\u00e9par\u00e9s.<\/p>\n<p>Clous ext\u00e9rieurs extra larges, rivet\u00e9s \u00e0 la barre transversale.<\/p>\n","protected":false},"excerpt":{"rendered":"<p>Fonctionnalit\u00e9s \u00e0 souligner Hauteur de travail maximale approximative (mts)\u00a0: 3,34 Inclinaison \u00b0\u00a0: 68 \u00c9chelon (mm)\u00a0: 80 Largeur (mm)\u00a0: 425 Espacement des \u00e9chelons (mm)\u00a0: 250 Autres d\u00e9tails Le concept des longerons en D procure un sentiment de s\u00e9curit\u00e9 bien plus \u00e9lev\u00e9 lors des travaux sur l&#8217;\u00e9chelle, ainsi qu&#8217;une r\u00e9sistance des longerons \u00e0 la torsion 4 fois [&hellip;]<\/p>\n","protected":false},"featured_media":2114,"template":"","meta":{"inline_featured_image":false},"product_brand":[],"product_cat":[100],"product_tag":[],"class_list":{"0":"post-7569","1":"product","2":"type-product","3":"status-publish","4":"has-post-thumbnail","6":"product_cat-echelles-portatives","8":"first","9":"instock","10":"shipping-taxable","11":"purchasable","12":"product-type-simple"},"_links":{"self":[{"href":"https:\/\/www.esla.eu\/fr\/wp-json\/wp\/v2\/product\/7569","targetHints":{"allow":["GET"]}}],"collection":[{"href":"https:\/\/www.esla.eu\/fr\/wp-json\/wp\/v2\/product"}],"about":[{"href":"https:\/\/www.esla.eu\/fr\/wp-json\/wp\/v2\/types\/product"}],"wp:featuredmedia":[{"embeddable":true,"href":"https:\/\/www.esla.eu\/fr\/wp-json\/wp\/v2\/media\/2114"}],"wp:attachment":[{"href":"https:\/\/www.esla.eu\/fr\/wp-json\/wp\/v2\/media?parent=7569"}],"wp:term":[{"taxonomy":"product_brand","embeddable":true,"href":"https:\/\/www.esla.eu\/fr\/wp-json\/wp\/v2\/product_brand?post=7569"},{"taxonomy":"product_cat","embeddable":true,"href":"https:\/\/www.esla.eu\/fr\/wp-json\/wp\/v2\/product_cat?post=7569"},{"taxonomy":"product_tag","embeddable":true,"href":"https:\/\/www.esla.eu\/fr\/wp-json\/wp\/v2\/product_tag?post=7569"}],"curies":[{"name":"wp","href":"https:\/\/api.w.org\/{rel}","templated":true}]}}