{"id":7573,"date":"2024-03-12T11:47:23","date_gmt":"2024-03-12T10:47:23","guid":{"rendered":"https:\/\/esla.crealogica.eu\/productos\/non%20class\u00e9\/4011-echelle-portative-pour-supporter-1-section-en131-1-2\/"},"modified":"2025-05-29T16:06:02","modified_gmt":"2025-05-29T14:06:02","slug":"4011-echelle-portative-pour-supporter-1-section-en131-1-2","status":"publish","type":"product","link":"https:\/\/www.esla.eu\/fr\/produits\/echelles-portatives\/4011-echelle-portative-pour-supporter-1-section-en131-1-2\/","title":{"rendered":"4011- \u00c9chelle portative pour supporter 1 section EN131.1-2"},"content":{"rendered":"<p><strong>Fonctionnalit\u00e9s \u00e0 souligner<\/strong><\/p>\n<p>Hauteur de travail maximale approximative (mts)\u00a0: 6<\/p>\n<p>Inclinaison \u00b0\u00a0: 75<\/p>\n<p>\u00c9chelon (mm)\u00a0: 30<\/p>\n<p>Largeur (mm)\u00a0: 355<\/p>\n<p>Espacement des \u00e9chelons (mm)\u00a0: 280<\/p>\n<p><strong>Autres d\u00e9tails<\/strong><\/p>\n<p>Piliers lat\u00e9raux extrud\u00e9s ergonomiques.<\/p>\n<p>\u00c0 partir de 12 marches, il dispose d&#8217;un stabilisateur.<\/p>\n","protected":false},"excerpt":{"rendered":"<p>Fonctionnalit\u00e9s \u00e0 souligner Hauteur de travail maximale approximative (mts)\u00a0: 6 Inclinaison \u00b0\u00a0: 75 \u00c9chelon (mm)\u00a0: 30 Largeur (mm)\u00a0: 355 Espacement des \u00e9chelons (mm)\u00a0: 280 Autres d\u00e9tails Piliers lat\u00e9raux extrud\u00e9s ergonomiques. \u00c0 partir de 12 marches, il dispose d&#8217;un stabilisateur.<\/p>\n","protected":false},"featured_media":1733,"template":"","meta":{"inline_featured_image":false},"product_brand":[],"product_cat":[100],"product_tag":[],"class_list":{"0":"post-7573","1":"product","2":"type-product","3":"status-publish","4":"has-post-thumbnail","6":"product_cat-echelles-portatives","8":"first","9":"instock","10":"shipping-taxable","11":"purchasable","12":"product-type-simple"},"_links":{"self":[{"href":"https:\/\/www.esla.eu\/fr\/wp-json\/wp\/v2\/product\/7573","targetHints":{"allow":["GET"]}}],"collection":[{"href":"https:\/\/www.esla.eu\/fr\/wp-json\/wp\/v2\/product"}],"about":[{"href":"https:\/\/www.esla.eu\/fr\/wp-json\/wp\/v2\/types\/product"}],"wp:featuredmedia":[{"embeddable":true,"href":"https:\/\/www.esla.eu\/fr\/wp-json\/wp\/v2\/media\/1733"}],"wp:attachment":[{"href":"https:\/\/www.esla.eu\/fr\/wp-json\/wp\/v2\/media?parent=7573"}],"wp:term":[{"taxonomy":"product_brand","embeddable":true,"href":"https:\/\/www.esla.eu\/fr\/wp-json\/wp\/v2\/product_brand?post=7573"},{"taxonomy":"product_cat","embeddable":true,"href":"https:\/\/www.esla.eu\/fr\/wp-json\/wp\/v2\/product_cat?post=7573"},{"taxonomy":"product_tag","embeddable":true,"href":"https:\/\/www.esla.eu\/fr\/wp-json\/wp\/v2\/product_tag?post=7573"}],"curies":[{"name":"wp","href":"https:\/\/api.w.org\/{rel}","templated":true}]}}