{"id":7575,"date":"2024-03-13T11:30:41","date_gmt":"2024-03-13T10:30:41","guid":{"rendered":"https:\/\/esla.crealogica.eu\/productos\/non%20class\u00e9\/6046-echelle-de-support-extensible-a-2-plans-en131-1-2\/"},"modified":"2025-05-29T16:05:56","modified_gmt":"2025-05-29T14:05:56","slug":"6046-echelle-de-support-extensible-a-2-plans-en131-1-2","status":"publish","type":"product","link":"https:\/\/www.esla.eu\/fr\/produits\/echelles-portatives\/6046-echelle-de-support-extensible-a-2-plans-en131-1-2\/","title":{"rendered":"6046 &#8211; \u00c9chelle de support extensible \u00e0 2 plans EN131.1-2"},"content":{"rendered":"<p><strong>Fonctionnalit\u00e9s \u00e0 souligner<\/strong><\/p>\n<p>Hauteur de travail maximale approximative (mts)\u00a0: 10<\/p>\n<p>Inclinaison \u00b0\u00a0: 75<\/p>\n<p>\u00c9chelon (mm)\u00a0: 30<\/p>\n<p>Largeur (mm)\u00a0: 425<\/p>\n<p>Espacement des \u00e9chelons (mm)\u00a0: 280<\/p>\n<p><strong>Autres d\u00e9tails<\/strong><\/p>\n<p>Piliers lat\u00e9raux extrud\u00e9s ergonomiques.<\/p>\n<p>Guides en acier recouverts de plastique int\u00e9rieur pour am\u00e9liorer le glissement.<\/p>\n<p>Pieds inclinables avec plus de surface d&#8217;appui.<\/p>\n<p>A partir de 14 marches, roulettes \u00e0 l&#8217;extr\u00e9mit\u00e9 sup\u00e9rieure qui prot\u00e8gent l&#8217;\u00e9chelle sur le plan d&#8217;appui contre les frottements.<\/p>\n<p>\u00c0 partir de 8 marches, stabilisateur incurv\u00e9 int\u00e9gr\u00e9.<\/p>\n<p>Entretoises de renfort de premi\u00e8re \u00e9tape.<\/p>\n","protected":false},"excerpt":{"rendered":"<p>Fonctionnalit\u00e9s \u00e0 souligner Hauteur de travail maximale approximative (mts)\u00a0: 10 Inclinaison \u00b0\u00a0: 75 \u00c9chelon (mm)\u00a0: 30 Largeur (mm)\u00a0: 425 Espacement des \u00e9chelons (mm)\u00a0: 280 Autres d\u00e9tails Piliers lat\u00e9raux extrud\u00e9s ergonomiques. Guides en acier recouverts de plastique int\u00e9rieur pour am\u00e9liorer le glissement. Pieds inclinables avec plus de surface d&#8217;appui. A partir de 14 marches, roulettes \u00e0 [&hellip;]<\/p>\n","protected":false},"featured_media":2226,"template":"","meta":{"inline_featured_image":false},"product_brand":[],"product_cat":[100],"product_tag":[],"class_list":{"0":"post-7575","1":"product","2":"type-product","3":"status-publish","4":"has-post-thumbnail","6":"product_cat-echelles-portatives","8":"first","9":"instock","10":"shipping-taxable","11":"purchasable","12":"product-type-simple"},"_links":{"self":[{"href":"https:\/\/www.esla.eu\/fr\/wp-json\/wp\/v2\/product\/7575","targetHints":{"allow":["GET"]}}],"collection":[{"href":"https:\/\/www.esla.eu\/fr\/wp-json\/wp\/v2\/product"}],"about":[{"href":"https:\/\/www.esla.eu\/fr\/wp-json\/wp\/v2\/types\/product"}],"wp:featuredmedia":[{"embeddable":true,"href":"https:\/\/www.esla.eu\/fr\/wp-json\/wp\/v2\/media\/2226"}],"wp:attachment":[{"href":"https:\/\/www.esla.eu\/fr\/wp-json\/wp\/v2\/media?parent=7575"}],"wp:term":[{"taxonomy":"product_brand","embeddable":true,"href":"https:\/\/www.esla.eu\/fr\/wp-json\/wp\/v2\/product_brand?post=7575"},{"taxonomy":"product_cat","embeddable":true,"href":"https:\/\/www.esla.eu\/fr\/wp-json\/wp\/v2\/product_cat?post=7575"},{"taxonomy":"product_tag","embeddable":true,"href":"https:\/\/www.esla.eu\/fr\/wp-json\/wp\/v2\/product_tag?post=7575"}],"curies":[{"name":"wp","href":"https:\/\/api.w.org\/{rel}","templated":true}]}}