{"id":7585,"date":"2024-03-13T09:10:39","date_gmt":"2024-03-13T08:10:39","guid":{"rendered":"https:\/\/esla.crealogica.eu\/productos\/non%20class\u00e9\/4061-echelle-de-support-mecanique-extensible-3-plans-en131-1-2\/"},"modified":"2025-05-29T16:05:59","modified_gmt":"2025-05-29T14:05:59","slug":"4061-echelle-de-support-mecanique-extensible-3-plans-en131-1-2","status":"publish","type":"product","link":"https:\/\/www.esla.eu\/fr\/produits\/echelles-portatives\/4061-echelle-de-support-mecanique-extensible-3-plans-en131-1-2\/","title":{"rendered":"4061 &#8211; \u00c9chelle de support m\u00e9canique extensible 3 plans EN131.1-2"},"content":{"rendered":"<p><strong>Fonctionnalit\u00e9s \u00e0 souligner<\/strong><\/p>\n<p>Hauteur de travail maximale approximative (mts)\u00a0:\u00a012<\/p>\n<p>Inclinaison \u00b0\u00a0: 75<\/p>\n<p>\u00c9chelon (mm)\u00a0: 30<\/p>\n<p>Largeur (mm)\u00a0: 355 \/ 425 \/ 490<\/p>\n<p>Espacement des \u00e9chelons (mm)\u00a0: 280<\/p>\n<p><strong>Autres d\u00e9tails<\/strong><\/p>\n<p>Piliers lat\u00e9raux extrud\u00e9s ergonomiques.<\/p>\n<p>Guides en acier.<\/p>\n<p>Pieds int\u00e9gr\u00e9s.<\/p>\n<p>Roues \u00e0 l&#8217;extr\u00e9mit\u00e9 sup\u00e9rieure qui prot\u00e8gent l&#8217;\u00e9chelle sur la surface d&#8217;appui contre les frottements.<\/p>\n<p>La corde dans la partie sup\u00e9rieure est bleue de 10 mm, et celle du milieu pour la diff\u00e9rencier est orange de 12 mm.<\/p>\n","protected":false},"excerpt":{"rendered":"<p>Fonctionnalit\u00e9s \u00e0 souligner Hauteur de travail maximale approximative (mts)\u00a0:\u00a012 Inclinaison \u00b0\u00a0: 75 \u00c9chelon (mm)\u00a0: 30 Largeur (mm)\u00a0: 355 \/ 425 \/ 490 Espacement des \u00e9chelons (mm)\u00a0: 280 Autres d\u00e9tails Piliers lat\u00e9raux extrud\u00e9s ergonomiques. Guides en acier. Pieds int\u00e9gr\u00e9s. Roues \u00e0 l&#8217;extr\u00e9mit\u00e9 sup\u00e9rieure qui prot\u00e8gent l&#8217;\u00e9chelle sur la surface d&#8217;appui contre les frottements. La corde dans [&hellip;]<\/p>\n","protected":false},"featured_media":2029,"template":"","meta":{"inline_featured_image":false},"product_brand":[],"product_cat":[100],"product_tag":[],"class_list":{"0":"post-7585","1":"product","2":"type-product","3":"status-publish","4":"has-post-thumbnail","6":"product_cat-echelles-portatives","8":"first","9":"instock","10":"shipping-taxable","11":"purchasable","12":"product-type-simple"},"_links":{"self":[{"href":"https:\/\/www.esla.eu\/fr\/wp-json\/wp\/v2\/product\/7585","targetHints":{"allow":["GET"]}}],"collection":[{"href":"https:\/\/www.esla.eu\/fr\/wp-json\/wp\/v2\/product"}],"about":[{"href":"https:\/\/www.esla.eu\/fr\/wp-json\/wp\/v2\/types\/product"}],"wp:featuredmedia":[{"embeddable":true,"href":"https:\/\/www.esla.eu\/fr\/wp-json\/wp\/v2\/media\/2029"}],"wp:attachment":[{"href":"https:\/\/www.esla.eu\/fr\/wp-json\/wp\/v2\/media?parent=7585"}],"wp:term":[{"taxonomy":"product_brand","embeddable":true,"href":"https:\/\/www.esla.eu\/fr\/wp-json\/wp\/v2\/product_brand?post=7585"},{"taxonomy":"product_cat","embeddable":true,"href":"https:\/\/www.esla.eu\/fr\/wp-json\/wp\/v2\/product_cat?post=7585"},{"taxonomy":"product_tag","embeddable":true,"href":"https:\/\/www.esla.eu\/fr\/wp-json\/wp\/v2\/product_tag?post=7585"}],"curies":[{"name":"wp","href":"https:\/\/api.w.org\/{rel}","templated":true}]}}