{"id":7587,"date":"2024-03-12T16:17:19","date_gmt":"2024-03-12T15:17:19","guid":{"rendered":"https:\/\/esla.crealogica.eu\/productos\/non%20class\u00e9\/es-4043-echelle-articulee-transformable-en-aluminium-en131-1-2\/"},"modified":"2025-05-29T16:06:00","modified_gmt":"2025-05-29T14:06:00","slug":"es-4043-echelle-articulee-transformable-en-aluminium-en131-1-2","status":"publish","type":"product","link":"https:\/\/www.esla.eu\/fr\/produits\/echelles-portatives\/es-4043-echelle-articulee-transformable-en-aluminium-en131-1-2\/","title":{"rendered":"4043 &#8211; \u00c9chelle articul\u00e9e transformable en aluminium EN131.1-2"},"content":{"rendered":"<p><strong>Fonctionnalit\u00e9s \u00e0 souligner<\/strong><\/p>\n<p>Hauteur de travail maximale approximative (mts)\u00a0: 6,7 pris en charge \/ 4 non pris en charge<\/p>\n<p>Inclinaison \u00b0\u00a0: 75<\/p>\n<p>\u00c9chelon (mm)\u00a0: 30<\/p>\n<p>Espacement des \u00e9chelons (mm)\u00a0: 280<\/p>\n<p><strong>Autres d\u00e9tails<\/strong><\/p>\n<p>Piliers lat\u00e9raux extrud\u00e9s ergonomiques.<\/p>\n<p>Prend peu de place, facilement transportable.<\/p>\n<p>6 articulations.<\/p>\n<p>Double stabilisateur.<\/p>\n","protected":false},"excerpt":{"rendered":"<p>Fonctionnalit\u00e9s \u00e0 souligner Hauteur de travail maximale approximative (mts)\u00a0: 6,7 pris en charge \/ 4 non pris en charge Inclinaison \u00b0\u00a0: 75 \u00c9chelon (mm)\u00a0: 30 Espacement des \u00e9chelons (mm)\u00a0: 280 Autres d\u00e9tails Piliers lat\u00e9raux extrud\u00e9s ergonomiques. Prend peu de place, facilement transportable. 6 articulations. Double stabilisateur.<\/p>\n","protected":false},"featured_media":1844,"template":"","meta":{"inline_featured_image":false},"product_brand":[],"product_cat":[100],"product_tag":[],"class_list":{"0":"post-7587","1":"product","2":"type-product","3":"status-publish","4":"has-post-thumbnail","6":"product_cat-echelles-portatives","8":"first","9":"instock","10":"shipping-taxable","11":"purchasable","12":"product-type-simple"},"_links":{"self":[{"href":"https:\/\/www.esla.eu\/fr\/wp-json\/wp\/v2\/product\/7587","targetHints":{"allow":["GET"]}}],"collection":[{"href":"https:\/\/www.esla.eu\/fr\/wp-json\/wp\/v2\/product"}],"about":[{"href":"https:\/\/www.esla.eu\/fr\/wp-json\/wp\/v2\/types\/product"}],"wp:featuredmedia":[{"embeddable":true,"href":"https:\/\/www.esla.eu\/fr\/wp-json\/wp\/v2\/media\/1844"}],"wp:attachment":[{"href":"https:\/\/www.esla.eu\/fr\/wp-json\/wp\/v2\/media?parent=7587"}],"wp:term":[{"taxonomy":"product_brand","embeddable":true,"href":"https:\/\/www.esla.eu\/fr\/wp-json\/wp\/v2\/product_brand?post=7587"},{"taxonomy":"product_cat","embeddable":true,"href":"https:\/\/www.esla.eu\/fr\/wp-json\/wp\/v2\/product_cat?post=7587"},{"taxonomy":"product_tag","embeddable":true,"href":"https:\/\/www.esla.eu\/fr\/wp-json\/wp\/v2\/product_tag?post=7587"}],"curies":[{"name":"wp","href":"https:\/\/api.w.org\/{rel}","templated":true}]}}