{"id":7591,"date":"2024-03-12T15:59:59","date_gmt":"2024-03-12T14:59:59","guid":{"rendered":"https:\/\/esla.crealogica.eu\/productos\/non%20class\u00e9\/4042-escalera-telescopique-transformable-de-4-trames-en131-1-2\/"},"modified":"2025-05-29T16:06:01","modified_gmt":"2025-05-29T14:06:01","slug":"4042-escalera-telescopique-transformable-de-4-trames-en131-1-2","status":"publish","type":"product","link":"https:\/\/www.esla.eu\/fr\/produits\/echelles-portatives\/4042-escalera-telescopique-transformable-de-4-trames-en131-1-2\/","title":{"rendered":"4042 &#8211; Escalera t\u00e9lescopique transformable de 4 trames EN131.1-2"},"content":{"rendered":"<p><strong>Caract\u00e9ristiques \u00e0 utiliser<\/strong><\/p>\n<p>Altura m\u00e1xima de trabajo aproximada (mts)\u00a0: 7 apoyada \/ 4 sin apoyar<\/p>\n<p>Inclinaison \u00b0\u00a0: 75<\/p>\n<p>Pelda\u00f1o (mm)\u00a0: 30<\/p>\n<p>S\u00e9paration des pelda\u00f1os (mm)\u00a0: 280<\/p>\n<p><strong>Autres d\u00e9tails<\/strong><\/p>\n<p>Montantes lat\u00e9rales extrud\u00e9es ergonomiques.<\/p>\n<p>Ocupa peu d&#8217;espace, facilement transportable.<\/p>\n<p>Asas bloqueo de acero avec recubierta de plastique.<\/p>\n","protected":false},"excerpt":{"rendered":"<p><strong>Caract\u00e9ristiques \u00e0 utiliser<\/strong><\/p>\n<p>Altura m\u00e1xima de trabajo aproximada (mts)\u00a0: 7 apoyada \/ 4 sin apoyar<\/p>\n<p>Inclinaison \u00b0\u00a0: 75<\/p>\n<p>Pelda\u00f1o (mm)\u00a0: 30<\/p>\n<p>S\u00e9paration des pelda\u00f1os (mm)\u00a0: 280<\/p>\n<p><strong>Autres d\u00e9tails<\/strong><\/p>\n<p>Montantes lat\u00e9rales extrud\u00e9es ergonomiques.<\/p>\n<p>Ocupa peu d&#8217;espace, facilement transportable.<\/p>\n<p>Asas bloqueo de acero avec recubierta de plastique.<\/p>\n","protected":false},"featured_media":1832,"template":"","meta":{"inline_featured_image":false},"product_brand":[],"product_cat":[100],"product_tag":[],"class_list":{"0":"post-7591","1":"product","2":"type-product","3":"status-publish","4":"has-post-thumbnail","6":"product_cat-echelles-portatives","8":"first","9":"instock","10":"shipping-taxable","11":"purchasable","12":"product-type-simple"},"_links":{"self":[{"href":"https:\/\/www.esla.eu\/fr\/wp-json\/wp\/v2\/product\/7591","targetHints":{"allow":["GET"]}}],"collection":[{"href":"https:\/\/www.esla.eu\/fr\/wp-json\/wp\/v2\/product"}],"about":[{"href":"https:\/\/www.esla.eu\/fr\/wp-json\/wp\/v2\/types\/product"}],"wp:featuredmedia":[{"embeddable":true,"href":"https:\/\/www.esla.eu\/fr\/wp-json\/wp\/v2\/media\/1832"}],"wp:attachment":[{"href":"https:\/\/www.esla.eu\/fr\/wp-json\/wp\/v2\/media?parent=7591"}],"wp:term":[{"taxonomy":"product_brand","embeddable":true,"href":"https:\/\/www.esla.eu\/fr\/wp-json\/wp\/v2\/product_brand?post=7591"},{"taxonomy":"product_cat","embeddable":true,"href":"https:\/\/www.esla.eu\/fr\/wp-json\/wp\/v2\/product_cat?post=7591"},{"taxonomy":"product_tag","embeddable":true,"href":"https:\/\/www.esla.eu\/fr\/wp-json\/wp\/v2\/product_tag?post=7591"}],"curies":[{"name":"wp","href":"https:\/\/api.w.org\/{rel}","templated":true}]}}