{"id":7674,"date":"2024-03-13T11:39:41","date_gmt":"2024-03-13T10:39:41","guid":{"rendered":"https:\/\/esla.crealogica.eu\/productos\/non%20class\u00e9\/f6100-escalier-pour-supporter-1-section-en-fibre-de-verre-en-131-1-en-131-2-et-en-50528\/"},"modified":"2025-05-29T16:05:56","modified_gmt":"2025-05-29T14:05:56","slug":"f6100-escalier-pour-supporter-1-section-en-fibre-de-verre-en-131-1-en-131-2-et-en-50528","status":"publish","type":"product","link":"https:\/\/www.esla.eu\/fr\/produits\/echelles-portatives\/f6100-escalier-pour-supporter-1-section-en-fibre-de-verre-en-131-1-en-131-2-et-en-50528\/","title":{"rendered":"F6100 &#8211; Escalier pour supporter 1 section en fibre de verre EN 131.1 \u2013 EN 131.2 et EN 50528"},"content":{"rendered":"<p><strong>Fonctionnalit\u00e9s \u00e0 souligner<\/strong><\/p>\n<p>Hauteur de travail maximale approximative (mts)\u00a0:\u00a07<\/p>\n<p>Inclinaison \u00b0\u00a0: 75<\/p>\n<p>\u00c9chelon (mm)\u00a0: 30<\/p>\n<p>Largeur (mm)\u00a0: 400\/450<\/p>\n<p>Espacement des \u00e9chelons (mm)\u00a0: 290<\/p>\n<p><strong>Autres d\u00e9tails<\/strong><\/p>\n<p>\u00c9quip\u00e9 de patins inclinables du mod\u00e8le F6110. Mod\u00e8les inf\u00e9rieurs avec pieds fixes.<\/p>\n<p>Isolant contre les agents \u00e9lectriques et thermiques.<\/p>\n<p>Antimagn\u00e9tique et r\u00e9sistant \u00e0 l&#8217;humidit\u00e9, aux acides, \u00e0 la corrosion et aux rayons ultraviolets.<\/p>\n<p>Vis et raccords en acier inoxydable.<\/p>\n<p>Montants ferm\u00e9s par couvercles et marches obtur\u00e9es par bouchons.<\/p>\n","protected":false},"excerpt":{"rendered":"<p>Fonctionnalit\u00e9s \u00e0 souligner Hauteur de travail maximale approximative (mts)\u00a0:\u00a07 Inclinaison \u00b0\u00a0: 75 \u00c9chelon (mm)\u00a0: 30 Largeur (mm)\u00a0: 400\/450 Espacement des \u00e9chelons (mm)\u00a0: 290 Autres d\u00e9tails \u00c9quip\u00e9 de patins inclinables du mod\u00e8le F6110. Mod\u00e8les inf\u00e9rieurs avec pieds fixes. Isolant contre les agents \u00e9lectriques et thermiques. Antimagn\u00e9tique et r\u00e9sistant \u00e0 l&#8217;humidit\u00e9, aux acides, \u00e0 la corrosion et [&hellip;]<\/p>\n","protected":false},"featured_media":2246,"template":"","meta":{"inline_featured_image":false},"product_brand":[],"product_cat":[100],"product_tag":[],"class_list":{"0":"post-7674","1":"product","2":"type-product","3":"status-publish","4":"has-post-thumbnail","6":"product_cat-echelles-portatives","8":"first","9":"instock","10":"shipping-taxable","11":"purchasable","12":"product-type-simple"},"_links":{"self":[{"href":"https:\/\/www.esla.eu\/fr\/wp-json\/wp\/v2\/product\/7674","targetHints":{"allow":["GET"]}}],"collection":[{"href":"https:\/\/www.esla.eu\/fr\/wp-json\/wp\/v2\/product"}],"about":[{"href":"https:\/\/www.esla.eu\/fr\/wp-json\/wp\/v2\/types\/product"}],"wp:featuredmedia":[{"embeddable":true,"href":"https:\/\/www.esla.eu\/fr\/wp-json\/wp\/v2\/media\/2246"}],"wp:attachment":[{"href":"https:\/\/www.esla.eu\/fr\/wp-json\/wp\/v2\/media?parent=7674"}],"wp:term":[{"taxonomy":"product_brand","embeddable":true,"href":"https:\/\/www.esla.eu\/fr\/wp-json\/wp\/v2\/product_brand?post=7674"},{"taxonomy":"product_cat","embeddable":true,"href":"https:\/\/www.esla.eu\/fr\/wp-json\/wp\/v2\/product_cat?post=7674"},{"taxonomy":"product_tag","embeddable":true,"href":"https:\/\/www.esla.eu\/fr\/wp-json\/wp\/v2\/product_tag?post=7674"}],"curies":[{"name":"wp","href":"https:\/\/api.w.org\/{rel}","templated":true}]}}