{"id":7681,"date":"2024-03-13T12:12:43","date_gmt":"2024-03-13T11:12:43","guid":{"rendered":"https:\/\/esla.crealogica.eu\/productos\/non%20class\u00e9\/f7200c-echelle-de-support-mecanique-extensible-en-fibre-de-verre-a-2-plans-en-131-1-en-131-2-et-en-50528\/"},"modified":"2025-05-29T16:05:55","modified_gmt":"2025-05-29T14:05:55","slug":"f7200c-echelle-de-support-mecanique-extensible-en-fibre-de-verre-a-2-plans-en-131-1-en-131-2-et-en-50528","status":"publish","type":"product","link":"https:\/\/www.esla.eu\/fr\/produits\/echelles-portatives\/f7200c-echelle-de-support-mecanique-extensible-en-fibre-de-verre-a-2-plans-en-131-1-en-131-2-et-en-50528\/","title":{"rendered":"F7200C &#8211; \u00c9chelle de support m\u00e9canique extensible en fibre de verre \u00e0 2 plans EN 131.1 &#8211; EN 131.2 et EN 50528"},"content":{"rendered":"<p><strong>Fonctionnalit\u00e9s \u00e0 souligner<\/strong><\/p>\n<p>Hauteur de travail maximale approximative (mts)\u00a0: 11<\/p>\n<p>Inclinaison \u00b0\u00a0: 75<\/p>\n<p>\u00c9chelon (mm)\u00a0: 30<\/p>\n<p>Largeur (mm)\u00a0: 450\/500<\/p>\n<p>Espacement des \u00e9chelons (mm)\u00a0: 280<\/p>\n<p><strong>Autres d\u00e9tails<\/strong><\/p>\n<p>Le syst\u00e8me d&#8217;entra\u00eenement par corde et poulie permet une manipulation simple et rapide de l&#8217;\u00e9chelle, puisqu&#8217;il est con\u00e7u pour que l&#8217;op\u00e9rateur puisse la manipuler frontalement, ce qui facilite son d\u00e9ploiement.<\/p>\n<p>\u00c9quip\u00e9 de patins inclinables.<\/p>\n<p>Pieds r\u00e9glables en hauteur, en option.<\/p>\n<p>Isolant contre les agents \u00e9lectriques et thermiques.<\/p>\n<p>Antimagn\u00e9tique et r\u00e9sistant \u00e0 l&#8217;humidit\u00e9, aux acides, \u00e0 la corrosion et aux rayons ultraviolets.<\/p>\n<p>Les marches inf\u00e9rieures de la section de base et les marches sup\u00e9rieures de la section extensible sont solides.<\/p>\n<p>Roues coulissantes pour fa\u00e7ades.<\/p>\n<p>Vis et raccords en acier inoxydable.<\/p>\n<p>Montants ferm\u00e9s par couvercles et marches obtur\u00e9es par bouchons.<\/p>\n<p>Rouleaux coulissants entre les sections pour \u00e9viter l&#8217;usure des profil\u00e9s.<\/p>\n<p>\u00c0 partir de 3 m\u00e8tres d&#8217;extension, le stabilisateur est inclus<\/p>\n","protected":false},"excerpt":{"rendered":"<p>Fonctionnalit\u00e9s \u00e0 souligner Hauteur de travail maximale approximative (mts)\u00a0: 11 Inclinaison \u00b0\u00a0: 75 \u00c9chelon (mm)\u00a0: 30 Largeur (mm)\u00a0: 450\/500 Espacement des \u00e9chelons (mm)\u00a0: 280 Autres d\u00e9tails Le syst\u00e8me d&#8217;entra\u00eenement par corde et poulie permet une manipulation simple et rapide de l&#8217;\u00e9chelle, puisqu&#8217;il est con\u00e7u pour que l&#8217;op\u00e9rateur puisse la manipuler frontalement, ce qui facilite son [&hellip;]<\/p>\n","protected":false},"featured_media":2283,"template":"","meta":{"inline_featured_image":false},"product_brand":[],"product_cat":[100],"product_tag":[],"class_list":{"0":"post-7681","1":"product","2":"type-product","3":"status-publish","4":"has-post-thumbnail","6":"product_cat-echelles-portatives","8":"first","9":"instock","10":"shipping-taxable","11":"purchasable","12":"product-type-simple"},"_links":{"self":[{"href":"https:\/\/www.esla.eu\/fr\/wp-json\/wp\/v2\/product\/7681","targetHints":{"allow":["GET"]}}],"collection":[{"href":"https:\/\/www.esla.eu\/fr\/wp-json\/wp\/v2\/product"}],"about":[{"href":"https:\/\/www.esla.eu\/fr\/wp-json\/wp\/v2\/types\/product"}],"wp:featuredmedia":[{"embeddable":true,"href":"https:\/\/www.esla.eu\/fr\/wp-json\/wp\/v2\/media\/2283"}],"wp:attachment":[{"href":"https:\/\/www.esla.eu\/fr\/wp-json\/wp\/v2\/media?parent=7681"}],"wp:term":[{"taxonomy":"product_brand","embeddable":true,"href":"https:\/\/www.esla.eu\/fr\/wp-json\/wp\/v2\/product_brand?post=7681"},{"taxonomy":"product_cat","embeddable":true,"href":"https:\/\/www.esla.eu\/fr\/wp-json\/wp\/v2\/product_cat?post=7681"},{"taxonomy":"product_tag","embeddable":true,"href":"https:\/\/www.esla.eu\/fr\/wp-json\/wp\/v2\/product_tag?post=7681"}],"curies":[{"name":"wp","href":"https:\/\/api.w.org\/{rel}","templated":true}]}}