{"id":7688,"date":"2024-03-13T12:30:21","date_gmt":"2024-03-13T11:30:21","guid":{"rendered":"https:\/\/esla.crealogica.eu\/productos\/non%20class\u00e9\/f7200m-echelle-de-support-extensible-manuelle-en-fibre-de-verre-a-2-sections-en-131-1-en-131-2-et-en-50528\/"},"modified":"2025-05-29T16:05:55","modified_gmt":"2025-05-29T14:05:55","slug":"f7200m-echelle-de-support-extensible-manuelle-en-fibre-de-verre-a-2-sections-en-131-1-en-131-2-et-en-50528","status":"publish","type":"product","link":"https:\/\/www.esla.eu\/fr\/produits\/echelles-portatives\/f7200m-echelle-de-support-extensible-manuelle-en-fibre-de-verre-a-2-sections-en-131-1-en-131-2-et-en-50528\/","title":{"rendered":"F7200M &#8211; \u00c9chelle de support extensible manuelle en fibre de verre \u00e0 2 sections EN 131.1 &#8211; EN 131.2 et EN 50528"},"content":{"rendered":"<p><strong>Fonctionnalit\u00e9s pour se d\u00e9marquer<\/strong><\/p>\n<p>Hauteur de travail maximale approximative (mts)\u00a0: 11<\/p>\n<p>Inclinaison \u00b0\u00a0: 75<\/p>\n<p>\u00c9chelon (mm)\u00a0: 30<\/p>\n<p>Largeur (mm)\u00a0: 450\/500<\/p>\n<p>Espacement des \u00e9chelons (mm)\u00a0: 280<\/p>\n<p><strong>Autres d\u00e9tails<\/strong><\/p>\n<p>La marche inf\u00e9rieure de la section de base et la marche sup\u00e9rieure de la section extensible sont renforc\u00e9es.<\/p>\n<p>Vous pouvez travailler avec les 2 sections s\u00e9par\u00e9ment<\/p>\n<p>\u00c9quip\u00e9 de patins inclinables.<\/p>\n<p>Pieds r\u00e9glables en hauteur, en option.<\/p>\n<p>Isolant contre les agents \u00e9lectriques et thermiques.<\/p>\n<p>Antimagn\u00e9tique et r\u00e9sistant \u00e0 l&#8217;humidit\u00e9, aux acides, \u00e0 la corrosion et aux rayons ultraviolets.<\/p>\n<p>Vis et raccords en acier inoxydable.<\/p>\n<p>Roues coulissantes pour fa\u00e7ades \u00e0 partir du mod\u00e8le F7210M (non incluses dans les mod\u00e8les inf\u00e9rieurs).<\/p>\n<p>Montants ferm\u00e9s par couvercles et marches obtur\u00e9es par bouchons.<\/p>\n<p>Rouleaux coulissants entre les sections pour \u00e9viter l&#8217;usure des profil\u00e9s.<\/p>\n","protected":false},"excerpt":{"rendered":"<p>Fonctionnalit\u00e9s pour se d\u00e9marquer Hauteur de travail maximale approximative (mts)\u00a0: 11 Inclinaison \u00b0\u00a0: 75 \u00c9chelon (mm)\u00a0: 30 Largeur (mm)\u00a0: 450\/500 Espacement des \u00e9chelons (mm)\u00a0: 280 Autres d\u00e9tails La marche inf\u00e9rieure de la section de base et la marche sup\u00e9rieure de la section extensible sont renforc\u00e9es. Vous pouvez travailler avec les 2 sections s\u00e9par\u00e9ment \u00c9quip\u00e9 de [&hellip;]<\/p>\n","protected":false},"featured_media":2295,"template":"","meta":{"inline_featured_image":false},"product_brand":[],"product_cat":[100],"product_tag":[],"class_list":{"0":"post-7688","1":"product","2":"type-product","3":"status-publish","4":"has-post-thumbnail","6":"product_cat-echelles-portatives","8":"first","9":"instock","10":"shipping-taxable","11":"purchasable","12":"product-type-simple"},"_links":{"self":[{"href":"https:\/\/www.esla.eu\/fr\/wp-json\/wp\/v2\/product\/7688","targetHints":{"allow":["GET"]}}],"collection":[{"href":"https:\/\/www.esla.eu\/fr\/wp-json\/wp\/v2\/product"}],"about":[{"href":"https:\/\/www.esla.eu\/fr\/wp-json\/wp\/v2\/types\/product"}],"wp:featuredmedia":[{"embeddable":true,"href":"https:\/\/www.esla.eu\/fr\/wp-json\/wp\/v2\/media\/2295"}],"wp:attachment":[{"href":"https:\/\/www.esla.eu\/fr\/wp-json\/wp\/v2\/media?parent=7688"}],"wp:term":[{"taxonomy":"product_brand","embeddable":true,"href":"https:\/\/www.esla.eu\/fr\/wp-json\/wp\/v2\/product_brand?post=7688"},{"taxonomy":"product_cat","embeddable":true,"href":"https:\/\/www.esla.eu\/fr\/wp-json\/wp\/v2\/product_cat?post=7688"},{"taxonomy":"product_tag","embeddable":true,"href":"https:\/\/www.esla.eu\/fr\/wp-json\/wp\/v2\/product_tag?post=7688"}],"curies":[{"name":"wp","href":"https:\/\/api.w.org\/{rel}","templated":true}]}}