{"id":7695,"date":"2024-03-13T11:19:52","date_gmt":"2024-03-13T10:19:52","guid":{"rendered":"https:\/\/esla.crealogica.eu\/productos\/non%20class\u00e9\/f6tpp-escabeau-avec-plateforme-en-fibre-de-verre-en-131-1-en-131-2-et-en-50528\/"},"modified":"2025-05-29T16:05:56","modified_gmt":"2025-05-29T14:05:56","slug":"f6tpp-escabeau-avec-plateforme-en-fibre-de-verre-en-131-1-en-131-2-et-en-50528","status":"publish","type":"product","link":"https:\/\/www.esla.eu\/fr\/produits\/echelles-portatives\/f6tpp-escabeau-avec-plateforme-en-fibre-de-verre-en-131-1-en-131-2-et-en-50528\/","title":{"rendered":"F6TPW &#8211; Escabeau avec plateforme en fibre de verre EN 131.1 &#8211; EN 131.2 et EN 50528"},"content":{"rendered":"<p><strong>Fonctionnalit\u00e9s \u00e0 souligner<\/strong><\/p>\n<p>Hauteur de travail maximale approximative (mts)\u00a0: 3,49<\/p>\n<p>Inclinaison \u00b0\u00a0: 68<\/p>\n<p>\u00c9chelon (mm)\u00a0: 82<\/p>\n<p>Espacement des \u00e9chelons (mm)\u00a0: 280<\/p>\n<p><strong>Autres d\u00e9tails<\/strong><\/p>\n<p>Fabriqu\u00e9 enti\u00e8rement en polyester renforc\u00e9 de fibre de verre, tant dans les sections de mont\u00e9e que de support.<\/p>\n<p>Escalier isolant contre les agents \u00e9lectriques et thermiques. Antimagn\u00e9tique et r\u00e9sistant \u00e0 l&#8217;humidit\u00e9, aux acides, \u00e0 la corrosion et aux rayons ultraviolets.<\/p>\n<p>Plateforme antid\u00e9rapante de 31\u00d733 cm. en polyester renforc\u00e9 de fibre de verre.<\/p>\n<p>Vis et raccords en acier inoxydable.<\/p>\n<p>Bandes anti-ouverture.<\/p>\n<p>Plateau porte-outils sup\u00e9rieur.<\/p>\n<p>Barres transversales sur la base pour augmenter la stabilit\u00e9.<\/p>\n","protected":false},"excerpt":{"rendered":"<p>Fonctionnalit\u00e9s \u00e0 souligner Hauteur de travail maximale approximative (mts)\u00a0: 3,49 Inclinaison \u00b0\u00a0: 68 \u00c9chelon (mm)\u00a0: 82 Espacement des \u00e9chelons (mm)\u00a0: 280 Autres d\u00e9tails Fabriqu\u00e9 enti\u00e8rement en polyester renforc\u00e9 de fibre de verre, tant dans les sections de mont\u00e9e que de support. Escalier isolant contre les agents \u00e9lectriques et thermiques. Antimagn\u00e9tique et r\u00e9sistant \u00e0 l&#8217;humidit\u00e9, aux [&hellip;]<\/p>\n","protected":false},"featured_media":10953,"template":"","meta":{"inline_featured_image":false},"product_brand":[],"product_cat":[100],"product_tag":[],"class_list":{"0":"post-7695","1":"product","2":"type-product","3":"status-publish","4":"has-post-thumbnail","6":"product_cat-echelles-portatives","8":"first","9":"instock","10":"shipping-taxable","11":"purchasable","12":"product-type-simple"},"_links":{"self":[{"href":"https:\/\/www.esla.eu\/fr\/wp-json\/wp\/v2\/product\/7695","targetHints":{"allow":["GET"]}}],"collection":[{"href":"https:\/\/www.esla.eu\/fr\/wp-json\/wp\/v2\/product"}],"about":[{"href":"https:\/\/www.esla.eu\/fr\/wp-json\/wp\/v2\/types\/product"}],"wp:featuredmedia":[{"embeddable":true,"href":"https:\/\/www.esla.eu\/fr\/wp-json\/wp\/v2\/media\/10953"}],"wp:attachment":[{"href":"https:\/\/www.esla.eu\/fr\/wp-json\/wp\/v2\/media?parent=7695"}],"wp:term":[{"taxonomy":"product_brand","embeddable":true,"href":"https:\/\/www.esla.eu\/fr\/wp-json\/wp\/v2\/product_brand?post=7695"},{"taxonomy":"product_cat","embeddable":true,"href":"https:\/\/www.esla.eu\/fr\/wp-json\/wp\/v2\/product_cat?post=7695"},{"taxonomy":"product_tag","embeddable":true,"href":"https:\/\/www.esla.eu\/fr\/wp-json\/wp\/v2\/product_tag?post=7695"}],"curies":[{"name":"wp","href":"https:\/\/api.w.org\/{rel}","templated":true}]}}