{"id":7702,"date":"2024-03-13T14:22:29","date_gmt":"2024-03-13T13:22:29","guid":{"rendered":"https:\/\/esla.crealogica.eu\/productos\/non%20class\u00e9\/fatp-escabeau-large-avec-double-acces-en-fibre-de-verre-en131-1-2-et-en-50528\/"},"modified":"2025-05-29T16:05:53","modified_gmt":"2025-05-29T14:05:53","slug":"fatp-escabeau-large-avec-double-acces-en-fibre-de-verre-en131-1-2-et-en-50528","status":"publish","type":"product","link":"https:\/\/www.esla.eu\/fr\/produits\/echelles-portatives\/fatp-escabeau-large-avec-double-acces-en-fibre-de-verre-en131-1-2-et-en-50528\/","title":{"rendered":"FATP &#8211; Escabeau large avec double acc\u00e8s en fibre de verre EN131.1-2 et EN 50528"},"content":{"rendered":"<p><strong>Fonctionnalit\u00e9s \u00e0 souligner<\/strong><\/p>\n<p>Hauteur de travail maximale approximative (mts)\u00a0: 3,65<\/p>\n<p>Inclinaison \u00b0\u00a0: 68<\/p>\n<p>\u00c9chelon (mm)\u00a0: 80<\/p>\n<p>Espacement des \u00e9chelons (mm)\u00a0: 250<\/p>\n<p><strong>Autres d\u00e9tails<\/strong><\/p>\n<p>Section de remont\u00e9e en polyester renforc\u00e9 de verre<\/p>\n<p>Marche en aluminium renforc\u00e9.<\/p>\n<p>Barres de s\u00e9curit\u00e9 anti-ouverture en fer.<\/p>\n<p>Supports de renfort sur les marches interm\u00e9diaires et inf\u00e9rieures.<\/p>\n","protected":false},"excerpt":{"rendered":"<p>Fonctionnalit\u00e9s \u00e0 souligner Hauteur de travail maximale approximative (mts)\u00a0: 3,65 Inclinaison \u00b0\u00a0: 68 \u00c9chelon (mm)\u00a0: 80 Espacement des \u00e9chelons (mm)\u00a0: 250 Autres d\u00e9tails Section de remont\u00e9e en polyester renforc\u00e9 de verre Marche en aluminium renforc\u00e9. Barres de s\u00e9curit\u00e9 anti-ouverture en fer. Supports de renfort sur les marches interm\u00e9diaires et inf\u00e9rieures.<\/p>\n","protected":false},"featured_media":2399,"template":"","meta":{"inline_featured_image":false},"product_brand":[],"product_cat":[100],"product_tag":[],"class_list":{"0":"post-7702","1":"product","2":"type-product","3":"status-publish","4":"has-post-thumbnail","6":"product_cat-echelles-portatives","8":"first","9":"instock","10":"shipping-taxable","11":"purchasable","12":"product-type-simple"},"_links":{"self":[{"href":"https:\/\/www.esla.eu\/fr\/wp-json\/wp\/v2\/product\/7702","targetHints":{"allow":["GET"]}}],"collection":[{"href":"https:\/\/www.esla.eu\/fr\/wp-json\/wp\/v2\/product"}],"about":[{"href":"https:\/\/www.esla.eu\/fr\/wp-json\/wp\/v2\/types\/product"}],"wp:featuredmedia":[{"embeddable":true,"href":"https:\/\/www.esla.eu\/fr\/wp-json\/wp\/v2\/media\/2399"}],"wp:attachment":[{"href":"https:\/\/www.esla.eu\/fr\/wp-json\/wp\/v2\/media?parent=7702"}],"wp:term":[{"taxonomy":"product_brand","embeddable":true,"href":"https:\/\/www.esla.eu\/fr\/wp-json\/wp\/v2\/product_brand?post=7702"},{"taxonomy":"product_cat","embeddable":true,"href":"https:\/\/www.esla.eu\/fr\/wp-json\/wp\/v2\/product_cat?post=7702"},{"taxonomy":"product_tag","embeddable":true,"href":"https:\/\/www.esla.eu\/fr\/wp-json\/wp\/v2\/product_tag?post=7702"}],"curies":[{"name":"wp","href":"https:\/\/api.w.org\/{rel}","templated":true}]}}