{"id":7709,"date":"2024-03-14T11:49:23","date_gmt":"2024-03-14T10:49:23","guid":{"rendered":"https:\/\/esla.crealogica.eu\/productos\/non%20class\u00e9\/ft-escabeau-a-double-acces-en-fibre-de-verre-en131-1-2-et-en-50528\/"},"modified":"2025-05-29T16:05:51","modified_gmt":"2025-05-29T14:05:51","slug":"ft-escabeau-a-double-acces-en-fibre-de-verre-en131-1-2-et-en-50528","status":"publish","type":"product","link":"https:\/\/www.esla.eu\/fr\/produits\/echelles-portatives\/ft-escabeau-a-double-acces-en-fibre-de-verre-en131-1-2-et-en-50528\/","title":{"rendered":"FT &#8211; Escabeau \u00e0 double acc\u00e8s en fibre de verre EN131.1-2 et EN 50528"},"content":{"rendered":"<p><strong>Fonctionnalit\u00e9s \u00e0 souligner<\/strong><\/p>\n<p>Hauteur de travail maximale approximative (mts)\u00a0: 11<\/p>\n<p>Inclinaison \u00b0\u00a0: 75<\/p>\n<p>\u00c9chelon (mm)\u00a0: 30<\/p>\n<p>Largeur (mm)\u00a0: 400<\/p>\n<p>Espacement des \u00e9chelons (mm)\u00a0: 280<\/p>\n<p><strong>Autres d\u00e9tails<\/strong><\/p>\n<p>Pour augmenter la base d&#8217;appui, selon la norme UNE-EN 131, l&#8217;\u00e9chelle est \u00e9quip\u00e9e d&#8217;une traverse de base avec patins en caoutchouc antid\u00e9rapants.<\/p>\n<p>Il dispose de deux bandes anti-ouverture plac\u00e9es entre les deux sections de l&#8217;escalier.<\/p>\n<p>Isolant contre les agents \u00e9lectriques et thermiques.<\/p>\n<p>Antimagn\u00e9tique et r\u00e9sistant \u00e0 l&#8217;humidit\u00e9, aux acides, \u00e0 la corrosion et aux rayons ultraviolets.<\/p>\n<p>Vis et raccords en acier inoxydable.<\/p>\n<p>Montants ferm\u00e9s par couvercles et marches obtur\u00e9es par bouchons.<\/p>\n","protected":false},"excerpt":{"rendered":"<p>Fonctionnalit\u00e9s \u00e0 souligner Hauteur de travail maximale approximative (mts)\u00a0: 11 Inclinaison \u00b0\u00a0: 75 \u00c9chelon (mm)\u00a0: 30 Largeur (mm)\u00a0: 400 Espacement des \u00e9chelons (mm)\u00a0: 280 Autres d\u00e9tails Pour augmenter la base d&#8217;appui, selon la norme UNE-EN 131, l&#8217;\u00e9chelle est \u00e9quip\u00e9e d&#8217;une traverse de base avec patins en caoutchouc antid\u00e9rapants. Il dispose de deux bandes anti-ouverture plac\u00e9es [&hellip;]<\/p>\n","protected":false},"featured_media":2531,"template":"","meta":{"inline_featured_image":false},"product_brand":[],"product_cat":[100],"product_tag":[],"class_list":{"0":"post-7709","1":"product","2":"type-product","3":"status-publish","4":"has-post-thumbnail","6":"product_cat-echelles-portatives","8":"first","9":"instock","10":"shipping-taxable","11":"purchasable","12":"product-type-simple"},"_links":{"self":[{"href":"https:\/\/www.esla.eu\/fr\/wp-json\/wp\/v2\/product\/7709","targetHints":{"allow":["GET"]}}],"collection":[{"href":"https:\/\/www.esla.eu\/fr\/wp-json\/wp\/v2\/product"}],"about":[{"href":"https:\/\/www.esla.eu\/fr\/wp-json\/wp\/v2\/types\/product"}],"wp:featuredmedia":[{"embeddable":true,"href":"https:\/\/www.esla.eu\/fr\/wp-json\/wp\/v2\/media\/2531"}],"wp:attachment":[{"href":"https:\/\/www.esla.eu\/fr\/wp-json\/wp\/v2\/media?parent=7709"}],"wp:term":[{"taxonomy":"product_brand","embeddable":true,"href":"https:\/\/www.esla.eu\/fr\/wp-json\/wp\/v2\/product_brand?post=7709"},{"taxonomy":"product_cat","embeddable":true,"href":"https:\/\/www.esla.eu\/fr\/wp-json\/wp\/v2\/product_cat?post=7709"},{"taxonomy":"product_tag","embeddable":true,"href":"https:\/\/www.esla.eu\/fr\/wp-json\/wp\/v2\/product_tag?post=7709"}],"curies":[{"name":"wp","href":"https:\/\/api.w.org\/{rel}","templated":true}]}}