{"id":7731,"date":"2024-03-13T13:50:27","date_gmt":"2024-03-13T12:50:27","guid":{"rendered":"https:\/\/esla.crealogica.eu\/productos\/non%20class\u00e9\/f-alm-65-echelle-en-fibre-pour-entrepot-65o-en-131-7-et-en-61478\/"},"modified":"2025-05-29T16:05:54","modified_gmt":"2025-05-29T14:05:54","slug":"f-alm-65-echelle-en-fibre-pour-entrepot-65o-en-131-7-et-en-61478","status":"publish","type":"product","link":"https:\/\/www.esla.eu\/fr\/produits\/echelles-portatives\/f-alm-65-echelle-en-fibre-pour-entrepot-65o-en-131-7-et-en-61478\/","title":{"rendered":"F-ALM-65 \u00c9chelle en fibre pour entrep\u00f4t 65\u00ba EN 131-7 et EN 61478"},"content":{"rendered":"<p>-\u00c9chelle en fibre de verre, isolante contre les agents \u00e9lectriques et thermiques.<\/p>\n<p>-\u00c9chelle antimagn\u00e9tique et r\u00e9sistante \u00e0 l&#8217;humidit\u00e9, aux acides, \u00e0 la corrosion et aux rayons ultraviolets.<\/p>\n<p>-Plateforme de 605\u00d7805 mm en tramex de s\u00e9curit\u00e9 en fibre de verre.<\/p>\n<p>-Pas entre les marches 28 cm.<\/p>\n<p>-Inclinaison en mont\u00e9e\u00a0: 65\u00ba (monter et descendre face aux escaliers)<\/p>\n<p>-Marches en fibre de verre avec une bande de roulement de 82 mm.<\/p>\n<p>-Chaussures en caoutchouc antid\u00e9rapantes.<\/p>\n<p>-Vis et raccords en acier inoxydable.<\/p>\n<p>-Roues de d\u00e9filement \u00e0 l&#8217;arri\u00e8re<\/p>\n<p>-Montants ferm\u00e9s par des couvercles et marches scell\u00e9es par des bouchons.<\/p>\n<p>-Fabriqu\u00e9 conform\u00e9ment \u00e0 la norme UNE-EN 131-7 pour escaliers mobiles avec plateforme.<\/p>\n<p>Tests d&#8217;isolation -100 KV selon la norme UNE-EN 61478 pour les escaliers en mat\u00e9riau isolant.<\/p>\n","protected":false},"excerpt":{"rendered":"<p>-\u00c9chelle en fibre de verre, isolante contre les agents \u00e9lectriques et thermiques. -\u00c9chelle antimagn\u00e9tique et r\u00e9sistante \u00e0 l&#8217;humidit\u00e9, aux acides, \u00e0 la corrosion et aux rayons ultraviolets. -Plateforme de 605\u00d7805 mm en tramex de s\u00e9curit\u00e9 en fibre de verre. -Pas entre les marches 28 cm. -Inclinaison en mont\u00e9e\u00a0: 65\u00ba (monter et descendre face aux escaliers) [&hellip;]<\/p>\n","protected":false},"featured_media":2317,"template":"","meta":{"inline_featured_image":false},"product_brand":[],"product_cat":[100],"product_tag":[],"class_list":{"0":"post-7731","1":"product","2":"type-product","3":"status-publish","4":"has-post-thumbnail","6":"product_cat-echelles-portatives","8":"first","9":"instock","10":"shipping-taxable","11":"purchasable","12":"product-type-simple"},"_links":{"self":[{"href":"https:\/\/www.esla.eu\/fr\/wp-json\/wp\/v2\/product\/7731","targetHints":{"allow":["GET"]}}],"collection":[{"href":"https:\/\/www.esla.eu\/fr\/wp-json\/wp\/v2\/product"}],"about":[{"href":"https:\/\/www.esla.eu\/fr\/wp-json\/wp\/v2\/types\/product"}],"wp:featuredmedia":[{"embeddable":true,"href":"https:\/\/www.esla.eu\/fr\/wp-json\/wp\/v2\/media\/2317"}],"wp:attachment":[{"href":"https:\/\/www.esla.eu\/fr\/wp-json\/wp\/v2\/media?parent=7731"}],"wp:term":[{"taxonomy":"product_brand","embeddable":true,"href":"https:\/\/www.esla.eu\/fr\/wp-json\/wp\/v2\/product_brand?post=7731"},{"taxonomy":"product_cat","embeddable":true,"href":"https:\/\/www.esla.eu\/fr\/wp-json\/wp\/v2\/product_cat?post=7731"},{"taxonomy":"product_tag","embeddable":true,"href":"https:\/\/www.esla.eu\/fr\/wp-json\/wp\/v2\/product_tag?post=7731"}],"curies":[{"name":"wp","href":"https:\/\/api.w.org\/{rel}","templated":true}]}}