{"id":7735,"date":"2024-03-13T14:08:26","date_gmt":"2024-03-13T13:08:26","guid":{"rendered":"https:\/\/esla.crealogica.eu\/productos\/non%20class\u00e9\/f-alm-p-echelle-avec-plateforme-roulante-et-pliante-en-131-7-et-en-61478\/"},"modified":"2025-05-29T16:05:54","modified_gmt":"2025-05-29T14:05:54","slug":"f-alm-p-echelle-avec-plateforme-roulante-et-pliante-en-131-7-et-en-61478","status":"publish","type":"product","link":"https:\/\/www.esla.eu\/fr\/produits\/echelles-portatives\/f-alm-p-echelle-avec-plateforme-roulante-et-pliante-en-131-7-et-en-61478\/","title":{"rendered":"F-ALM-P \u00c9chelle avec plateforme roulante et pliante EN 131-7 et EN 61478"},"content":{"rendered":"<div>-\u00c9chelle en polyester renforc\u00e9 de fibre de verre.<\/div>\n<div>-Sp\u00e9cialement con\u00e7u pour les travaux prolong\u00e9s en hauteur.<\/div>\n<div>-Pliable pour un transport facile.<\/div>\n<div>-Isole des agents \u00e9lectriques et thermiques. Il est antimagn\u00e9tique et r\u00e9sistant \u00e0 l&#8217;humidit\u00e9, aux acides, \u00e0 la corrosion et aux rayons ultraviolets.<\/div>\n<div><\/div>\n<div>CARACT\u00c9RISTIQUES\u00a0:<\/div>\n<div>-Distance entre les marches : 28 cm.<\/div>\n<div>-Plateforme 500 x 500 mm en grille de s\u00e9curit\u00e9 en fibre de verre.<\/div>\n<div>-Serrures et vis en acier inoxydable.<\/div>\n<div>-\u00c9quip\u00e9 de pieds en caoutchouc.<\/div>\n<div>-Equip\u00e9 de roulettes \u00e0 l&#8217;arri\u00e8re pour le d\u00e9placer facilement.<\/div>\n<div><\/div>\n<div>R\u00c8GLES\u00a0:<\/div>\n<div>-Fabriqu\u00e9 selon la norme UNE-EN 131-7 &#8220;Escaliers mobiles avec plateforme&#8221;.<\/div>\n<p>-Test\u00e9 \u00e0 100 kV selon la norme UNE-EN 61478 &#8220;\u00c9chelle en mat\u00e9riau isolant&#8221;.<\/p>\n","protected":false},"excerpt":{"rendered":"<p>-\u00c9chelle en polyester renforc\u00e9 de fibre de verre. -Sp\u00e9cialement con\u00e7u pour les travaux prolong\u00e9s en hauteur. -Pliable pour un transport facile. -Isole des agents \u00e9lectriques et thermiques. Il est antimagn\u00e9tique et r\u00e9sistant \u00e0 l&#8217;humidit\u00e9, aux acides, \u00e0 la corrosion et aux rayons ultraviolets. CARACT\u00c9RISTIQUES\u00a0: -Distance entre les marches : 28 cm. -Plateforme 500 x 500 [&hellip;]<\/p>\n","protected":false},"featured_media":2381,"template":"","meta":{"inline_featured_image":false},"product_brand":[],"product_cat":[100],"product_tag":[],"class_list":{"0":"post-7735","1":"product","2":"type-product","3":"status-publish","4":"has-post-thumbnail","6":"product_cat-echelles-portatives","8":"first","9":"instock","10":"shipping-taxable","11":"purchasable","12":"product-type-simple"},"_links":{"self":[{"href":"https:\/\/www.esla.eu\/fr\/wp-json\/wp\/v2\/product\/7735","targetHints":{"allow":["GET"]}}],"collection":[{"href":"https:\/\/www.esla.eu\/fr\/wp-json\/wp\/v2\/product"}],"about":[{"href":"https:\/\/www.esla.eu\/fr\/wp-json\/wp\/v2\/types\/product"}],"wp:featuredmedia":[{"embeddable":true,"href":"https:\/\/www.esla.eu\/fr\/wp-json\/wp\/v2\/media\/2381"}],"wp:attachment":[{"href":"https:\/\/www.esla.eu\/fr\/wp-json\/wp\/v2\/media?parent=7735"}],"wp:term":[{"taxonomy":"product_brand","embeddable":true,"href":"https:\/\/www.esla.eu\/fr\/wp-json\/wp\/v2\/product_brand?post=7735"},{"taxonomy":"product_cat","embeddable":true,"href":"https:\/\/www.esla.eu\/fr\/wp-json\/wp\/v2\/product_cat?post=7735"},{"taxonomy":"product_tag","embeddable":true,"href":"https:\/\/www.esla.eu\/fr\/wp-json\/wp\/v2\/product_tag?post=7735"}],"curies":[{"name":"wp","href":"https:\/\/api.w.org\/{rel}","templated":true}]}}