{"id":7737,"date":"2024-03-18T12:47:08","date_gmt":"2024-03-18T11:47:08","guid":{"rendered":"https:\/\/esla.crealogica.eu\/productos\/non%20class\u00e9\/a1606-systeme-de-transport-pliable-largeur-600-roue-150-200-series-10100-et-10105\/"},"modified":"2024-04-30T11:11:16","modified_gmt":"2024-04-30T09:11:16","slug":"a1606-systeme-de-transport-pliable-largeur-600-roue-150-200-series-10100-et-10105","status":"publish","type":"product","link":"https:\/\/www.esla.eu\/fr\/produits\/accessoires\/systeme-de-transport\/a1606-systeme-de-transport-pliable-largeur-600-roue-150-200-series-10100-et-10105\/","title":{"rendered":"A1606 Syst\u00e8me de transport pliable largeur 600 roue 150\/200 &#8211; S\u00e9ries 10100 et 10105"},"content":{"rendered":"<p>Syst\u00e8me de transport pliable pour les s\u00e9ries 10100 et 10105<\/p>\n<p>\u00c9quip\u00e9 de poign\u00e9es qui, une fois abaiss\u00e9es, soul\u00e8vent la plateforme, la laissant suspendue sur des roues pour la d\u00e9placer. Lorsque vous vous arr\u00eatez et que vous les laissez tomber, la plateforme revient \u00e0 la position de d\u00e9part reposant sur ses pieds.<\/p>\n<p>Il existe 2 codes selon le mod\u00e8le de plateforme <\/p>\n","protected":false},"excerpt":{"rendered":"<p>Syst\u00e8me de transport pliable pour les s\u00e9ries 10100 et 10105 \u00c9quip\u00e9 de poign\u00e9es qui, une fois abaiss\u00e9es, soul\u00e8vent la plateforme, la laissant suspendue sur des roues pour la d\u00e9placer. Lorsque vous vous arr\u00eatez et que vous les laissez tomber, la plateforme revient \u00e0 la position de d\u00e9part reposant sur ses pieds. Il existe 2 codes [&hellip;]<\/p>\n","protected":false},"featured_media":4125,"template":"","meta":{"inline_featured_image":false},"product_brand":[],"product_cat":[223],"product_tag":[],"class_list":{"0":"post-7737","1":"product","2":"type-product","3":"status-publish","4":"has-post-thumbnail","6":"product_cat-systeme-de-transport","8":"first","9":"instock","10":"shipping-taxable","11":"product-type-simple"},"_links":{"self":[{"href":"https:\/\/www.esla.eu\/fr\/wp-json\/wp\/v2\/product\/7737","targetHints":{"allow":["GET"]}}],"collection":[{"href":"https:\/\/www.esla.eu\/fr\/wp-json\/wp\/v2\/product"}],"about":[{"href":"https:\/\/www.esla.eu\/fr\/wp-json\/wp\/v2\/types\/product"}],"wp:featuredmedia":[{"embeddable":true,"href":"https:\/\/www.esla.eu\/fr\/wp-json\/wp\/v2\/media\/4125"}],"wp:attachment":[{"href":"https:\/\/www.esla.eu\/fr\/wp-json\/wp\/v2\/media?parent=7737"}],"wp:term":[{"taxonomy":"product_brand","embeddable":true,"href":"https:\/\/www.esla.eu\/fr\/wp-json\/wp\/v2\/product_brand?post=7737"},{"taxonomy":"product_cat","embeddable":true,"href":"https:\/\/www.esla.eu\/fr\/wp-json\/wp\/v2\/product_cat?post=7737"},{"taxonomy":"product_tag","embeddable":true,"href":"https:\/\/www.esla.eu\/fr\/wp-json\/wp\/v2\/product_tag?post=7737"}],"curies":[{"name":"wp","href":"https:\/\/api.w.org\/{rel}","templated":true}]}}