{"id":7740,"date":"2024-03-18T12:52:32","date_gmt":"2024-03-18T11:52:32","guid":{"rendered":"https:\/\/esla.crealogica.eu\/productos\/non class\u00e9\/jeu-de-crochets-30-60-100-mm-serie-echelle-en-aluminium-comprise-entre-60-et-83-mm\/"},"modified":"2024-03-18T12:52:32","modified_gmt":"2024-03-18T11:52:32","slug":"jeu-de-crochets-30-60-100-mm-serie-echelle-en-aluminium-comprise-entre-60-et-83-mm","status":"publish","type":"product","link":"https:\/\/www.esla.eu\/fr\/produits\/accessoires\/fixation-crochets\/jeu-de-crochets-30-60-100-mm-serie-echelle-en-aluminium-comprise-entre-60-et-83-mm\/","title":{"rendered":"Jeu de crochets 30\/60\/100 mm &#8211; S\u00e9rie \u00e9chelle en aluminium comprise entre 60 et 83 mm"},"content":{"rendered":"<p>Jeu de crochets en 3 diam\u00e8tres :<\/p>\n<p>54013 30mm<\/p>\n<p>54014 60mm<\/p>\n<p>54015 100 mm<\/p>\n<p>S\u00e9rie d&#8217;\u00e9chelles portatives en aluminium entre 60 et 83 mm<\/p>\n<p>Acier galvanis\u00e9<\/p>\n","protected":false},"excerpt":{"rendered":"<p>Jeu de crochets en 3 diam\u00e8tres : 54013 30mm 54014 60mm 54015 100 mm S\u00e9rie d&#8217;\u00e9chelles portatives en aluminium entre 60 et 83 mm Acier galvanis\u00e9<\/p>\n","protected":false},"featured_media":4138,"template":"","meta":{"inline_featured_image":false},"product_brand":[],"product_cat":[224],"product_tag":[],"class_list":{"0":"post-7740","1":"product","2":"type-product","3":"status-publish","4":"has-post-thumbnail","6":"product_cat-fixation-crochets","8":"first","9":"instock","10":"shipping-taxable","11":"product-type-simple"},"_links":{"self":[{"href":"https:\/\/www.esla.eu\/fr\/wp-json\/wp\/v2\/product\/7740","targetHints":{"allow":["GET"]}}],"collection":[{"href":"https:\/\/www.esla.eu\/fr\/wp-json\/wp\/v2\/product"}],"about":[{"href":"https:\/\/www.esla.eu\/fr\/wp-json\/wp\/v2\/types\/product"}],"wp:featuredmedia":[{"embeddable":true,"href":"https:\/\/www.esla.eu\/fr\/wp-json\/wp\/v2\/media\/4138"}],"wp:attachment":[{"href":"https:\/\/www.esla.eu\/fr\/wp-json\/wp\/v2\/media?parent=7740"}],"wp:term":[{"taxonomy":"product_brand","embeddable":true,"href":"https:\/\/www.esla.eu\/fr\/wp-json\/wp\/v2\/product_brand?post=7740"},{"taxonomy":"product_cat","embeddable":true,"href":"https:\/\/www.esla.eu\/fr\/wp-json\/wp\/v2\/product_cat?post=7740"},{"taxonomy":"product_tag","embeddable":true,"href":"https:\/\/www.esla.eu\/fr\/wp-json\/wp\/v2\/product_tag?post=7740"}],"curies":[{"name":"wp","href":"https:\/\/api.w.org\/{rel}","templated":true}]}}