{"id":7741,"date":"2024-03-18T12:53:50","date_gmt":"2024-03-18T11:53:50","guid":{"rendered":"https:\/\/esla.crealogica.eu\/productos\/non class\u00e9\/51528-kit-de-fixation-dechelles-dans-les-gouttieres-utilisable-dans-tous-les-modeles-dechelles-portatives-en-aluminium-inclinables-et-extensibles\/"},"modified":"2024-03-18T12:53:50","modified_gmt":"2024-03-18T11:53:50","slug":"51528-kit-de-fixation-dechelles-dans-les-gouttieres-utilisable-dans-tous-les-modeles-dechelles-portatives-en-aluminium-inclinables-et-extensibles","status":"publish","type":"product","link":"https:\/\/www.esla.eu\/fr\/produits\/accessoires\/fixation-crochets\/51528-kit-de-fixation-dechelles-dans-les-gouttieres-utilisable-dans-tous-les-modeles-dechelles-portatives-en-aluminium-inclinables-et-extensibles\/","title":{"rendered":"51528 &#8211; Kit de fixation d&#8217;\u00e9chelles dans les goutti\u00e8res &#8211; Utilisable dans tous les mod\u00e8les d&#8217;\u00e9chelles portatives en aluminium inclinables et extensibles"},"content":{"rendered":"<p>Kit de fixation d&#8217;\u00e9chelle dans les goutti\u00e8res selon la norme DIN 18461<\/p>\n<p>Utilisable sur tous les mod\u00e8les d&#8217;\u00e9chelles portatives et extensibles en aluminium<\/p>\n<p>Le rev\u00eatement des pinces est en PVC et prot\u00e8ge les goutti\u00e8res des \u00e9ventuels chocs.<\/p>\n","protected":false},"excerpt":{"rendered":"<p>Kit de fixation d&#8217;\u00e9chelle dans les goutti\u00e8res selon la norme DIN 18461 Utilisable sur tous les mod\u00e8les d&#8217;\u00e9chelles portatives et extensibles en aluminium Le rev\u00eatement des pinces est en PVC et prot\u00e8ge les goutti\u00e8res des \u00e9ventuels chocs.<\/p>\n","protected":false},"featured_media":4144,"template":"","meta":{"inline_featured_image":false},"product_brand":[],"product_cat":[224],"product_tag":[],"class_list":{"0":"post-7741","1":"product","2":"type-product","3":"status-publish","4":"has-post-thumbnail","6":"product_cat-fixation-crochets","8":"first","9":"instock","10":"shipping-taxable","11":"product-type-simple"},"_links":{"self":[{"href":"https:\/\/www.esla.eu\/fr\/wp-json\/wp\/v2\/product\/7741","targetHints":{"allow":["GET"]}}],"collection":[{"href":"https:\/\/www.esla.eu\/fr\/wp-json\/wp\/v2\/product"}],"about":[{"href":"https:\/\/www.esla.eu\/fr\/wp-json\/wp\/v2\/types\/product"}],"wp:featuredmedia":[{"embeddable":true,"href":"https:\/\/www.esla.eu\/fr\/wp-json\/wp\/v2\/media\/4144"}],"wp:attachment":[{"href":"https:\/\/www.esla.eu\/fr\/wp-json\/wp\/v2\/media?parent=7741"}],"wp:term":[{"taxonomy":"product_brand","embeddable":true,"href":"https:\/\/www.esla.eu\/fr\/wp-json\/wp\/v2\/product_brand?post=7741"},{"taxonomy":"product_cat","embeddable":true,"href":"https:\/\/www.esla.eu\/fr\/wp-json\/wp\/v2\/product_cat?post=7741"},{"taxonomy":"product_tag","embeddable":true,"href":"https:\/\/www.esla.eu\/fr\/wp-json\/wp\/v2\/product_tag?post=7741"}],"curies":[{"name":"wp","href":"https:\/\/api.w.org\/{rel}","templated":true}]}}