{"id":7742,"date":"2024-03-18T12:55:23","date_gmt":"2024-03-18T11:55:23","guid":{"rendered":"https:\/\/esla.crealogica.eu\/productos\/non class\u00e9\/54008-crochet-seau-utilisable-sur-tous-les-modeles-dechelles-portatives-avec-marche-de-30-mm\/"},"modified":"2024-03-18T12:55:23","modified_gmt":"2024-03-18T11:55:23","slug":"54008-crochet-seau-utilisable-sur-tous-les-modeles-dechelles-portatives-avec-marche-de-30-mm","status":"publish","type":"product","link":"https:\/\/www.esla.eu\/fr\/produits\/accessoires\/fixation-crochets\/54008-crochet-seau-utilisable-sur-tous-les-modeles-dechelles-portatives-avec-marche-de-30-mm\/","title":{"rendered":"54008 &#8211; Crochet seau &#8211; Utilisable sur tous les mod\u00e8les d&#8217;\u00e9chelles portatives avec marche de 30 mm."},"content":{"rendered":"<p>Crochet pour seau<\/p>\n<p>Utilisable sur tous les mod\u00e8les d&#8217;\u00e9chelles portatives avec \u00e9chelons de 30 mm.<\/p>\n<p>Charge maximale 25 kilos<\/p>\n","protected":false},"excerpt":{"rendered":"<p>Crochet pour seau Utilisable sur tous les mod\u00e8les d&#8217;\u00e9chelles portatives avec \u00e9chelons de 30 mm. Charge maximale 25 kilos<\/p>\n","protected":false},"featured_media":4150,"template":"","meta":{"inline_featured_image":false},"product_brand":[],"product_cat":[224],"product_tag":[],"class_list":{"0":"post-7742","1":"product","2":"type-product","3":"status-publish","4":"has-post-thumbnail","6":"product_cat-fixation-crochets","8":"first","9":"instock","10":"shipping-taxable","11":"product-type-simple"},"_links":{"self":[{"href":"https:\/\/www.esla.eu\/fr\/wp-json\/wp\/v2\/product\/7742","targetHints":{"allow":["GET"]}}],"collection":[{"href":"https:\/\/www.esla.eu\/fr\/wp-json\/wp\/v2\/product"}],"about":[{"href":"https:\/\/www.esla.eu\/fr\/wp-json\/wp\/v2\/types\/product"}],"wp:featuredmedia":[{"embeddable":true,"href":"https:\/\/www.esla.eu\/fr\/wp-json\/wp\/v2\/media\/4150"}],"wp:attachment":[{"href":"https:\/\/www.esla.eu\/fr\/wp-json\/wp\/v2\/media?parent=7742"}],"wp:term":[{"taxonomy":"product_brand","embeddable":true,"href":"https:\/\/www.esla.eu\/fr\/wp-json\/wp\/v2\/product_brand?post=7742"},{"taxonomy":"product_cat","embeddable":true,"href":"https:\/\/www.esla.eu\/fr\/wp-json\/wp\/v2\/product_cat?post=7742"},{"taxonomy":"product_tag","embeddable":true,"href":"https:\/\/www.esla.eu\/fr\/wp-json\/wp\/v2\/product_tag?post=7742"}],"curies":[{"name":"wp","href":"https:\/\/api.w.org\/{rel}","templated":true}]}}