{"id":7743,"date":"2024-03-18T12:56:53","date_gmt":"2024-03-18T11:56:53","guid":{"rendered":"https:\/\/esla.crealogica.eu\/productos\/non class\u00e9\/jeu-de-crochets-plats-60-100-150-mm-serie-echelle-en-aluminium-comprise-entre-60-et-83-mm\/"},"modified":"2024-03-18T12:56:53","modified_gmt":"2024-03-18T11:56:53","slug":"jeu-de-crochets-plats-60-100-150-mm-serie-echelle-en-aluminium-comprise-entre-60-et-83-mm","status":"publish","type":"product","link":"https:\/\/www.esla.eu\/fr\/produits\/accessoires\/fixation-crochets\/jeu-de-crochets-plats-60-100-150-mm-serie-echelle-en-aluminium-comprise-entre-60-et-83-mm\/","title":{"rendered":"Jeu de crochets plats 60\/100\/150 mm &#8211; S\u00e9rie \u00e9chelle en aluminium comprise entre 60 et 83 mm"},"content":{"rendered":"<p>Jeu de crochets plats en 3 diam\u00e8tres<\/p>\n<p>54016 60mm<\/p>\n<p>54017 100mm<\/p>\n<p>54018 150mm<\/p>\n<p>S\u00e9rie \u00e9chelles portatives en aluminium avec montants entre 60 et 83 mm<\/p>\n<p>Acier galvanis\u00e9<\/p>\n","protected":false},"excerpt":{"rendered":"<p>Jeu de crochets plats en 3 diam\u00e8tres 54016 60mm 54017 100mm 54018 150mm S\u00e9rie \u00e9chelles portatives en aluminium avec montants entre 60 et 83 mm Acier galvanis\u00e9<\/p>\n","protected":false},"featured_media":0,"template":"","meta":{"inline_featured_image":false},"product_brand":[],"product_cat":[224],"product_tag":[],"class_list":{"0":"post-7743","1":"product","2":"type-product","3":"status-publish","5":"product_cat-fixation-crochets","7":"first","8":"instock","9":"shipping-taxable","10":"product-type-simple"},"_links":{"self":[{"href":"https:\/\/www.esla.eu\/fr\/wp-json\/wp\/v2\/product\/7743","targetHints":{"allow":["GET"]}}],"collection":[{"href":"https:\/\/www.esla.eu\/fr\/wp-json\/wp\/v2\/product"}],"about":[{"href":"https:\/\/www.esla.eu\/fr\/wp-json\/wp\/v2\/types\/product"}],"wp:attachment":[{"href":"https:\/\/www.esla.eu\/fr\/wp-json\/wp\/v2\/media?parent=7743"}],"wp:term":[{"taxonomy":"product_brand","embeddable":true,"href":"https:\/\/www.esla.eu\/fr\/wp-json\/wp\/v2\/product_brand?post=7743"},{"taxonomy":"product_cat","embeddable":true,"href":"https:\/\/www.esla.eu\/fr\/wp-json\/wp\/v2\/product_cat?post=7743"},{"taxonomy":"product_tag","embeddable":true,"href":"https:\/\/www.esla.eu\/fr\/wp-json\/wp\/v2\/product_tag?post=7743"}],"curies":[{"name":"wp","href":"https:\/\/api.w.org\/{rel}","templated":true}]}}