{"id":7745,"date":"2024-04-02T08:37:53","date_gmt":"2024-04-02T06:37:53","guid":{"rendered":"https:\/\/esla.crealogica.eu\/productos\/non class\u00e9\/a03020000-chaine-de-protection-dorsale-serie-10100-10103-10105-10200-10205\/"},"modified":"2024-04-02T08:37:53","modified_gmt":"2024-04-02T06:37:53","slug":"a03020000-chaine-de-protection-dorsale-serie-10100-10103-10105-10200-10205","status":"publish","type":"product","link":"https:\/\/www.esla.eu\/fr\/produits\/accessoires\/complements-fr\/a03020000-chaine-de-protection-dorsale-serie-10100-10103-10105-10200-10205\/","title":{"rendered":"A03020000 &#8211; Cha\u00eene de protection dorsale &#8211; S\u00e9rie 10100 10103 10105 10200 10205"},"content":{"rendered":"<p>Ensemble de protection de cha\u00eene dorsale.<\/p>\n<p>Accessoire utile pour prot\u00e9ger la zone de travail sur la plateforme et \u00e9viter les risques de chute.<\/p>\n<p>S\u00e9ries 10100-10103-10105-10200-10205<\/p>\n","protected":false},"excerpt":{"rendered":"<p>Ensemble de protection de cha\u00eene dorsale. Accessoire utile pour prot\u00e9ger la zone de travail sur la plateforme et \u00e9viter les risques de chute. S\u00e9ries 10100-10103-10105-10200-10205<\/p>\n","protected":false},"featured_media":0,"template":"","meta":{"inline_featured_image":false},"product_brand":[],"product_cat":[225],"product_tag":[],"class_list":{"0":"post-7745","1":"product","2":"type-product","3":"status-publish","5":"product_cat-complements-fr","7":"first","8":"instock","9":"shipping-taxable","10":"product-type-simple"},"_links":{"self":[{"href":"https:\/\/www.esla.eu\/fr\/wp-json\/wp\/v2\/product\/7745","targetHints":{"allow":["GET"]}}],"collection":[{"href":"https:\/\/www.esla.eu\/fr\/wp-json\/wp\/v2\/product"}],"about":[{"href":"https:\/\/www.esla.eu\/fr\/wp-json\/wp\/v2\/types\/product"}],"wp:attachment":[{"href":"https:\/\/www.esla.eu\/fr\/wp-json\/wp\/v2\/media?parent=7745"}],"wp:term":[{"taxonomy":"product_brand","embeddable":true,"href":"https:\/\/www.esla.eu\/fr\/wp-json\/wp\/v2\/product_brand?post=7745"},{"taxonomy":"product_cat","embeddable":true,"href":"https:\/\/www.esla.eu\/fr\/wp-json\/wp\/v2\/product_cat?post=7745"},{"taxonomy":"product_tag","embeddable":true,"href":"https:\/\/www.esla.eu\/fr\/wp-json\/wp\/v2\/product_tag?post=7745"}],"curies":[{"name":"wp","href":"https:\/\/api.w.org\/{rel}","templated":true}]}}