{"id":7746,"date":"2024-04-02T08:39:05","date_gmt":"2024-04-02T06:39:05","guid":{"rendered":"https:\/\/esla.crealogica.eu\/productos\/non class\u00e9\/separateurs-serie-1060010601-10602-10603\/"},"modified":"2024-04-02T08:39:05","modified_gmt":"2024-04-02T06:39:05","slug":"separateurs-serie-1060010601-10602-10603","status":"publish","type":"product","link":"https:\/\/www.esla.eu\/fr\/produits\/accessoires\/complements-fr\/separateurs-serie-1060010601-10602-10603\/","title":{"rendered":"s\u00e9parateurs &#8211; S\u00e9rie 1060010601 10602 10603"},"content":{"rendered":"<p>Jeu de s\u00e9parateurs<\/p>\n<p>Utilisable pour s\u00e9parer l&#8217;\u00e9chelle en position de travail<\/p>\n<p>S\u00e9rie 10600-10601-10602-10603<\/p>\n","protected":false},"excerpt":{"rendered":"<p>Jeu de s\u00e9parateurs Utilisable pour s\u00e9parer l&#8217;\u00e9chelle en position de travail S\u00e9rie 10600-10601-10602-10603<\/p>\n","protected":false},"featured_media":5065,"template":"","meta":{"inline_featured_image":false},"product_brand":[],"product_cat":[225],"product_tag":[],"class_list":{"0":"post-7746","1":"product","2":"type-product","3":"status-publish","4":"has-post-thumbnail","6":"product_cat-complements-fr","8":"first","9":"instock","10":"shipping-taxable","11":"product-type-simple"},"_links":{"self":[{"href":"https:\/\/www.esla.eu\/fr\/wp-json\/wp\/v2\/product\/7746","targetHints":{"allow":["GET"]}}],"collection":[{"href":"https:\/\/www.esla.eu\/fr\/wp-json\/wp\/v2\/product"}],"about":[{"href":"https:\/\/www.esla.eu\/fr\/wp-json\/wp\/v2\/types\/product"}],"wp:featuredmedia":[{"embeddable":true,"href":"https:\/\/www.esla.eu\/fr\/wp-json\/wp\/v2\/media\/5065"}],"wp:attachment":[{"href":"https:\/\/www.esla.eu\/fr\/wp-json\/wp\/v2\/media?parent=7746"}],"wp:term":[{"taxonomy":"product_brand","embeddable":true,"href":"https:\/\/www.esla.eu\/fr\/wp-json\/wp\/v2\/product_brand?post=7746"},{"taxonomy":"product_cat","embeddable":true,"href":"https:\/\/www.esla.eu\/fr\/wp-json\/wp\/v2\/product_cat?post=7746"},{"taxonomy":"product_tag","embeddable":true,"href":"https:\/\/www.esla.eu\/fr\/wp-json\/wp\/v2\/product_tag?post=7746"}],"curies":[{"name":"wp","href":"https:\/\/api.w.org\/{rel}","templated":true}]}}