{"id":7748,"date":"2024-04-02T08:43:27","date_gmt":"2024-04-02T06:43:27","guid":{"rendered":"https:\/\/esla.crealogica.eu\/productos\/non class\u00e9\/a18700000-kit-de-fixation-serie-10600-10601-10602-10603\/"},"modified":"2024-04-02T08:43:27","modified_gmt":"2024-04-02T06:43:27","slug":"a18700000-kit-de-fixation-serie-10600-10601-10602-10603","status":"publish","type":"product","link":"https:\/\/www.esla.eu\/fr\/produits\/accessoires\/complements-fr\/a18700000-kit-de-fixation-serie-10600-10601-10602-10603\/","title":{"rendered":"A18700000 &#8211; Kit de fixation &#8211; S\u00e9rie 10600 10601 10602 10603"},"content":{"rendered":"<p>Ensemble de pi\u00e8ces de fixation.<br \/>\nUtilisable pour fixer d\u00e9finitivement l&#8217;\u00e9chelle en position de travail.<br \/>\nS\u00e9rie 10600-10601-10602-10603<\/p>\n","protected":false},"excerpt":{"rendered":"<p>Ensemble de pi\u00e8ces de fixation. Utilisable pour fixer d\u00e9finitivement l&#8217;\u00e9chelle en position de travail. S\u00e9rie 10600-10601-10602-10603<\/p>\n","protected":false},"featured_media":5073,"template":"","meta":{"inline_featured_image":false},"product_brand":[],"product_cat":[225],"product_tag":[],"class_list":{"0":"post-7748","1":"product","2":"type-product","3":"status-publish","4":"has-post-thumbnail","6":"product_cat-complements-fr","8":"first","9":"instock","10":"shipping-taxable","11":"product-type-simple"},"_links":{"self":[{"href":"https:\/\/www.esla.eu\/fr\/wp-json\/wp\/v2\/product\/7748","targetHints":{"allow":["GET"]}}],"collection":[{"href":"https:\/\/www.esla.eu\/fr\/wp-json\/wp\/v2\/product"}],"about":[{"href":"https:\/\/www.esla.eu\/fr\/wp-json\/wp\/v2\/types\/product"}],"wp:featuredmedia":[{"embeddable":true,"href":"https:\/\/www.esla.eu\/fr\/wp-json\/wp\/v2\/media\/5073"}],"wp:attachment":[{"href":"https:\/\/www.esla.eu\/fr\/wp-json\/wp\/v2\/media?parent=7748"}],"wp:term":[{"taxonomy":"product_brand","embeddable":true,"href":"https:\/\/www.esla.eu\/fr\/wp-json\/wp\/v2\/product_brand?post=7748"},{"taxonomy":"product_cat","embeddable":true,"href":"https:\/\/www.esla.eu\/fr\/wp-json\/wp\/v2\/product_cat?post=7748"},{"taxonomy":"product_tag","embeddable":true,"href":"https:\/\/www.esla.eu\/fr\/wp-json\/wp\/v2\/product_tag?post=7748"}],"curies":[{"name":"wp","href":"https:\/\/api.w.org\/{rel}","templated":true}]}}