{"id":7752,"date":"2024-04-02T08:50:41","date_gmt":"2024-04-02T06:50:41","guid":{"rendered":"https:\/\/esla.crealogica.eu\/productos\/non class\u00e9\/55008-jeu-de-pince-de-serrage-serie-echelle-en-aluminium-portable\/"},"modified":"2024-04-02T08:50:41","modified_gmt":"2024-04-02T06:50:41","slug":"55008-jeu-de-pince-de-serrage-serie-echelle-en-aluminium-portable","status":"publish","type":"product","link":"https:\/\/www.esla.eu\/fr\/produits\/accessoires\/complements-fr\/55008-jeu-de-pince-de-serrage-serie-echelle-en-aluminium-portable\/","title":{"rendered":"55008 &#8211; Jeu de pince de serrage &#8211; S\u00e9rie \u00e9chelle en aluminium portable"},"content":{"rendered":"<p>Jeu de pinces pour voiture de vache<\/p>\n<p>Equip\u00e9 d&#8217;une serrure \u00e0 cl\u00e9 pour prot\u00e9ger les escaliers contre le vol<\/p>\n","protected":false},"excerpt":{"rendered":"<p>Jeu de pinces pour voiture de vache Equip\u00e9 d&#8217;une serrure \u00e0 cl\u00e9 pour prot\u00e9ger les escaliers contre le vol<\/p>\n","protected":false},"featured_media":5102,"template":"","meta":{"inline_featured_image":false},"product_brand":[],"product_cat":[225],"product_tag":[],"class_list":{"0":"post-7752","1":"product","2":"type-product","3":"status-publish","4":"has-post-thumbnail","6":"product_cat-complements-fr","8":"first","9":"instock","10":"shipping-taxable","11":"product-type-simple"},"_links":{"self":[{"href":"https:\/\/www.esla.eu\/fr\/wp-json\/wp\/v2\/product\/7752","targetHints":{"allow":["GET"]}}],"collection":[{"href":"https:\/\/www.esla.eu\/fr\/wp-json\/wp\/v2\/product"}],"about":[{"href":"https:\/\/www.esla.eu\/fr\/wp-json\/wp\/v2\/types\/product"}],"wp:featuredmedia":[{"embeddable":true,"href":"https:\/\/www.esla.eu\/fr\/wp-json\/wp\/v2\/media\/5102"}],"wp:attachment":[{"href":"https:\/\/www.esla.eu\/fr\/wp-json\/wp\/v2\/media?parent=7752"}],"wp:term":[{"taxonomy":"product_brand","embeddable":true,"href":"https:\/\/www.esla.eu\/fr\/wp-json\/wp\/v2\/product_brand?post=7752"},{"taxonomy":"product_cat","embeddable":true,"href":"https:\/\/www.esla.eu\/fr\/wp-json\/wp\/v2\/product_cat?post=7752"},{"taxonomy":"product_tag","embeddable":true,"href":"https:\/\/www.esla.eu\/fr\/wp-json\/wp\/v2\/product_tag?post=7752"}],"curies":[{"name":"wp","href":"https:\/\/api.w.org\/{rel}","templated":true}]}}