{"id":7753,"date":"2024-04-02T08:52:20","date_gmt":"2024-04-02T06:52:20","guid":{"rendered":"https:\/\/esla.crealogica.eu\/productos\/non class\u00e9\/50378-plateforme-pliante-serie-dechelles-portables-en-aluminium-largeur-interieure-minimum-de-290-mm\/"},"modified":"2024-04-02T08:52:20","modified_gmt":"2024-04-02T06:52:20","slug":"50378-plateforme-pliante-serie-dechelles-portables-en-aluminium-largeur-interieure-minimum-de-290-mm","status":"publish","type":"product","link":"https:\/\/www.esla.eu\/fr\/produits\/accessoires\/complements-fr\/50378-plateforme-pliante-serie-dechelles-portables-en-aluminium-largeur-interieure-minimum-de-290-mm\/","title":{"rendered":"50378 &#8211; Plateforme pliante &#8211; S\u00e9rie d&#8217;\u00e9chelles portables en aluminium largeur int\u00e9rieure minimum de 290 mm"},"content":{"rendered":"<p>Plateforme pliante avec marches de 30 x 30 mm<\/p>\n<p>Escaliers d&#8217;une largeur int\u00e9rieure minimale de 290 mm<\/p>\n<p>Dimensions 300 x 255 mm<\/p>\n","protected":false},"excerpt":{"rendered":"<p>Plateforme pliante avec marches de 30 x 30 mm Escaliers d&#8217;une largeur int\u00e9rieure minimale de 290 mm Dimensions 300 x 255 mm<\/p>\n","protected":false},"featured_media":5108,"template":"","meta":{"inline_featured_image":false},"product_brand":[],"product_cat":[225],"product_tag":[],"class_list":{"0":"post-7753","1":"product","2":"type-product","3":"status-publish","4":"has-post-thumbnail","6":"product_cat-complements-fr","8":"first","9":"instock","10":"shipping-taxable","11":"product-type-simple"},"_links":{"self":[{"href":"https:\/\/www.esla.eu\/fr\/wp-json\/wp\/v2\/product\/7753","targetHints":{"allow":["GET"]}}],"collection":[{"href":"https:\/\/www.esla.eu\/fr\/wp-json\/wp\/v2\/product"}],"about":[{"href":"https:\/\/www.esla.eu\/fr\/wp-json\/wp\/v2\/types\/product"}],"wp:featuredmedia":[{"embeddable":true,"href":"https:\/\/www.esla.eu\/fr\/wp-json\/wp\/v2\/media\/5108"}],"wp:attachment":[{"href":"https:\/\/www.esla.eu\/fr\/wp-json\/wp\/v2\/media?parent=7753"}],"wp:term":[{"taxonomy":"product_brand","embeddable":true,"href":"https:\/\/www.esla.eu\/fr\/wp-json\/wp\/v2\/product_brand?post=7753"},{"taxonomy":"product_cat","embeddable":true,"href":"https:\/\/www.esla.eu\/fr\/wp-json\/wp\/v2\/product_cat?post=7753"},{"taxonomy":"product_tag","embeddable":true,"href":"https:\/\/www.esla.eu\/fr\/wp-json\/wp\/v2\/product_tag?post=7753"}],"curies":[{"name":"wp","href":"https:\/\/api.w.org\/{rel}","templated":true}]}}