{"id":7754,"date":"2024-04-02T08:54:35","date_gmt":"2024-04-02T06:54:35","guid":{"rendered":"https:\/\/esla.crealogica.eu\/productos\/non class\u00e9\/54489-ensemble-de-pieces-dechelle-de-positionnement-pour-les-deniveles-serie-dechelles-portables-en-aluminium-largeur-interieure-minimum-300-mm\/"},"modified":"2024-04-02T08:54:35","modified_gmt":"2024-04-02T06:54:35","slug":"54489-ensemble-de-pieces-dechelle-de-positionnement-pour-les-deniveles-serie-dechelles-portables-en-aluminium-largeur-interieure-minimum-300-mm","status":"publish","type":"product","link":"https:\/\/www.esla.eu\/fr\/produits\/accessoires\/complements-fr\/54489-ensemble-de-pieces-dechelle-de-positionnement-pour-les-deniveles-serie-dechelles-portables-en-aluminium-largeur-interieure-minimum-300-mm\/","title":{"rendered":"54489 &#8211; Ensemble de pi\u00e8ces d&#8217;\u00e9chelle de positionnement pour les d\u00e9nivel\u00e9s &#8211; S\u00e9rie d&#8217;\u00e9chelles portables en aluminium largeur int\u00e9rieure minimum 300 mm"},"content":{"rendered":"<p>Ensemble de pi\u00e8ces de positionnement d&#8217;escalier in\u00e9gal<\/p>\n<p>Pour marches de 30 x 30 mm<\/p>\n<p>Vous pouvez vous procurer un escabeau avec une section extensible pour surmonter une diff\u00e9rence de niveau.<\/p>\n","protected":false},"excerpt":{"rendered":"<p>Ensemble de pi\u00e8ces de positionnement d&#8217;escalier in\u00e9gal Pour marches de 30 x 30 mm Vous pouvez vous procurer un escabeau avec une section extensible pour surmonter une diff\u00e9rence de niveau.<\/p>\n","protected":false},"featured_media":5119,"template":"","meta":{"inline_featured_image":false},"product_brand":[],"product_cat":[225],"product_tag":[],"class_list":{"0":"post-7754","1":"product","2":"type-product","3":"status-publish","4":"has-post-thumbnail","6":"product_cat-complements-fr","8":"first","9":"instock","10":"shipping-taxable","11":"product-type-simple"},"_links":{"self":[{"href":"https:\/\/www.esla.eu\/fr\/wp-json\/wp\/v2\/product\/7754","targetHints":{"allow":["GET"]}}],"collection":[{"href":"https:\/\/www.esla.eu\/fr\/wp-json\/wp\/v2\/product"}],"about":[{"href":"https:\/\/www.esla.eu\/fr\/wp-json\/wp\/v2\/types\/product"}],"wp:featuredmedia":[{"embeddable":true,"href":"https:\/\/www.esla.eu\/fr\/wp-json\/wp\/v2\/media\/5119"}],"wp:attachment":[{"href":"https:\/\/www.esla.eu\/fr\/wp-json\/wp\/v2\/media?parent=7754"}],"wp:term":[{"taxonomy":"product_brand","embeddable":true,"href":"https:\/\/www.esla.eu\/fr\/wp-json\/wp\/v2\/product_brand?post=7754"},{"taxonomy":"product_cat","embeddable":true,"href":"https:\/\/www.esla.eu\/fr\/wp-json\/wp\/v2\/product_cat?post=7754"},{"taxonomy":"product_tag","embeddable":true,"href":"https:\/\/www.esla.eu\/fr\/wp-json\/wp\/v2\/product_tag?post=7754"}],"curies":[{"name":"wp","href":"https:\/\/api.w.org\/{rel}","templated":true}]}}