{"id":7755,"date":"2024-04-02T08:55:47","date_gmt":"2024-04-02T06:55:47","guid":{"rendered":"https:\/\/esla.crealogica.eu\/productos\/non class\u00e9\/54030-sac-a-outils-serie-echelle-portable-en-aluminium-avec-marche-30-x-30-mm\/"},"modified":"2024-04-02T08:55:47","modified_gmt":"2024-04-02T06:55:47","slug":"54030-sac-a-outils-serie-echelle-portable-en-aluminium-avec-marche-30-x-30-mm","status":"publish","type":"product","link":"https:\/\/www.esla.eu\/fr\/produits\/accessoires\/complements-fr\/54030-sac-a-outils-serie-echelle-portable-en-aluminium-avec-marche-30-x-30-mm\/","title":{"rendered":"54030 &#8211; Sac \u00e0 outils &#8211; S\u00e9rie \u00e9chelle portable en aluminium avec marche 30 x 30 mm"},"content":{"rendered":"<p>Sac \u00e0 outils pour \u00e9chelles portatives en aluminium avec marches 30 x 30 mm<\/p>\n<p>Coton de haute qualit\u00e9<\/p>\n<p>\u00c9tui ferm\u00e9 sur les c\u00f4t\u00e9s<\/p>\n<p>Auto-montage avec velcro<\/p>\n","protected":false},"excerpt":{"rendered":"<p>Sac \u00e0 outils pour \u00e9chelles portatives en aluminium avec marches 30 x 30 mm Coton de haute qualit\u00e9 \u00c9tui ferm\u00e9 sur les c\u00f4t\u00e9s Auto-montage avec velcro<\/p>\n","protected":false},"featured_media":5078,"template":"","meta":{"inline_featured_image":false},"product_brand":[],"product_cat":[225],"product_tag":[],"class_list":{"0":"post-7755","1":"product","2":"type-product","3":"status-publish","4":"has-post-thumbnail","6":"product_cat-complements-fr","8":"first","9":"instock","10":"shipping-taxable","11":"product-type-simple"},"_links":{"self":[{"href":"https:\/\/www.esla.eu\/fr\/wp-json\/wp\/v2\/product\/7755","targetHints":{"allow":["GET"]}}],"collection":[{"href":"https:\/\/www.esla.eu\/fr\/wp-json\/wp\/v2\/product"}],"about":[{"href":"https:\/\/www.esla.eu\/fr\/wp-json\/wp\/v2\/types\/product"}],"wp:featuredmedia":[{"embeddable":true,"href":"https:\/\/www.esla.eu\/fr\/wp-json\/wp\/v2\/media\/5078"}],"wp:attachment":[{"href":"https:\/\/www.esla.eu\/fr\/wp-json\/wp\/v2\/media?parent=7755"}],"wp:term":[{"taxonomy":"product_brand","embeddable":true,"href":"https:\/\/www.esla.eu\/fr\/wp-json\/wp\/v2\/product_brand?post=7755"},{"taxonomy":"product_cat","embeddable":true,"href":"https:\/\/www.esla.eu\/fr\/wp-json\/wp\/v2\/product_cat?post=7755"},{"taxonomy":"product_tag","embeddable":true,"href":"https:\/\/www.esla.eu\/fr\/wp-json\/wp\/v2\/product_tag?post=7755"}],"curies":[{"name":"wp","href":"https:\/\/api.w.org\/{rel}","templated":true}]}}