{"id":7759,"date":"2024-04-02T08:59:25","date_gmt":"2024-04-02T06:59:25","guid":{"rendered":"https:\/\/esla.crealogica.eu\/productos\/non class\u00e9\/53761-jeu-de-pointes-serie-echelle-portable-en-aluminium-avec-bloc-exterieur-rond\/"},"modified":"2024-04-02T08:59:25","modified_gmt":"2024-04-02T06:59:25","slug":"53761-jeu-de-pointes-serie-echelle-portable-en-aluminium-avec-bloc-exterieur-rond","status":"publish","type":"product","link":"https:\/\/www.esla.eu\/fr\/produits\/accessoires\/complements-fr\/53761-jeu-de-pointes-serie-echelle-portable-en-aluminium-avec-bloc-exterieur-rond\/","title":{"rendered":"53761 &#8211; Jeu de pointes &#8211; S\u00e9rie \u00e9chelle portable en aluminium avec bloc ext\u00e9rieur rond"},"content":{"rendered":"<p dir=\"ltr\">Jeu de pointes<\/p>\n<p dir=\"ltr\">\u00c9chelle portable en aluminium s\u00e9rie avec bloc ext\u00e9rieur rond<\/p>\n<p dir=\"ltr\">Longueur de la pointe 70 mm<\/p>\n","protected":false},"excerpt":{"rendered":"<p>Jeu de pointes \u00c9chelle portable en aluminium s\u00e9rie avec bloc ext\u00e9rieur rond Longueur de la pointe 70 mm<\/p>\n","protected":false},"featured_media":0,"template":"","meta":{"inline_featured_image":false},"product_brand":[],"product_cat":[225],"product_tag":[],"class_list":{"0":"post-7759","1":"product","2":"type-product","3":"status-publish","5":"product_cat-complements-fr","7":"first","8":"instock","9":"shipping-taxable","10":"product-type-simple"},"_links":{"self":[{"href":"https:\/\/www.esla.eu\/fr\/wp-json\/wp\/v2\/product\/7759","targetHints":{"allow":["GET"]}}],"collection":[{"href":"https:\/\/www.esla.eu\/fr\/wp-json\/wp\/v2\/product"}],"about":[{"href":"https:\/\/www.esla.eu\/fr\/wp-json\/wp\/v2\/types\/product"}],"wp:attachment":[{"href":"https:\/\/www.esla.eu\/fr\/wp-json\/wp\/v2\/media?parent=7759"}],"wp:term":[{"taxonomy":"product_brand","embeddable":true,"href":"https:\/\/www.esla.eu\/fr\/wp-json\/wp\/v2\/product_brand?post=7759"},{"taxonomy":"product_cat","embeddable":true,"href":"https:\/\/www.esla.eu\/fr\/wp-json\/wp\/v2\/product_cat?post=7759"},{"taxonomy":"product_tag","embeddable":true,"href":"https:\/\/www.esla.eu\/fr\/wp-json\/wp\/v2\/product_tag?post=7759"}],"curies":[{"name":"wp","href":"https:\/\/api.w.org\/{rel}","templated":true}]}}