{"id":7776,"date":"2024-04-02T09:14:29","date_gmt":"2024-04-02T07:14:29","guid":{"rendered":"https:\/\/esla.crealogica.eu\/productos\/non class\u00e9\/8953-jeu-de-roues-fixes-serie-4042-8042\/"},"modified":"2024-04-02T09:14:29","modified_gmt":"2024-04-02T07:14:29","slug":"8953-jeu-de-roues-fixes-serie-4042-8042","status":"publish","type":"product","link":"https:\/\/www.esla.eu\/fr\/produits\/accessoires\/roues\/8953-jeu-de-roues-fixes-serie-4042-8042\/","title":{"rendered":"8953 &#8211; Jeu de roues fixes &#8211; S\u00e9rie 4042 8042"},"content":{"rendered":"<p>Jeu de roues fixes s\u00e9rie 4042 8042<\/p>\n<p>Le rev\u00eatement en caoutchouc permet un mouvement confortable de l&#8217;\u00e9chelle<\/p>\n","protected":false},"excerpt":{"rendered":"<p>Jeu de roues fixes s\u00e9rie 4042 8042 Le rev\u00eatement en caoutchouc permet un mouvement confortable de l&#8217;\u00e9chelle<\/p>\n","protected":false},"featured_media":5195,"template":"","meta":{"inline_featured_image":false},"product_brand":[],"product_cat":[230],"product_tag":[],"class_list":{"0":"post-7776","1":"product","2":"type-product","3":"status-publish","4":"has-post-thumbnail","6":"product_cat-roues","8":"first","9":"instock","10":"shipping-taxable","11":"product-type-simple"},"_links":{"self":[{"href":"https:\/\/www.esla.eu\/fr\/wp-json\/wp\/v2\/product\/7776","targetHints":{"allow":["GET"]}}],"collection":[{"href":"https:\/\/www.esla.eu\/fr\/wp-json\/wp\/v2\/product"}],"about":[{"href":"https:\/\/www.esla.eu\/fr\/wp-json\/wp\/v2\/types\/product"}],"wp:featuredmedia":[{"embeddable":true,"href":"https:\/\/www.esla.eu\/fr\/wp-json\/wp\/v2\/media\/5195"}],"wp:attachment":[{"href":"https:\/\/www.esla.eu\/fr\/wp-json\/wp\/v2\/media?parent=7776"}],"wp:term":[{"taxonomy":"product_brand","embeddable":true,"href":"https:\/\/www.esla.eu\/fr\/wp-json\/wp\/v2\/product_brand?post=7776"},{"taxonomy":"product_cat","embeddable":true,"href":"https:\/\/www.esla.eu\/fr\/wp-json\/wp\/v2\/product_cat?post=7776"},{"taxonomy":"product_tag","embeddable":true,"href":"https:\/\/www.esla.eu\/fr\/wp-json\/wp\/v2\/product_tag?post=7776"}],"curies":[{"name":"wp","href":"https:\/\/api.w.org\/{rel}","templated":true}]}}